{"id":323,"date":"2020-01-10T23:13:11","date_gmt":"2020-01-10T23:13:11","guid":{"rendered":"https:\/\/wellnessaspara.com\/?page_id=323"},"modified":"2020-10-06T11:15:42","modified_gmt":"2020-10-06T11:15:42","slug":"who-are-we","status":"publish","type":"page","link":"https:\/\/wellnessaspara.com\/it\/who-are-we\/","title":{"rendered":"Chi siamo?"},"content":{"rendered":"<div data-elementor-type=\"wp-page\" data-elementor-id=\"323\" class=\"elementor elementor-323\">\n\t\t\t\t\t\t<div class=\"elementor-inner\">\n\t\t\t\t<div class=\"elementor-section-wrap\">\n\t\t\t\t\t\t\t\t\t<section class=\"elementor-section elementor-top-section elementor-element elementor-element-eae6aea elementor-section-boxed elementor-section-height-default elementor-section-height-default\" data-id=\"eae6aea\" data-element_type=\"section\">\n\t\t\t\t\t\t<div class=\"elementor-container elementor-column-gap-default\">\n\t\t\t\t\t\t\t<div class=\"elementor-row\">\n\t\t\t\t\t<div class=\"elementor-column elementor-col-100 elementor-top-column elementor-element elementor-element-bf041cc\" data-id=\"bf041cc\" data-element_type=\"column\">\n\t\t\t<div class=\"elementor-column-wrap elementor-element-populated\">\n\t\t\t\t\t\t\t<div class=\"elementor-widget-wrap\">\n\t\t\t\t\t\t<div class=\"elementor-element elementor-element-16b52a7 elementor-widget elementor-widget-heading\" data-id=\"16b52a7\" data-element_type=\"widget\" data-widget_type=\"heading.default\">\n\t\t\t\t<div class=\"elementor-widget-container\">\n\t\t\t<h1 class=\"elementor-heading-title elementor-size-default\">Chi siamo?<\/h1>\t\t<\/div>\n\t\t\t\t<\/div>\n\t\t\t\t\t\t<\/div>\n\t\t\t\t\t<\/div>\n\t\t<\/div>\n\t\t\t\t\t\t\t\t<\/div>\n\t\t\t\t\t<\/div>\n\t\t<\/section>\n\t\t\t\t<section class=\"elementor-section elementor-top-section elementor-element elementor-element-694ffc4 elementor-section-boxed elementor-section-height-default elementor-section-height-default\" data-id=\"694ffc4\" data-element_type=\"section\">\n\t\t\t\t\t\t<div class=\"elementor-container elementor-column-gap-default\">\n\t\t\t\t\t\t\t<div class=\"elementor-row\">\n\t\t\t\t\t<div class=\"elementor-column elementor-col-50 elementor-top-column elementor-element elementor-element-30378e0\" data-id=\"30378e0\" data-element_type=\"column\">\n\t\t\t<div class=\"elementor-column-wrap elementor-element-populated\">\n\t\t\t\t\t\t\t<div class=\"elementor-widget-wrap\">\n\t\t\t\t\t\t<div class=\"elementor-element elementor-element-2f460ef elementor-widget elementor-widget-heading\" data-id=\"2f460ef\" data-element_type=\"widget\" data-widget_type=\"heading.default\">\n\t\t\t\t<div class=\"elementor-widget-container\">\n\t\t\t<h2 class=\"elementor-heading-title elementor-size-default\">\nCHI SIAMO?\n<\/h2>\t\t<\/div>\n\t\t\t\t<\/div>\n\t\t\t\t<div class=\"elementor-element elementor-element-c0030c1 elementor-widget elementor-widget-text-editor\" data-id=\"c0030c1\" data-element_type=\"widget\" data-widget_type=\"text-editor.default\">\n\t\t\t\t<div class=\"elementor-widget-container\">\n\t\t\t\t\t\t\t\t<div class=\"elementor-text-editor elementor-clearfix\">\n\t\t\t\t<p>Siamo una famiglia benessere, che ha iniziato ad operare nel 2015 ed \u00e8 sotto l'egida del direttore Dino Ivanu\u0161. Un centro moderno ed elegante con un orecchio, completamente dedicato ad acquisire il senso della vita. Qualit\u00e0 e professionalit\u00e0 sono i nostri principi guida, per questo offriamo una vasta gamma di servizi che eliminano i problemi comuni come lo stress, l'insoddisfazione personale, le difficolt\u00e0 nel superare gli sforzi quotidiani.<br \/>Visitate il nostro fitness o la palestra, il salone di bellezza con eccellenti massaggi, concedetevi una cura del viso, del corpo, delle mani o delle unghie e una pedicure estremamente importante. Ci prendiamo cura di una bella carnagione abbronzata in uno studio soleggiato.<\/p>\t\t\t\t\t<\/div>\n\t\t\t\t\t\t<\/div>\n\t\t\t\t<\/div>\n\t\t\t\t<div class=\"elementor-element elementor-element-c8cbc03 elementor-widget elementor-widget-heading\" data-id=\"c8cbc03\" data-element_type=\"widget\" data-widget_type=\"heading.default\">\n\t\t\t\t<div class=\"elementor-widget-container\">\n\t\t\t<h2 class=\"elementor-heading-title elementor-size-default\">\nE non \u00e8 tutto!<\/h2>\t\t<\/div>\n\t\t\t\t<\/div>\n\t\t\t\t<div class=\"elementor-element elementor-element-41d8730 elementor-widget elementor-widget-text-editor\" data-id=\"41d8730\" data-element_type=\"widget\" data-widget_type=\"text-editor.default\">\n\t\t\t\t<div class=\"elementor-widget-container\">\n\t\t\t\t\t\t\t\t<div class=\"elementor-text-editor elementor-clearfix\">\n\t\t\t\t<p>Portate una persona vicina a voi per un ROMANTIC JUMP in uno spazio privato e rilassatevi con un bicchiere di spumante. Se rafforzare la vostra salute significa molto per voi, abbiamo un mondo di saune elegantemente attrezzate per voi, che si estende per oltre 200m2.<br \/>Si prende cura anche dei vostri piccoli, con l'intera organizzazione di una festa di compleanno indimenticabile.<br \/><br \/><em><b>Aspara TEAM vas vabi!<\/b><\/em><\/p>\t\t\t\t\t<\/div>\n\t\t\t\t\t\t<\/div>\n\t\t\t\t<\/div>\n\t\t\t\t\t\t<\/div>\n\t\t\t\t\t<\/div>\n\t\t<\/div>\n\t\t\t\t<div class=\"elementor-column elementor-col-50 elementor-top-column elementor-element elementor-element-08a9b5f\" data-id=\"08a9b5f\" data-element_type=\"column\">\n\t\t\t<div class=\"elementor-column-wrap elementor-element-populated\">\n\t\t\t\t\t\t\t<div class=\"elementor-widget-wrap\">\n\t\t\t\t\t\t<div class=\"elementor-element elementor-element-bf77261 elementor-widget elementor-widget-image\" data-id=\"bf77261\" data-element_type=\"widget\" data-widget_type=\"image.default\">\n\t\t\t\t<div class=\"elementor-widget-container\">\n\t\t\t\t\t\t\t\t<div class=\"elementor-image\">\n\t\t\t\t\t\t\t\t\t\t\t\t\t<a href=\"https:\/\/wellnessaspara.com\/wp-content\/uploads\/2020\/01\/Fitnes-i-Wellness-Aspara-Team.jpg\" data-elementor-open-lightbox=\"yes\" data-elementor-lightbox-title=\"Fitness and Wellness Aspara Team\" data-elementor-lightbox-description=\"Fitness and Wellness Aspara Team. Visit our fitness or gym, beauty salon with excellent massages, treat yourself to face, body, hand or nail care and a very important pedicure.\" data-e-action-hash=\"#elementor-action%3Aaction%3Dlightbox%26settings%3DeyJpZCI6ODEyLCJ1cmwiOiJodHRwczpcL1wvd2VsbG5lc3Nhc3BhcmEuY29tXC93cC1jb250ZW50XC91cGxvYWRzXC8yMDIwXC8wMVwvRml0bmVzLWktV2VsbG5lc3MtQXNwYXJhLVRlYW0uanBnIn0%3D\">\n\t\t\t\t\t\t\t<img decoding=\"async\" width=\"300\" height=\"207\" src=\"https:\/\/wellnessaspara.com\/wp-content\/uploads\/2020\/01\/Fitnes-i-Wellness-Aspara-Team-300x207.jpg\" class=\"attachment-medium size-medium wp-image-812\" alt=\"Fitness and Wellness Aspara Team\" loading=\"lazy\" srcset=\"https:\/\/wellnessaspara.com\/wp-content\/uploads\/2020\/01\/Fitnes-i-Wellness-Aspara-Team-300x207.jpg 300w, https:\/\/wellnessaspara.com\/wp-content\/uploads\/2020\/01\/Fitnes-i-Wellness-Aspara-Team-768x530.jpg 768w, https:\/\/wellnessaspara.com\/wp-content\/uploads\/2020\/01\/Fitnes-i-Wellness-Aspara-Team.jpg 928w\" sizes=\"(max-width: 300px) 100vw, 300px\" \/>\t\t\t\t\t\t\t\t<\/a>\n\t\t\t\t\t\t\t\t\t\t\t\t\t\t<\/div>\n\t\t\t\t\t\t<\/div>\n\t\t\t\t<\/div>\n\t\t\t\t<div class=\"elementor-element elementor-element-352d2bb elementor-align-center elementor-widget elementor-widget-button\" data-id=\"352d2bb\" data-element_type=\"widget\" data-widget_type=\"button.default\">\n\t\t\t\t<div class=\"elementor-widget-container\">\n\t\t\t\t\t<div class=\"elementor-button-wrapper\">\n\t\t\t<a href=\"https:\/\/wellnessaspara.com\/it\/contact\/\" class=\"elementor-button-link elementor-button elementor-size-lg\" role=\"button\">\n\t\t\t\t\t\t<span class=\"elementor-button-content-wrapper\">\n\t\t\t\t\t\t<span class=\"elementor-button-text\"> CONTATTI<\/span>\n\t\t<\/span>\n\t\t\t\t\t<\/a>\n\t\t<\/div>\n\t\t\t\t<\/div>\n\t\t\t\t<\/div>\n\t\t\t\t<div class=\"elementor-element elementor-element-84b289b elementor-widget elementor-widget-image\" data-id=\"84b289b\" data-element_type=\"widget\" data-widget_type=\"image.default\">\n\t\t\t\t<div class=\"elementor-widget-container\">\n\t\t\t\t\t\t\t\t<div class=\"elementor-image\">\n\t\t\t\t\t\t\t\t\t\t\t\t<img decoding=\"async\" width=\"162\" height=\"162\" src=\"https:\/\/wellnessaspara.com\/wp-content\/uploads\/2020\/01\/Fitnes-i-Wellness-Aspara-Bonitet.png\" class=\"attachment-medium size-medium wp-image-809\" alt=\"Fitness and Wellness Aspara Bonitet\" loading=\"lazy\" srcset=\"https:\/\/wellnessaspara.com\/wp-content\/uploads\/2020\/01\/Fitnes-i-Wellness-Aspara-Bonitet.png 162w, https:\/\/wellnessaspara.com\/wp-content\/uploads\/2020\/01\/Fitnes-i-Wellness-Aspara-Bonitet-150x150.png 150w, https:\/\/wellnessaspara.com\/wp-content\/uploads\/2020\/01\/Fitnes-i-Wellness-Aspara-Bonitet-100x100.png 100w\" sizes=\"(max-width: 162px) 100vw, 162px\" \/>\t\t\t\t\t\t\t\t\t\t\t\t\t\t<\/div>\n\t\t\t\t\t\t<\/div>\n\t\t\t\t<\/div>\n\t\t\t\t\t\t<\/div>\n\t\t\t\t\t<\/div>\n\t\t<\/div>\n\t\t\t\t\t\t\t\t<\/div>\n\t\t\t\t\t<\/div>\n\t\t<\/section>\n\t\t\t\t<section class=\"elementor-section elementor-top-section elementor-element elementor-element-2f07a44 elementor-section-boxed elementor-section-height-default elementor-section-height-default\" data-id=\"2f07a44\" data-element_type=\"section\">\n\t\t\t\t\t\t<div class=\"elementor-container elementor-column-gap-default\">\n\t\t\t\t\t\t\t<div class=\"elementor-row\">\n\t\t\t\t\t<div class=\"elementor-column elementor-col-100 elementor-top-column elementor-element elementor-element-dcf28c9\" data-id=\"dcf28c9\" data-element_type=\"column\">\n\t\t\t<div class=\"elementor-column-wrap elementor-element-populated\">\n\t\t\t\t\t\t\t<div class=\"elementor-widget-wrap\">\n\t\t\t\t\t\t<div class=\"elementor-element elementor-element-41d110f elementor-icon-list--layout-traditional elementor-list-item-link-full_width elementor-widget elementor-widget-icon-list\" data-id=\"41d110f\" data-element_type=\"widget\" data-widget_type=\"icon-list.default\">\n\t\t\t\t<div class=\"elementor-widget-container\">\n\t\t\t\t\t<ul class=\"elementor-icon-list-items\">\n\t\t\t\t\t\t\t<li class=\"elementor-icon-list-item\">\n\t\t\t\t\t\t\t\t\t\t\t<span class=\"elementor-icon-list-icon\">\n\t\t\t\t\t\t\t<i aria-hidden=\"true\" class=\"fas fa-circle\"><\/i>\t\t\t\t\t\t<\/span>\n\t\t\t\t\t\t\t\t\t\t<span class=\"elementor-icon-list-text\">Dino &amp; Dino, Dino Ivanu\u0161a s.p. Ljubljanska cesta 91a, 3000 Celje Id. per IVA: SI630 877 40<\/span>\n\t\t\t\t\t\t\t\t\t<\/li>\n\t\t\t\t\t\t<\/ul>\n\t\t\t\t<\/div>\n\t\t\t\t<\/div>\n\t\t\t\t\t\t<\/div>\n\t\t\t\t\t<\/div>\n\t\t<\/div>\n\t\t\t\t\t\t\t\t<\/div>\n\t\t\t\t\t<\/div>\n\t\t<\/section>\n\t\t\t\t\t\t\t\t\t<\/div>\n\t\t\t<\/div>\n\t\t\t\t\t<\/div>","protected":false},"excerpt":{"rendered":"<p>Kdo smo? KDO SMO? Smo dru\u017einski wellness, ki je pri\u010del z delovanjem leta 2015 in je pod okriljem direktorja Dina Ivanu\u0161a. Sodoben in eleganten center s posluhom, je popolnoma posve\u010den nabiranju smisla \u017eivljenja. Kakovost in strokovnost sta na\u0161e vodilo, zato nudimo \u0161irok nabor storitev, s katerimi odpravljamo pogoste te\u017eave, kot[&#8230;]<\/p>","protected":false},"author":1,"featured_media":1511,"parent":0,"menu_order":0,"comment_status":"closed","ping_status":"closed","template":"template-builder.php","meta":[],"_links":{"self":[{"href":"https:\/\/wellnessaspara.com\/it\/wp-json\/wp\/v2\/pages\/323"}],"collection":[{"href":"https:\/\/wellnessaspara.com\/it\/wp-json\/wp\/v2\/pages"}],"about":[{"href":"https:\/\/wellnessaspara.com\/it\/wp-json\/wp\/v2\/types\/page"}],"author":[{"embeddable":true,"href":"https:\/\/wellnessaspara.com\/it\/wp-json\/wp\/v2\/users\/1"}],"replies":[{"embeddable":true,"href":"https:\/\/wellnessaspara.com\/it\/wp-json\/wp\/v2\/comments?post=323"}],"version-history":[{"count":7,"href":"https:\/\/wellnessaspara.com\/it\/wp-json\/wp\/v2\/pages\/323\/revisions"}],"predecessor-version":[{"id":2739,"href":"https:\/\/wellnessaspara.com\/it\/wp-json\/wp\/v2\/pages\/323\/revisions\/2739"}],"wp:featuredmedia":[{"embeddable":true,"href":"https:\/\/wellnessaspara.com\/it\/wp-json\/wp\/v2\/media\/1511"}],"wp:attachment":[{"href":"https:\/\/wellnessaspara.com\/it\/wp-json\/wp\/v2\/media?parent=323"}],"curies":[{"name":"wp","href":"https:\/\/api.w.org\/{rel}","templated":true}]}}