{"id":288,"date":"2020-01-10T22:55:27","date_gmt":"2020-01-10T22:55:27","guid":{"rendered":"https:\/\/wellnessaspara.com\/?page_id=288"},"modified":"2020-10-06T10:50:56","modified_gmt":"2020-10-06T10:50:56","slug":"birthdays-for-kids","status":"publish","type":"page","link":"https:\/\/wellnessaspara.com\/it\/birthdays-for-kids\/","title":{"rendered":"Compleanni per i bambini"},"content":{"rendered":"<div data-elementor-type=\"wp-page\" data-elementor-id=\"288\" class=\"elementor elementor-288\">\n\t\t\t\t\t\t<div class=\"elementor-inner\">\n\t\t\t\t<div class=\"elementor-section-wrap\">\n\t\t\t\t\t\t\t\t\t<section class=\"elementor-section elementor-top-section elementor-element elementor-element-aafadd0 elementor-section-boxed elementor-section-height-default elementor-section-height-default\" data-id=\"aafadd0\" data-element_type=\"section\">\n\t\t\t\t\t\t<div class=\"elementor-container elementor-column-gap-default\">\n\t\t\t\t\t\t\t<div class=\"elementor-row\">\n\t\t\t\t\t<div class=\"elementor-column elementor-col-100 elementor-top-column elementor-element elementor-element-6957a5d\" data-id=\"6957a5d\" data-element_type=\"column\">\n\t\t\t<div class=\"elementor-column-wrap elementor-element-populated\">\n\t\t\t\t\t\t\t<div class=\"elementor-widget-wrap\">\n\t\t\t\t\t\t<div class=\"elementor-element elementor-element-0c589ad elementor-widget elementor-widget-heading\" data-id=\"0c589ad\" data-element_type=\"widget\" data-widget_type=\"heading.default\">\n\t\t\t\t<div class=\"elementor-widget-container\">\n\t\t\t<h1 class=\"elementor-heading-title elementor-size-default\">Compleanni per i bambini<\/h1>\t\t<\/div>\n\t\t\t\t<\/div>\n\t\t\t\t\t\t<\/div>\n\t\t\t\t\t<\/div>\n\t\t<\/div>\n\t\t\t\t\t\t\t\t<\/div>\n\t\t\t\t\t<\/div>\n\t\t<\/section>\n\t\t\t\t<section class=\"elementor-section elementor-top-section elementor-element elementor-element-365d8a2 elementor-section-boxed elementor-section-height-default elementor-section-height-default\" data-id=\"365d8a2\" data-element_type=\"section\">\n\t\t\t\t\t\t<div class=\"elementor-container elementor-column-gap-default\">\n\t\t\t\t\t\t\t<div class=\"elementor-row\">\n\t\t\t\t\t<div class=\"elementor-column elementor-col-100 elementor-top-column elementor-element elementor-element-8924bbb\" data-id=\"8924bbb\" data-element_type=\"column\">\n\t\t\t<div class=\"elementor-column-wrap elementor-element-populated\">\n\t\t\t\t\t\t\t<div class=\"elementor-widget-wrap\">\n\t\t\t\t\t\t<div class=\"elementor-element elementor-element-f255ff5 elementor-widget elementor-widget-text-editor\" data-id=\"f255ff5\" data-element_type=\"widget\" data-widget_type=\"text-editor.default\">\n\t\t\t\t<div class=\"elementor-widget-container\">\n\t\t\t\t\t\t\t\t<div class=\"elementor-text-editor elementor-clearfix\">\n\t\t\t\t<p><span class=\"elementor-icon-list-text elementor-inline-editing pen\" contenteditable=\"true\" data-elementor-setting-key=\"icon_list.0.text\" data-pen-placeholder=\"Type Here...\">Vivere un compleanno in modo diverso. Lasciate a noi la cura dei bambini.<br \/>Lasciateli divertire e festeggiare in modo sportivo<\/span><\/p>\t\t\t\t\t<\/div>\n\t\t\t\t\t\t<\/div>\n\t\t\t\t<\/div>\n\t\t\t\t\t\t<\/div>\n\t\t\t\t\t<\/div>\n\t\t<\/div>\n\t\t\t\t\t\t\t\t<\/div>\n\t\t\t\t\t<\/div>\n\t\t<\/section>\n\t\t\t\t<section class=\"elementor-section elementor-top-section elementor-element elementor-element-7c94456 elementor-section-boxed elementor-section-height-default elementor-section-height-default\" data-id=\"7c94456\" data-element_type=\"section\" data-settings=\"{&quot;background_background&quot;:&quot;classic&quot;}\">\n\t\t\t\t\t\t\t<div class=\"elementor-background-overlay\"><\/div>\n\t\t\t\t\t\t\t<div class=\"elementor-container elementor-column-gap-default\">\n\t\t\t\t\t\t\t<div class=\"elementor-row\">\n\t\t\t\t\t<div class=\"elementor-column elementor-col-100 elementor-top-column elementor-element elementor-element-1f5e002\" data-id=\"1f5e002\" data-element_type=\"column\">\n\t\t\t<div class=\"elementor-column-wrap elementor-element-populated\">\n\t\t\t\t\t\t\t<div class=\"elementor-widget-wrap\">\n\t\t\t\t\t\t<div class=\"elementor-element elementor-element-7bf0430 elementor-widget elementor-widget-toggle\" data-id=\"7bf0430\" data-element_type=\"widget\" data-widget_type=\"toggle.default\">\n\t\t\t\t<div class=\"elementor-widget-container\">\n\t\t\t\t\t<div class=\"elementor-toggle\" role=\"tablist\">\n\t\t\t\t\t\t\t<div class=\"elementor-toggle-item\">\n\t\t\t\t\t<div id=\"elementor-tab-title-1291\" class=\"elementor-tab-title\" data-tab=\"1\" role=\"tab\" aria-controls=\"elementor-tab-content-1291\" aria-expanded=\"false\">\n\t\t\t\t\t\t\t\t\t\t\t\t<span class=\"elementor-toggle-icon elementor-toggle-icon-left\" aria-hidden=\"true\">\n\t\t\t\t\t\t\t\t\t\t\t\t\t\t\t<span class=\"elementor-toggle-icon-closed\"><i class=\"fas fa-plus\"><\/i><\/span>\n\t\t\t\t\t\t\t\t<span class=\"elementor-toggle-icon-opened\"><i class=\"elementor-toggle-icon-opened fas fa-minus\"><\/i><\/span>\n\t\t\t\t\t\t\t\t\t\t\t\t\t<\/span>\n\t\t\t\t\t\t\t\t\t\t\t\t<a href=\"\" class=\"elementor-toggle-title\"> Una festa di compleanno per i nostri piccoli | 150\u20ac<\/a>\n\t\t\t\t\t<\/div>\n\n\t\t\t\t\t<div id=\"elementor-tab-content-1291\" class=\"elementor-tab-content elementor-clearfix\" data-tab=\"1\" role=\"tabpanel\" aria-labelledby=\"elementor-tab-title-1291\"><p style=\"padding-left: 40px;\"><strong> La celebrazione include:<\/strong><\/p><p>- Festa di compleanno per un massimo di 12 bambini<br \/>- Inviti a tema<br \/>- Pizza per tutti i bambini (classica o margarita)<br \/>- Torta (di frutta o di cioccolato)<br \/>- Succhi di frutta e acqua<br \/>- Una dolce sorpresa in una scatola dei desideri<br \/>- Animazione guidata di tutta la celebrazione<br \/>- Scattare foto con foto su CD o posta<\/p><p style=\"padding-left: 40px;\"><strong> Supplementi <\/strong> | <strong> \u20ac 13<br \/><\/strong> - Per pi\u00f9 di 12 bambini, \u00e8 previsto un supplemento per ogni bambino<\/p><\/div>\n\t\t\t\t<\/div>\n\t\t\t\t\t\t\t\t<\/div>\n\t\t\t\t<\/div>\n\t\t\t\t<\/div>\n\t\t\t\t\t\t<\/div>\n\t\t\t\t\t<\/div>\n\t\t<\/div>\n\t\t\t\t\t\t\t\t<\/div>\n\t\t\t\t\t<\/div>\n\t\t<\/section>\n\t\t\t\t<section class=\"elementor-section elementor-top-section elementor-element elementor-element-8702d67 elementor-section-boxed elementor-section-height-default elementor-section-height-default\" data-id=\"8702d67\" data-element_type=\"section\">\n\t\t\t\t\t\t<div class=\"elementor-container elementor-column-gap-default\">\n\t\t\t\t\t\t\t<div class=\"elementor-row\">\n\t\t\t\t\t<div class=\"elementor-column elementor-col-100 elementor-top-column elementor-element elementor-element-3cff2ad\" data-id=\"3cff2ad\" data-element_type=\"column\">\n\t\t\t<div class=\"elementor-column-wrap elementor-element-populated\">\n\t\t\t\t\t\t\t<div class=\"elementor-widget-wrap\">\n\t\t\t\t\t\t<div class=\"elementor-element elementor-element-fa77a07 elementor-widget elementor-widget-gallery\" data-id=\"fa77a07\" data-element_type=\"widget\" data-settings=\"{&quot;image_hover_animation&quot;:&quot;shrink-contained&quot;,&quot;columns&quot;:3,&quot;columns_tablet&quot;:3,&quot;lazyload&quot;:&quot;yes&quot;,&quot;gallery_layout&quot;:&quot;grid&quot;,&quot;columns_mobile&quot;:1,&quot;gap&quot;:{&quot;unit&quot;:&quot;px&quot;,&quot;size&quot;:10,&quot;sizes&quot;:[]},&quot;gap_tablet&quot;:{&quot;unit&quot;:&quot;px&quot;,&quot;size&quot;:10,&quot;sizes&quot;:[]},&quot;gap_mobile&quot;:{&quot;unit&quot;:&quot;px&quot;,&quot;size&quot;:10,&quot;sizes&quot;:[]},&quot;link_to&quot;:&quot;file&quot;,&quot;aspect_ratio&quot;:&quot;3:2&quot;,&quot;overlay_background&quot;:&quot;yes&quot;,&quot;content_hover_animation&quot;:&quot;fade-in&quot;}\" data-widget_type=\"gallery.default\">\n\t\t\t\t<div class=\"elementor-widget-container\">\n\t\t\t\t\t<div class=\"elementor-gallery__container\">\n\t\t\t\t\t\t\t<a class=\"e-gallery-item elementor-gallery-item elementor-animated-content\" href=\"https:\/\/wellnessaspara.com\/wp-content\/uploads\/2020\/01\/Aspara-Rojstni-dnevi-za-otroke-4.jpg\" data-elementor-open-lightbox=\"yes\" data-elementor-lightbox-slideshow=\"all-fa77a07\" data-elementor-lightbox-title=\"Aspara Birthdays for children\" data-elementor-lightbox-description=\"Aspara Birthdays for children. Experiencing a birthday in a different way. Leave the care of the children to us. Let them have fun and celebrate in a sporty way.\" data-e-action-hash=\"#elementor-action%3Aaction%3Dlightbox%26settings%3DeyJpZCI6NTMxLCJ1cmwiOiJodHRwczpcL1wvd2VsbG5lc3Nhc3BhcmEuY29tXC93cC1jb250ZW50XC91cGxvYWRzXC8yMDIwXC8wMVwvQXNwYXJhLVJvanN0bmktZG5ldmktemEtb3Ryb2tlLTQuanBnIiwic2xpZGVzaG93IjoiYWxsLWZhNzdhMDcifQ%3D%3D\">\n\t\t\t\t\t<div class=\"e-gallery-image elementor-gallery-item__image\" data-thumbnail=\"https:\/\/wellnessaspara.com\/wp-content\/uploads\/2020\/01\/Aspara-Rojstni-dnevi-za-otroke-4.jpg\" data-width=\"1024\" data-height=\"576\" aria-label=\"Aspara Compleanni per bambini\" role=\"img\" ><\/div>\n\t\t\t\t\t\t\t\t\t\t\t<div class=\"elementor-gallery-item__overlay\"><\/div>\n\t\t\t\t\t\t\t\t\t\t\t\t\t\t<\/a>\n\t\t\t\t\t\t\t<a class=\"e-gallery-item elementor-gallery-item elementor-animated-content\" href=\"https:\/\/wellnessaspara.com\/wp-content\/uploads\/2020\/01\/Aspara-Rojstni-dnevi-za-otroke-3.jpg\" data-elementor-open-lightbox=\"yes\" data-elementor-lightbox-slideshow=\"all-fa77a07\" data-elementor-lightbox-title=\"Aspara Birthdays for children\" data-elementor-lightbox-description=\"Aspara Birthdays for children. Experiencing a birthday in a different way. Leave the care of the children to us. Let them have fun and celebrate in a sporty way.\" data-e-action-hash=\"#elementor-action%3Aaction%3Dlightbox%26settings%3DeyJpZCI6NTMwLCJ1cmwiOiJodHRwczpcL1wvd2VsbG5lc3Nhc3BhcmEuY29tXC93cC1jb250ZW50XC91cGxvYWRzXC8yMDIwXC8wMVwvQXNwYXJhLVJvanN0bmktZG5ldmktemEtb3Ryb2tlLTMuanBnIiwic2xpZGVzaG93IjoiYWxsLWZhNzdhMDcifQ%3D%3D\">\n\t\t\t\t\t<div class=\"e-gallery-image elementor-gallery-item__image\" data-thumbnail=\"https:\/\/wellnessaspara.com\/wp-content\/uploads\/2020\/01\/Aspara-Rojstni-dnevi-za-otroke-3.jpg\" data-width=\"1024\" data-height=\"576\" aria-label=\"Aspara Compleanni per bambini\" role=\"img\" ><\/div>\n\t\t\t\t\t\t\t\t\t\t\t<div class=\"elementor-gallery-item__overlay\"><\/div>\n\t\t\t\t\t\t\t\t\t\t\t\t\t\t<\/a>\n\t\t\t\t\t\t\t<a class=\"e-gallery-item elementor-gallery-item elementor-animated-content\" href=\"https:\/\/wellnessaspara.com\/wp-content\/uploads\/2020\/01\/Aspara-Rojstni-dnevi-za-otroke-2.jpg\" data-elementor-open-lightbox=\"yes\" data-elementor-lightbox-slideshow=\"all-fa77a07\" data-elementor-lightbox-title=\"Aspara Birthdays for children\" data-elementor-lightbox-description=\"Aspara Birthdays for children. Experiencing a birthday in a different way. Leave the care of the children to us. Let them have fun and celebrate in a sporty way.\" data-e-action-hash=\"#elementor-action%3Aaction%3Dlightbox%26settings%3DeyJpZCI6NTMyLCJ1cmwiOiJodHRwczpcL1wvd2VsbG5lc3Nhc3BhcmEuY29tXC93cC1jb250ZW50XC91cGxvYWRzXC8yMDIwXC8wMVwvQXNwYXJhLVJvanN0bmktZG5ldmktemEtb3Ryb2tlLTIuanBnIiwic2xpZGVzaG93IjoiYWxsLWZhNzdhMDcifQ%3D%3D\">\n\t\t\t\t\t<div class=\"e-gallery-image elementor-gallery-item__image\" data-thumbnail=\"https:\/\/wellnessaspara.com\/wp-content\/uploads\/2020\/01\/Aspara-Rojstni-dnevi-za-otroke-2.jpg\" data-width=\"1024\" data-height=\"576\" aria-label=\"Aspara Compleanni per bambini\" role=\"img\" ><\/div>\n\t\t\t\t\t\t\t\t\t\t\t<div class=\"elementor-gallery-item__overlay\"><\/div>\n\t\t\t\t\t\t\t\t\t\t\t\t\t\t<\/a>\n\t\t\t\t\t<\/div>\n\t\t\t<\/div>\n\t\t\t\t<\/div>\n\t\t\t\t\t\t<\/div>\n\t\t\t\t\t<\/div>\n\t\t<\/div>\n\t\t\t\t\t\t\t\t<\/div>\n\t\t\t\t\t<\/div>\n\t\t<\/section>\n\t\t\t\t<section class=\"elementor-section elementor-top-section elementor-element elementor-element-2061031 elementor-section-boxed elementor-section-height-default elementor-section-height-default\" data-id=\"2061031\" data-element_type=\"section\">\n\t\t\t\t\t\t<div class=\"elementor-container elementor-column-gap-default\">\n\t\t\t\t\t\t\t<div class=\"elementor-row\">\n\t\t\t\t\t<div class=\"elementor-column elementor-col-100 elementor-top-column elementor-element elementor-element-e03ecbd\" data-id=\"e03ecbd\" data-element_type=\"column\">\n\t\t\t<div class=\"elementor-column-wrap elementor-element-populated\">\n\t\t\t\t\t\t\t<div class=\"elementor-widget-wrap\">\n\t\t\t\t\t\t<div class=\"elementor-element elementor-element-63e0399 elementor-widget elementor-widget-heading\" data-id=\"63e0399\" data-element_type=\"widget\" data-widget_type=\"heading.default\">\n\t\t\t\t<div class=\"elementor-widget-container\">\n\t\t\t<h2 class=\"elementor-heading-title elementor-size-default\">Lasciatemi ballare, disegnare e giocare con i miei amici il giorno del mio compleanno.<\/h2>\t\t<\/div>\n\t\t\t\t<\/div>\n\t\t\t\t\t\t<\/div>\n\t\t\t\t\t<\/div>\n\t\t<\/div>\n\t\t\t\t\t\t\t\t<\/div>\n\t\t\t\t\t<\/div>\n\t\t<\/section>\n\t\t\t\t<section class=\"elementor-section elementor-top-section elementor-element elementor-element-221a844 elementor-section-boxed elementor-section-height-default elementor-section-height-default\" data-id=\"221a844\" data-element_type=\"section\">\n\t\t\t\t\t\t<div class=\"elementor-container elementor-column-gap-default\">\n\t\t\t\t\t\t\t<div class=\"elementor-row\">\n\t\t\t\t\t<div class=\"elementor-column elementor-col-50 elementor-top-column elementor-element elementor-element-8389393\" data-id=\"8389393\" data-element_type=\"column\">\n\t\t\t<div class=\"elementor-column-wrap elementor-element-populated\">\n\t\t\t\t\t\t\t<div class=\"elementor-widget-wrap\">\n\t\t\t\t\t\t<div class=\"elementor-element elementor-element-7a4f7ac elementor-widget elementor-widget-text-editor\" data-id=\"7a4f7ac\" data-element_type=\"widget\" data-widget_type=\"text-editor.default\">\n\t\t\t\t<div class=\"elementor-widget-container\">\n\t\t\t\t\t\t\t\t<div class=\"elementor-text-editor elementor-clearfix\">\n\t\t\t\tPer i bambini i miracoli sono cose semplici.\nOgni giorno \u00e8 miracoloso - inspiegabile, rinvigorente, sempre nuovo. <em>(Karen Goldenman)<\/em>\t\t\t\t\t<\/div>\n\t\t\t\t\t\t<\/div>\n\t\t\t\t<\/div>\n\t\t\t\t\t\t<\/div>\n\t\t\t\t\t<\/div>\n\t\t<\/div>\n\t\t\t\t<div class=\"elementor-column elementor-col-50 elementor-top-column elementor-element elementor-element-173ee13\" data-id=\"173ee13\" data-element_type=\"column\">\n\t\t\t<div class=\"elementor-column-wrap elementor-element-populated\">\n\t\t\t\t\t\t\t<div class=\"elementor-widget-wrap\">\n\t\t\t\t\t\t<div class=\"elementor-element elementor-element-dfdccff elementor-align-center elementor-widget elementor-widget-button\" data-id=\"dfdccff\" data-element_type=\"widget\" data-widget_type=\"button.default\">\n\t\t\t\t<div class=\"elementor-widget-container\">\n\t\t\t\t\t<div class=\"elementor-button-wrapper\">\n\t\t\t<a href=\"https:\/\/wellnessaspara.com\/it\/childrens-birthday-parties\/\" class=\"elementor-button-link elementor-button elementor-size-lg\" role=\"button\">\n\t\t\t\t\t\t<span class=\"elementor-button-content-wrapper\">\n\t\t\t\t\t\t<span class=\"elementor-button-text\">Voglio saperne di pi\u00f9<\/span>\n\t\t<\/span>\n\t\t\t\t\t<\/a>\n\t\t<\/div>\n\t\t\t\t<\/div>\n\t\t\t\t<\/div>\n\t\t\t\t\t\t<\/div>\n\t\t\t\t\t<\/div>\n\t\t<\/div>\n\t\t\t\t\t\t\t\t<\/div>\n\t\t\t\t\t<\/div>\n\t\t<\/section>\n\t\t\t\t<section class=\"elementor-section elementor-top-section elementor-element elementor-element-07d06e3 elementor-section-boxed elementor-section-height-default elementor-section-height-default\" data-id=\"07d06e3\" data-element_type=\"section\">\n\t\t\t\t\t\t<div class=\"elementor-container elementor-column-gap-default\">\n\t\t\t\t\t\t\t<div class=\"elementor-row\">\n\t\t\t\t\t<div class=\"elementor-column elementor-col-100 elementor-top-column elementor-element elementor-element-0f1c09e\" data-id=\"0f1c09e\" data-element_type=\"column\">\n\t\t\t<div class=\"elementor-column-wrap\">\n\t\t\t\t\t\t\t<div class=\"elementor-widget-wrap\">\n\t\t\t\t\t\t\t\t<\/div>\n\t\t\t\t\t<\/div>\n\t\t<\/div>\n\t\t\t\t\t\t\t\t<\/div>\n\t\t\t\t\t<\/div>\n\t\t<\/section>\n\t\t\t\t\t\t\t\t\t<\/div>\n\t\t\t<\/div>\n\t\t\t\t\t<\/div>","protected":false},"excerpt":{"rendered":"<p>Rojstni Dnevi za Otroke Do\u017eivetje rojstnega dne na druga\u010den na\u010din. Prepustite skrb za otroke nam. Naj se na \u0161porten na\u010din zabavajo in praznujejo Rojstnodnevno praznovanje za na\u0161e najmlaj\u0161e | 150\u20ac Praznovanje vklju\u010duje: - Rojstnodnevno zabavo za do 12 otrok - Vabila z motivom tematike - Pizza za vse otroke (klasika[...]<\/p>","protected":false},"author":1,"featured_media":912,"parent":0,"menu_order":0,"comment_status":"closed","ping_status":"closed","template":"template-builder.php","meta":[],"_links":{"self":[{"href":"https:\/\/wellnessaspara.com\/it\/wp-json\/wp\/v2\/pages\/288"}],"collection":[{"href":"https:\/\/wellnessaspara.com\/it\/wp-json\/wp\/v2\/pages"}],"about":[{"href":"https:\/\/wellnessaspara.com\/it\/wp-json\/wp\/v2\/types\/page"}],"author":[{"embeddable":true,"href":"https:\/\/wellnessaspara.com\/it\/wp-json\/wp\/v2\/users\/1"}],"replies":[{"embeddable":true,"href":"https:\/\/wellnessaspara.com\/it\/wp-json\/wp\/v2\/comments?post=288"}],"version-history":[{"count":9,"href":"https:\/\/wellnessaspara.com\/it\/wp-json\/wp\/v2\/pages\/288\/revisions"}],"predecessor-version":[{"id":2725,"href":"https:\/\/wellnessaspara.com\/it\/wp-json\/wp\/v2\/pages\/288\/revisions\/2725"}],"wp:featuredmedia":[{"embeddable":true,"href":"https:\/\/wellnessaspara.com\/it\/wp-json\/wp\/v2\/media\/912"}],"wp:attachment":[{"href":"https:\/\/wellnessaspara.com\/it\/wp-json\/wp\/v2\/media?parent=288"}],"curies":[{"name":"wp","href":"https:\/\/api.w.org\/{rel}","templated":true}]}}