{"id":1578,"date":"2020-01-19T16:00:16","date_gmt":"2020-01-19T16:00:16","guid":{"rendered":"https:\/\/wellnessaspara.com\/?page_id=1578"},"modified":"2020-10-07T07:42:12","modified_gmt":"2020-10-07T07:42:12","slug":"terms-of-conditions","status":"publish","type":"page","link":"https:\/\/wellnessaspara.com\/it\/terms-of-conditions\/","title":{"rendered":"Condizioni generali di vendita"},"content":{"rendered":"<div data-elementor-type=\"wp-page\" data-elementor-id=\"1578\" class=\"elementor elementor-1578\">\n\t\t\t\t\t\t<div class=\"elementor-inner\">\n\t\t\t\t<div class=\"elementor-section-wrap\">\n\t\t\t\t\t\t\t\t\t<section class=\"elementor-section elementor-top-section elementor-element elementor-element-9c64a11 elementor-section-boxed elementor-section-height-default elementor-section-height-default\" data-id=\"9c64a11\" data-element_type=\"section\">\n\t\t\t\t\t\t<div class=\"elementor-container elementor-column-gap-default\">\n\t\t\t\t\t\t\t<div class=\"elementor-row\">\n\t\t\t\t\t<div class=\"elementor-column elementor-col-100 elementor-top-column elementor-element elementor-element-5f0a0c0\" data-id=\"5f0a0c0\" data-element_type=\"column\">\n\t\t\t<div class=\"elementor-column-wrap elementor-element-populated\">\n\t\t\t\t\t\t\t<div class=\"elementor-widget-wrap\">\n\t\t\t\t\t\t<div class=\"elementor-element elementor-element-dc2ddc3 elementor-widget elementor-widget-heading\" data-id=\"dc2ddc3\" data-element_type=\"widget\" data-widget_type=\"heading.default\">\n\t\t\t\t<div class=\"elementor-widget-container\">\n\t\t\t<h1 class=\"elementor-heading-title elementor-size-default\">Condizioni generali di vendita<\/h1>\t\t<\/div>\n\t\t\t\t<\/div>\n\t\t\t\t<div class=\"elementor-element elementor-element-7279a5a elementor-widget elementor-widget-heading\" data-id=\"7279a5a\" data-element_type=\"widget\" data-widget_type=\"heading.default\">\n\t\t\t\t<div class=\"elementor-widget-container\">\n\t\t\t<h2 class=\"elementor-heading-title elementor-size-default\">CONDIZIONI GENERALI DI UTILIZZO<\/h2>\t\t<\/div>\n\t\t\t\t<\/div>\n\t\t\t\t<div class=\"elementor-element elementor-element-3879abf elementor-widget elementor-widget-text-editor\" data-id=\"3879abf\" data-element_type=\"widget\" data-widget_type=\"text-editor.default\">\n\t\t\t\t<div class=\"elementor-widget-container\">\n\t\t\t\t\t\t\t\t<div class=\"elementor-text-editor elementor-clearfix\">\n\t\t\t\t<p>Benvenuti su wellnessaspara.com!<\/p><p>I presenti termini e condizioni descrivono le norme e i regolamenti per l'utilizzo del sito web <b> BEAUTY CENTER DINO &amp; amp; DINO, DINO IVANU\u0160A SP <\/b>, che si trova a <span style=\"font-weight: bold;\"> https: \/\/ wellnessaspara .com <\/span><\/p><p>Accedendo a questo sito, si presume che l'utente accetti questi termini. Non continuare ad utilizzare <b> https:\/\/wellnessaspara.com <\/b> a meno che non accettiate tutti i termini elencati in questa pagina.<\/p><p>La seguente terminologia si riferisce a questi termini e condizioni, all'informativa sulla privacy e all'esclusione di responsabilit\u00e0 e a tutti gli accordi: \"cliente\", \"voi\" e \"vostro\" si riferisce a voi, le persone che si collegano a questo sito web ed \u00e8 conforme ai termini della societ\u00e0. I termini \"Azienda\", \"Sebi\", \"Sebi\", \"Noi\", \"Nostro\" e \"nostro\" si riferiscono alla nostra azienda. \"Cliente\", \"Parti\" o \"noi\" si riferiscono sia al Cliente che a noi stessi. Tutte le condizioni si riferiscono all'offerta, all'accettazione e alla presa in considerazione del pagamento necessario per eseguire la nostra procedura di assistenza al cliente nel modo pi\u00f9 appropriato, con l'espresso scopo di soddisfare le esigenze del cliente per fornire questi servizi in conformit\u00e0 e nel rispetto della legge slovena applicabile. Qualsiasi uso della terminologia di cui sopra o di altre parole al singolare, plurale, maiuscolo e\/o lui\/lei \u00e8 considerato intercambiabile e quindi si riferisce alla stessa.<\/p>\t\t\t\t\t<\/div>\n\t\t\t\t\t\t<\/div>\n\t\t\t\t<\/div>\n\t\t\t\t<div class=\"elementor-element elementor-element-86ec871 elementor-widget elementor-widget-heading\" data-id=\"86ec871\" data-element_type=\"widget\" data-widget_type=\"heading.default\">\n\t\t\t\t<div class=\"elementor-widget-container\">\n\t\t\t<h2 class=\"elementor-heading-title elementor-size-default\">\nBiscotti<\/h2>\t\t<\/div>\n\t\t\t\t<\/div>\n\t\t\t\t<div class=\"elementor-element elementor-element-15d9501 elementor-widget elementor-widget-text-editor\" data-id=\"15d9501\" data-element_type=\"widget\" data-widget_type=\"text-editor.default\">\n\t\t\t\t<div class=\"elementor-widget-container\">\n\t\t\t\t\t\t\t\t<div class=\"elementor-text-editor elementor-clearfix\">\n\t\t\t\tIl sito web utilizza i cookie. Accedendo a <b> https:\/\/wellnessaspara.com <\/b>avete accettato di utilizzare i cookies in accordo con l'azienda <b> BEAUTY CENTER DINO &amp; amp; DINO, DINO IVANU\u0160A S.P. <\/b> e l'informativa sulla privacy del sito. La maggior parte dei siti web interattivi utilizza i cookie, che ci permettono di ottenere i dettagli dell'utente per ogni visita. Sul nostro sito web utilizziamo i cookie per consentire la funzionalit\u00e0 di alcune aree e per facilitare l'utilizzo dei visitatori che visitano il nostro sito. Alcuni dei nostri partner affiliati\/pubblicitari possono anche utilizzare cookie di terze parti.\t\t\t\t\t<\/div>\n\t\t\t\t\t\t<\/div>\n\t\t\t\t<\/div>\n\t\t\t\t<div class=\"elementor-element elementor-element-7622619 elementor-widget elementor-widget-heading\" data-id=\"7622619\" data-element_type=\"widget\" data-widget_type=\"heading.default\">\n\t\t\t\t<div class=\"elementor-widget-container\">\n\t\t\t<h2 class=\"elementor-heading-title elementor-size-default\">\nLicenza<\/h2>\t\t<\/div>\n\t\t\t\t<\/div>\n\t\t\t\t<div class=\"elementor-element elementor-element-6c30f85 elementor-widget elementor-widget-text-editor\" data-id=\"6c30f85\" data-element_type=\"widget\" data-widget_type=\"text-editor.default\">\n\t\t\t\t<div class=\"elementor-widget-container\">\n\t\t\t\t\t\t\t\t<div class=\"elementor-text-editor elementor-clearfix\">\n\t\t\t\t<p>Salvo diversa indicazione, <b> BEAUTY CENTER DINO &amp; amp; DINO, DINO IVANU\u0160A S.P. <\/b> I licenziatari del sito sono i titolari dei diritti di propriet\u00e0 intellettuale per tutto il materiale su <b> https:\/\/wellnessaspara.com <\/b>. Tutti i diritti di propriet\u00e0 intellettuale sono riservati. \u00c8 possibile accedere a questo da <span style=\"font-weight: bold;\"> https:\/\/wellnessaspara.com <\/span> per uso personale soggetto a<br \/>restrizioni stabilite in questi termini.<\/p><p style=\"padding-left: 40px;\"><b> Non \u00e8 possibile:<br \/><\/b> - Materiale postale <span style=\"font-weight: bold;\"> https:\/\/wellnessaspara.com <\/span> senza permesso;<br \/>- Vendere, affittare o concedere in sublicenza materiale con <span style=\"font-weight: bold;\"> https:\/\/wellnessaspara.com <\/span> senza permesso;<br \/>- Riprodurre, duplicare o copiare materiale con <span style=\"font-weight: bold;\"> https:\/\/wellnessaspara.com <\/span> senza permesso;<br \/>- Ridistribuire il contenuto con <span style=\"font-weight: bold;\"> https:\/\/wellnessaspara.com <\/span> <b> <\/b> senza permesso.<\/p><p>Il presente accordo entrer\u00e0 in vigore alla data del presente accordo o. all'arrivo diretto presso la nostra sede.<\/p><p>Alcune parti di questo sito web offrono agli utenti la possibilit\u00e0 di pubblicare e scambiare opinioni e informazioni in aree specifiche del sito. <span style=\"font-weight: bold;\"> BEAUTY CENTER DINO &amp; amp; DINO, DINO IVANU\u0160A S.P. <\/span> non filtra, modifica, pubblica o rivede i commenti prima della loro presenza sul Sito. I commenti non riflettono i punti di vista e le opinioni della societ\u00e0 <span style=\"font-weight: bold;\"> BEAUTY CENTER DINO &amp; amp; DINO, DINO IVANU\u0160A S.P. <\/span>i suoi agenti e\/o le sue filiali. I commenti riflettono i punti di vista e le opinioni della persona che pubblica le sue opinioni e i suoi pareri. Nella misura consentita dalla legge applicabile, <span style=\"font-weight: bold;\"> BEAUTY CENTER DINO &amp; amp; DINO, DINO IVANU\u0160A S.P. <\/span> non \u00e8 responsabile di commenti o di qualsiasi responsabilit\u00e0, danno o spesa sostenuti e\/o sostenuti a seguito di qualsiasi uso e\/o pubblicazione e\/o apparizione di commenti su questo sito web.<\/p><p><span style=\"font-weight: bold;\"> BEAUTY CENTER DINO &amp; amp; DINO, DINO IVANU\u0160A S.P. <\/span> si riserva il diritto di monitorare tutti i commenti e di rimuovere qualsiasi commento che possa essere considerato inappropriato, offensivo o violare questi termini.<\/p><p><b> Lei lo garantisce e lo dichiara: <\/b><\/p><p style=\"padding-left: 40px;\">- hai il diritto di postare commenti sul nostro sito e hai i permessi e i consensi necessari;<br \/>- i commenti non violano alcun diritto di propriet\u00e0 intellettuale, incluse le restrizioni sui diritti d'autore, brevetti o marchi di terzi;<br \/>- i commenti non contengono alcun materiale diffamatorio, calunnioso, ingiurioso, osceno o comunque illegale che costituisca un'invasione della privacy;<br \/>- I commenti non saranno utilizzati per raccogliere o promuovere vendite o presentare attivit\u00e0 commerciali o illegali.<\/p><p>Con la presente lei assegna <span style=\"font-weight: bold;\"> DINO IVANU\u0160A S.P. <\/span> una licenza non esclusiva per utilizzare, riprodurre, modificare e autorizzare altri a utilizzare, riprodurre e modificare i vostri commenti in qualsiasi forma, formato o supporto.<\/p>\t\t\t\t\t<\/div>\n\t\t\t\t\t\t<\/div>\n\t\t\t\t<\/div>\n\t\t\t\t<div class=\"elementor-element elementor-element-873db0d elementor-widget elementor-widget-heading\" data-id=\"873db0d\" data-element_type=\"widget\" data-widget_type=\"heading.default\">\n\t\t\t\t<div class=\"elementor-widget-container\">\n\t\t\t<h2 class=\"elementor-heading-title elementor-size-default\">Collegamento ipertestuale al nostro contenuto\n\n<\/h2>\t\t<\/div>\n\t\t\t\t<\/div>\n\t\t\t\t<div class=\"elementor-element elementor-element-b30179e elementor-widget elementor-widget-text-editor\" data-id=\"b30179e\" data-element_type=\"widget\" data-widget_type=\"text-editor.default\">\n\t\t\t\t<div class=\"elementor-widget-container\">\n\t\t\t\t\t\t\t\t<div class=\"elementor-text-editor elementor-clearfix\">\n\t\t\t\t<p>Le seguenti organizzazioni possono collegarsi al nostro sito web senza previa autorizzazione scritta:<\/p><p style=\"padding-left: 40px;\">- agenzie governative;<br \/>- motori di ricerca;<br \/>- notizie;<br \/>- Distributori di elenchi web. Che pu\u00f2 collegarsi al nostro sito web allo stesso modo di un collegamento ipertestuale ai siti web di altre societ\u00e0 quotate in borsa; in<br \/>- Aziende accreditate in tutto il sistema, ad eccezione della raccolta di organizzazioni no-profit, centri commerciali di beneficenza e gruppi di raccolta fondi di beneficenza, che potrebbe non essere un collegamento ipertestuale al nostro sito web.<\/p><p>Queste organizzazioni possono collegarsi alla nostra homepage, alle pubblicazioni o ad altre informazioni del sito se il link \u00e8 presente: (a) non sia in alcun modo ingannevole; (b) non costituisca una falsa rappresentazione, approvazione o approvazione di una parte collegata e dei suoi prodotti e\/o servizi; e (c) si adatti al contesto del sito web del cliente che si collega ad esso.<\/p><p>Possiamo prendere in considerazione e approvare altre richieste di connessione da parte dei seguenti tipi di organizzazioni:<\/p><p style=\"padding-left: 40px;\">- note fonti di informazione per i consumatori e\/o per le imprese;<br \/>- la comunit\u00e0 di dot.com<br \/>- associazioni o altri gruppi che rappresentano organizzazioni caritatevoli;<br \/>- distributori di elenchi on-line;<br \/>- portali internet;<br \/>- societ\u00e0 di contabilit\u00e0, legali e di consulenza; in<br \/>- istituzioni educative e associazioni di categoria.<\/p><p>Approveremo le richieste di affiliazione di queste organizzazioni se lo decidiamo: (a) l'affiliazione non sembrerebbe inappropriata a noi stessi o alle nostre aziende accreditate; (b) l'organizzazione non ha registrazioni negative con noi; (c) il beneficio della visibilit\u00e0 del collegamento ipertestuale \u00e8 compensato dall'assenza di Suzana Bukvi\u010d s.p.; e (d) il collegamento \u00e8 nel contesto delle informazioni generali sulle risorse.<\/p><p>Queste organizzazioni possono collegarsi alla nostra homepage, a condizione che il link sia presente: (a) non sia in alcun modo ingannevole; (b) non costituisca una falsa rappresentazione, approvazione o approvazione del sito di collegamento e dei suoi prodotti o servizi; e (c) si adatti al contesto del sito web del cliente che si collega ad esso. Se siete una delle organizzazioni elencate nel paragrafo 2 di cui sopra e siete interessati ad un link al nostro sito, dovete informarci inviando un'e-mail a <b> info@wellnessaspara.com <\/b><\/p><p>Vi preghiamo di fornire il vostro nome, il nome dell'organizzazione, le informazioni di contatto e anche l'URL del vostro sito web, un elenco di tutti gli URL da cui intendete collegarvi al nostro sito web, e un elenco di URL del nostro sito web a cui desiderate collegarvi. Attendere 2-3 settimane per una risposta.<\/p><p>Le organizzazioni certificate possono collegarsi al nostro sito tramite un collegamento ipertestuale:<\/p><p style=\"padding-left: 40px;\">- Utilizzando il nome della nostra azienda; ma<br \/>- Utilizzando un unico localizzatore di risorse collegato a; ma<br \/>- Utilizzando qualsiasi altra descrizione del nostro sito che sia rilevante per ci\u00f2 che ha senso nel contesto e nella forma del contenuto del sito del cliente che vi si collega.<\/p><p>Per il collegamento, se non esiste un accordo di licenza sul marchio, non sar\u00e0 consentito l'uso del logo di Suzana Bukvi\u010d s.p. o di altri contenuti.<\/p>\t\t\t\t\t<\/div>\n\t\t\t\t\t\t<\/div>\n\t\t\t\t<\/div>\n\t\t\t\t<div class=\"elementor-element elementor-element-290f686 elementor-widget elementor-widget-heading\" data-id=\"290f686\" data-element_type=\"widget\" data-widget_type=\"heading.default\">\n\t\t\t\t<div class=\"elementor-widget-container\">\n\t\t\t<h2 class=\"elementor-heading-title elementor-size-default\">iFrame<\/h2>\t\t<\/div>\n\t\t\t\t<\/div>\n\t\t\t\t<div class=\"elementor-element elementor-element-2afce80 elementor-widget elementor-widget-text-editor\" data-id=\"2afce80\" data-element_type=\"widget\" data-widget_type=\"text-editor.default\">\n\t\t\t\t<div class=\"elementor-widget-container\">\n\t\t\t\t\t\t\t\t<div class=\"elementor-text-editor elementor-clearfix\">\n\t\t\t\tNon \u00e8 consentito creare frame sui nostri siti web senza previa approvazione e autorizzazione scritta che alterino in qualche modo la presentazione visiva o l'aspetto del nostro sito web.\t\t\t\t\t<\/div>\n\t\t\t\t\t\t<\/div>\n\t\t\t\t<\/div>\n\t\t\t\t<div class=\"elementor-element elementor-element-b033c61 elementor-widget elementor-widget-heading\" data-id=\"b033c61\" data-element_type=\"widget\" data-widget_type=\"heading.default\">\n\t\t\t\t<div class=\"elementor-widget-container\">\n\t\t\t<h2 class=\"elementor-heading-title elementor-size-default\">RESPONSABILIT\u00c0 SOSTANZIALE<\/h2>\t\t<\/div>\n\t\t\t\t<\/div>\n\t\t\t\t<div class=\"elementor-element elementor-element-487f948 elementor-widget elementor-widget-text-editor\" data-id=\"487f948\" data-element_type=\"widget\" data-widget_type=\"text-editor.default\">\n\t\t\t\t<div class=\"elementor-widget-container\">\n\t\t\t\t\t\t\t\t<div class=\"elementor-text-editor elementor-clearfix\">\n\t\t\t\tNon siamo responsabili di alcun contenuto che appare sul vostro sito. L'utente accetta di proteggerci e difenderci da tutti i reclami che appaiono sul suo sito web. Nessun link pu\u00f2 apparire su qualsiasi sito web che possa essere interpretato come falso, osceno, o criminale, o che violi, violi in altro modo, o sostenga una violazione o altra violazione dei diritti di terzi.\t\t\t\t\t<\/div>\n\t\t\t\t\t\t<\/div>\n\t\t\t\t<\/div>\n\t\t\t\t<div class=\"elementor-element elementor-element-9c63e50 elementor-widget elementor-widget-heading\" data-id=\"9c63e50\" data-element_type=\"widget\" data-widget_type=\"heading.default\">\n\t\t\t\t<div class=\"elementor-widget-container\">\n\t\t\t<h2 class=\"elementor-heading-title elementor-size-default\">Riserva di diritti<\/h2>\t\t<\/div>\n\t\t\t\t<\/div>\n\t\t\t\t<div class=\"elementor-element elementor-element-ccbda31 elementor-widget elementor-widget-text-editor\" data-id=\"ccbda31\" data-element_type=\"widget\" data-widget_type=\"text-editor.default\">\n\t\t\t\t<div class=\"elementor-widget-container\">\n\t\t\t\t\t\t\t\t<div class=\"elementor-text-editor elementor-clearfix\">\n\t\t\t\tCi riserviamo il diritto di richiedere la rimozione di tutti i link o di qualsiasi link specifico al nostro sito web. L'utente si impegna a rimuovere immediatamente tutti i link al nostro sito su richiesta. Ci riserviamo inoltre il diritto di modificare i presenti termini e condizioni, che collegano la politica in qualsiasi momento. Collegandosi costantemente al nostro sito web, l'utente accetta di essere vincolato e di rispettare i presenti termini e condizioni.\t\t\t\t\t<\/div>\n\t\t\t\t\t\t<\/div>\n\t\t\t\t<\/div>\n\t\t\t\t<div class=\"elementor-element elementor-element-6a4417a elementor-widget elementor-widget-heading\" data-id=\"6a4417a\" data-element_type=\"widget\" data-widget_type=\"heading.default\">\n\t\t\t\t<div class=\"elementor-widget-container\">\n\t\t\t<h2 class=\"elementor-heading-title elementor-size-default\">Rimozione di link dal nostro sito web<\/h2>\t\t<\/div>\n\t\t\t\t<\/div>\n\t\t\t\t<div class=\"elementor-element elementor-element-79f1f4e elementor-widget elementor-widget-text-editor\" data-id=\"79f1f4e\" data-element_type=\"widget\" data-widget_type=\"text-editor.default\">\n\t\t\t\t<div class=\"elementor-widget-container\">\n\t\t\t\t\t\t\t\t<div class=\"elementor-text-editor elementor-clearfix\">\n\t\t\t\t\nSe trovate sul nostro sito un link offensivo per qualsiasi motivo, potete contattarci in qualsiasi momento e farcelo sapere. Prenderemo in considerazione le richieste di rimozione dei link, ma non saremo obbligati a rispondere direttamente. Non garantiamo che le informazioni contenute in questo sito web siano corrette, non ne garantiamo la completezza o l'accuratezza; n\u00e9 promettiamo di assicurare che il sito rimanga disponibile o che il materiale sul sito sia mantenuto aggiornato.\t\t\t\t\t<\/div>\n\t\t\t\t\t\t<\/div>\n\t\t\t\t<\/div>\n\t\t\t\t<div class=\"elementor-element elementor-element-62d2c32 elementor-widget elementor-widget-heading\" data-id=\"62d2c32\" data-element_type=\"widget\" data-widget_type=\"heading.default\">\n\t\t\t\t<div class=\"elementor-widget-container\">\n\t\t\t<h2 class=\"elementor-heading-title elementor-size-default\">Disclaimer<\/h2>\t\t<\/div>\n\t\t\t\t<\/div>\n\t\t\t\t<div class=\"elementor-element elementor-element-3241ac5 elementor-widget elementor-widget-text-editor\" data-id=\"3241ac5\" data-element_type=\"widget\" data-widget_type=\"text-editor.default\">\n\t\t\t\t<div class=\"elementor-widget-container\">\n\t\t\t\t\t\t\t\t<div class=\"elementor-text-editor elementor-clearfix\">\n\t\t\t\t<p>Nella misura massima consentita dalla legge applicabile, escludiamo tutte le dichiarazioni, garanzie e condizioni relative al nostro sito web e all'uso di questo sito web. Nulla in questa clausola di esclusione di responsabilit\u00e0:<\/p><p style=\"padding-left: 40px;\">- limitare o escludere la nostra o la vostra responsabilit\u00e0 per morte o lesioni personali;<br \/>- limitare o escludere la nostra o la vostra responsabilit\u00e0 per frode o falso inganno;<br \/>- limitare uno qualsiasi dei nostri o dei vostri obblighi in qualsiasi modo non consentito dalla legge applicabile; ma<br \/>- Escludere qualsiasi nostro o vostro obbligo che non pu\u00f2 essere escluso ai sensi della legge applicabile.<\/p><p>Le limitazioni e i divieti di responsabilit\u00e0 di cui alla presente sezione e ad altre parti del presente divieto: (a) si applicano nel paragrafo precedente; e (b) disciplinano tutti gli obblighi derivanti dall'esclusione di responsabilit\u00e0, compresi gli obblighi contrattuali derivanti dal contratto, i danni e le violazioni di obblighi legali.<\/p><p>Fino a quando il sito e le informazioni e i servizi del sito non saranno resi disponibili gratuitamente, non saremo responsabili per eventuali perdite o danni.<\/p>\t\t\t\t\t<\/div>\n\t\t\t\t\t\t<\/div>\n\t\t\t\t<\/div>\n\t\t\t\t<div class=\"elementor-element elementor-element-3004e4c elementor-widget elementor-widget-heading\" data-id=\"3004e4c\" data-element_type=\"widget\" data-widget_type=\"heading.default\">\n\t\t\t\t<div class=\"elementor-widget-container\">\n\t\t\t<h2 class=\"elementor-heading-title elementor-size-default\">Composizione extragiudiziale delle controversie in materia di consumo<\/h2>\t\t<\/div>\n\t\t\t\t<\/div>\n\t\t\t\t<div class=\"elementor-element elementor-element-d1c3565 elementor-widget elementor-widget-text-editor\" data-id=\"d1c3565\" data-element_type=\"widget\" data-widget_type=\"text-editor.default\">\n\t\t\t\t<div class=\"elementor-widget-container\">\n\t\t\t\t\t\t\t\t<div class=\"elementor-text-editor elementor-clearfix\">\n\t\t\t\t<p>In conformit\u00e0 alle norme di legge, la societ\u00e0 <b> CENTRO DI BELLEZZA DINO &amp; DINO, DINO IVANU\u0160A SP <\/b> non riconosce alcun fornitore di risoluzione extragiudiziale delle controversie in materia di consumo come competente per la risoluzione delle controversie in materia di consumo che potrebbero essere avviate dal consumatore in conformit\u00e0 con la legge sulla risoluzione extragiudiziale delle controversie in materia di consumo. In qualit\u00e0 di fornitore di beni e servizi, l'azienda pubblica sul proprio sito web un link elettronico alla piattaforma online per la risoluzione delle controversie in materia di consumo (SRPS). La piattaforma \u00e8 disponibile per i consumatori su un link elettronico http:\/\/ec.europa.eu\/odr. Il presente regolamento deriva dalla legge sulla risoluzione extragiudiziale delle controversie in materia di consumo, regolamento (UE) n. Regolamento (CE) n. 524\/2013 del Parlamento europeo e del Consiglio sulla risoluzione delle controversie online dei consumatori, recante modifica del regolamento (CE) n. 2016\/2004 e della direttiva 2009\/22 \/ CE<\/p>\t\t\t\t\t<\/div>\n\t\t\t\t\t\t<\/div>\n\t\t\t\t<\/div>\n\t\t\t\t\t\t<\/div>\n\t\t\t\t\t<\/div>\n\t\t<\/div>\n\t\t\t\t\t\t\t\t<\/div>\n\t\t\t\t\t<\/div>\n\t\t<\/section>\n\t\t\t\t\t\t\t\t\t<\/div>\n\t\t\t<\/div>\n\t\t\t\t\t<\/div>","protected":false},"excerpt":{"rendered":"<p>Terms of conditions GENERAL TERMS OF USE Welcome to wellnessaspara.com! These terms and conditions describe the rules and regulations for use for the website BEAUTY CENTER DINO &amp; amp; DINO, DINO IVANU\u0160A SP , located at https: \/\/ wellnessaspara .com By accessing this site, we assume that you accept these[&#8230;]<\/p>","protected":false},"author":1,"featured_media":0,"parent":0,"menu_order":0,"comment_status":"closed","ping_status":"closed","template":"template-builder.php","meta":[],"_links":{"self":[{"href":"https:\/\/wellnessaspara.com\/it\/wp-json\/wp\/v2\/pages\/1578"}],"collection":[{"href":"https:\/\/wellnessaspara.com\/it\/wp-json\/wp\/v2\/pages"}],"about":[{"href":"https:\/\/wellnessaspara.com\/it\/wp-json\/wp\/v2\/types\/page"}],"author":[{"embeddable":true,"href":"https:\/\/wellnessaspara.com\/it\/wp-json\/wp\/v2\/users\/1"}],"replies":[{"embeddable":true,"href":"https:\/\/wellnessaspara.com\/it\/wp-json\/wp\/v2\/comments?post=1578"}],"version-history":[{"count":11,"href":"https:\/\/wellnessaspara.com\/it\/wp-json\/wp\/v2\/pages\/1578\/revisions"}],"predecessor-version":[{"id":2799,"href":"https:\/\/wellnessaspara.com\/it\/wp-json\/wp\/v2\/pages\/1578\/revisions\/2799"}],"wp:attachment":[{"href":"https:\/\/wellnessaspara.com\/it\/wp-json\/wp\/v2\/media?parent=1578"}],"curies":[{"name":"wp","href":"https:\/\/api.w.org\/{rel}","templated":true}]}}