{"id":1002,"date":"2020-01-15T01:18:17","date_gmt":"2020-01-15T01:18:17","guid":{"rendered":"https:\/\/wellnessaspara.com\/?page_id=1002"},"modified":"2020-10-06T06:47:02","modified_gmt":"2020-10-06T06:47:02","slug":"purchase-and-use-of-gift-vouchers","status":"publish","type":"page","link":"https:\/\/wellnessaspara.com\/it\/purchase-and-use-of-gift-vouchers\/","title":{"rendered":"Acquisto e uso di buoni regalo"},"content":{"rendered":"<div data-elementor-type=\"wp-page\" data-elementor-id=\"1002\" class=\"elementor elementor-1002\">\n\t\t\t\t\t\t<div class=\"elementor-inner\">\n\t\t\t\t<div class=\"elementor-section-wrap\">\n\t\t\t\t\t\t\t\t\t<section class=\"elementor-section elementor-top-section elementor-element elementor-element-deb0585 elementor-section-boxed elementor-section-height-default elementor-section-height-default\" data-id=\"deb0585\" data-element_type=\"section\">\n\t\t\t\t\t\t<div class=\"elementor-container elementor-column-gap-default\">\n\t\t\t\t\t\t\t<div class=\"elementor-row\">\n\t\t\t\t\t<div class=\"elementor-column elementor-col-100 elementor-top-column elementor-element elementor-element-dce8285\" data-id=\"dce8285\" data-element_type=\"column\">\n\t\t\t<div class=\"elementor-column-wrap elementor-element-populated\">\n\t\t\t\t\t\t\t<div class=\"elementor-widget-wrap\">\n\t\t\t\t\t\t<div class=\"elementor-element elementor-element-3c241bb elementor-widget elementor-widget-heading\" data-id=\"3c241bb\" data-element_type=\"widget\" data-widget_type=\"heading.default\">\n\t\t\t\t<div class=\"elementor-widget-container\">\n\t\t\t<h1 class=\"elementor-heading-title elementor-size-default\">Acquisto e uso di buoni regalo<\/h1>\t\t<\/div>\n\t\t\t\t<\/div>\n\t\t\t\t\t\t<\/div>\n\t\t\t\t\t<\/div>\n\t\t<\/div>\n\t\t\t\t\t\t\t\t<\/div>\n\t\t\t\t\t<\/div>\n\t\t<\/section>\n\t\t\t\t<section class=\"elementor-section elementor-top-section elementor-element elementor-element-15166b7 elementor-section-boxed elementor-section-height-default elementor-section-height-default\" data-id=\"15166b7\" data-element_type=\"section\">\n\t\t\t\t\t\t<div class=\"elementor-container elementor-column-gap-default\">\n\t\t\t\t\t\t\t<div class=\"elementor-row\">\n\t\t\t\t\t<div class=\"elementor-column elementor-col-100 elementor-top-column elementor-element elementor-element-d14d96f\" data-id=\"d14d96f\" data-element_type=\"column\">\n\t\t\t<div class=\"elementor-column-wrap elementor-element-populated\">\n\t\t\t\t\t\t\t<div class=\"elementor-widget-wrap\">\n\t\t\t\t\t\t<div class=\"elementor-element elementor-element-0ca6dbc elementor-widget elementor-widget-text-editor\" data-id=\"0ca6dbc\" data-element_type=\"widget\" data-widget_type=\"text-editor.default\">\n\t\t\t\t<div class=\"elementor-widget-container\">\n\t\t\t\t\t\t\t\t<div class=\"elementor-text-editor elementor-clearfix\">\n\t\t\t\t<p>Stai decidendo di acquistare o hai ricevuto il nostro buono regalo come omaggio e vuoi saperne di pi\u00f9?<br \/>Le condizioni di acquisto e di utilizzo sono elencate di seguito.<\/p><p>IL BUONO REGALO PU\u00d2 ESSERE ACQUISTATO DA UNA PERSONA FISICA O GIURIDICA ALLA RECEPTION DEL BENESSERE.<\/p><p>IL BUONO REGALO PU\u00d2 ANCHE ESSERE ORDINATO SUL SITO www.shop.wellnessaspara.com<br \/>BENESSERE ASPARE O PER E-MAIL E TELEFONO.<\/p><p>IL BUONO REGALO PU\u00d2 ESSERE PAGATO IN CONTANTI, CON CARTA O TRAMITE BONIFICO SUL TRR DELL'AZIENDA.<\/p><p>IL BUONO REGALO \u00c8 VALIDO PER 3 MESI DAL GIORNO DELL'ACQUISTO (LA DATA \u00c8 REGISTRATA SUL BUONO REGALO).<\/p><p>IL BUONO REGALO PU\u00d2 ESSERE ESTESO FINO A 3 MESI ENTRO LA VALIDIT\u00c0 DEL BUONO REGALO.<\/p><p>\u00c8 POSSIBILE ESTENDERE IL VOUCHER CHIAMANDO IL NUMERO DI TELEFONO 040 494 444 O DI PERSONA ALLA RECEPTION DEL CENTRO BENESSERE.<\/p><p>IN CASI STRAORDINARI (INFORTUNI, GRAVIDANZA....) IL BUONO REGALO PU\u00d2 ECCEZIONALMENTE ESSERE PROLUNGATO NELLA VALIDIT\u00c0 FINO A 1 ANNO.<\/p><p>LA PRE-PRENOTAZIONE DEL SERVIZIO CON UN BUONO REGALO \u00c8 OBBLIGATORIA.<br \/>QUANDO SI PRENOTA, \u00c8 OBBLIGATORIO DIRE IL NUMERO DEL BUONO REGALO, ALTRIMENTI NON \u00c8 POSSIBILE ORDINARE IL SERVIZIO.<\/p><p>NEL CASO IN CUI LA PRENOTAZIONE NON ARRIVI AL SERVIZIO DEL CLIENTE MA NON SI CANCELLI, IL BUONO REGALO VIENE RIPETUTO.<\/p><p>LA PRENOTAZIONE DEVE ESSERE ANNULLATA ALMENO 24 ORE PRIMA DEL TERMINE CONCORDATO, ALTRIMENTI IL BUONO REGALO VIENE CONSIDERATO RIDOTTO.<\/p><p>IL BUONO REGALO PU\u00d2 ESSERE SCAMBIATO CON UN ALTRO SERVIZIO NEL CASO DELLA STESSA CATEGORIA (COSMETICI - COSMETICI; FITNESS-FITNESS...)<\/p><p>IL BUONO REGALO PER IL SERVIZIO MENZIONATO PU\u00d2 ESSERE UTILIZZATO 1 VOLTA.<\/p><p>IL BUONO REGALO USATO VIENE CONSERVATO NELLA RECEPTION DEL CENTRO BENESSERE.<\/p><p><em>Limitare la validit\u00e0 dei buoni regalo ha senso e deve essere controllato. Il buono regalo \u00e8 valido per 3 mesi, in quanto \u00e8 utile per controllare i servizi forniti, e allo stesso tempo tenere una statistica dei buoni regalo restituiti. Il desiderio \u00e8 quello di fare un uso maggiore dei buoni. Succede spesso che la gente dimentica i buoni o li perde o. stock perch\u00e9 le scadenze per l'usato sono troppo lunghe.<\/em><\/p><p><em>Faremo del nostro meglio per far s\u00ec che il nostro buono regalo raggiunga il suo scopo.<\/em><\/p><p><em>Grazie per averci scelto.<\/em><\/p><p><em>Aspara TEAM.<\/em><\/p>\t\t\t\t\t<\/div>\n\t\t\t\t\t\t<\/div>\n\t\t\t\t<\/div>\n\t\t\t\t\t\t<\/div>\n\t\t\t\t\t<\/div>\n\t\t<\/div>\n\t\t\t\t\t\t\t\t<\/div>\n\t\t\t\t\t<\/div>\n\t\t<\/section>\n\t\t\t\t\t\t\t\t\t<\/div>\n\t\t\t<\/div>\n\t\t\t\t\t<\/div>","protected":false},"excerpt":{"rendered":"<p>Nakup in kori\u0161\u010danje Darilnih Bonov Se odlo\u010date za nakup ali pa ste v dar prejeli na\u0161 darilni bon in \u017eelite izvedeti ve\u010d?Spodaj so navedeni pogoji nakupa in kori\u0161\u010denja. DARILNI BON LAHKO KUPI FIZI\u010cNA ALI PRAVNA OSEBA NA RECEPCIJI WELLNESSA. DARILNI BON JE MO\u017dNO NARO\u010cITI TUDI NA SPLETNI STRANI www.shop.wellnessaspara.comWELLNESSA ASPARE[&#8230;]<\/p>","protected":false},"author":1,"featured_media":1512,"parent":0,"menu_order":0,"comment_status":"closed","ping_status":"closed","template":"template-builder.php","meta":[],"_links":{"self":[{"href":"https:\/\/wellnessaspara.com\/it\/wp-json\/wp\/v2\/pages\/1002"}],"collection":[{"href":"https:\/\/wellnessaspara.com\/it\/wp-json\/wp\/v2\/pages"}],"about":[{"href":"https:\/\/wellnessaspara.com\/it\/wp-json\/wp\/v2\/types\/page"}],"author":[{"embeddable":true,"href":"https:\/\/wellnessaspara.com\/it\/wp-json\/wp\/v2\/users\/1"}],"replies":[{"embeddable":true,"href":"https:\/\/wellnessaspara.com\/it\/wp-json\/wp\/v2\/comments?post=1002"}],"version-history":[{"count":10,"href":"https:\/\/wellnessaspara.com\/it\/wp-json\/wp\/v2\/pages\/1002\/revisions"}],"predecessor-version":[{"id":2688,"href":"https:\/\/wellnessaspara.com\/it\/wp-json\/wp\/v2\/pages\/1002\/revisions\/2688"}],"wp:featuredmedia":[{"embeddable":true,"href":"https:\/\/wellnessaspara.com\/it\/wp-json\/wp\/v2\/media\/1512"}],"wp:attachment":[{"href":"https:\/\/wellnessaspara.com\/it\/wp-json\/wp\/v2\/media?parent=1002"}],"curies":[{"name":"wp","href":"https:\/\/api.w.org\/{rel}","templated":true}]}}