{"id":637,"date":"2020-01-12T22:02:44","date_gmt":"2020-01-12T22:02:44","guid":{"rendered":"https:\/\/wellnessaspara.com\/?page_id=637"},"modified":"2020-10-07T06:49:43","modified_gmt":"2020-10-07T06:49:43","slug":"pedikura","status":"publish","type":"page","link":"https:\/\/wellnessaspara.com\/fr\/pedikura\/","title":{"rendered":"P\u00e9dicure"},"content":{"rendered":"<div data-elementor-type=\"wp-page\" data-elementor-id=\"637\" class=\"elementor elementor-637\">\n\t\t\t\t\t\t<div class=\"elementor-inner\">\n\t\t\t\t<div class=\"elementor-section-wrap\">\n\t\t\t\t\t\t\t\t\t<section class=\"elementor-section elementor-top-section elementor-element elementor-element-b5982d3 elementor-section-boxed elementor-section-height-default elementor-section-height-default\" data-id=\"b5982d3\" data-element_type=\"section\">\n\t\t\t\t\t\t<div class=\"elementor-container elementor-column-gap-default\">\n\t\t\t\t\t\t\t<div class=\"elementor-row\">\n\t\t\t\t\t<div class=\"elementor-column elementor-col-100 elementor-top-column elementor-element elementor-element-c0b7e13\" data-id=\"c0b7e13\" data-element_type=\"column\">\n\t\t\t<div class=\"elementor-column-wrap elementor-element-populated\">\n\t\t\t\t\t\t\t<div class=\"elementor-widget-wrap\">\n\t\t\t\t\t\t<div class=\"elementor-element elementor-element-a6df681 elementor-widget elementor-widget-heading\" data-id=\"a6df681\" data-element_type=\"widget\" data-widget_type=\"heading.default\">\n\t\t\t\t<div class=\"elementor-widget-container\">\n\t\t\t<h1 class=\"elementor-heading-title elementor-size-default\">P\u00e9dicure<\/h1>\t\t<\/div>\n\t\t\t\t<\/div>\n\t\t\t\t\t\t<\/div>\n\t\t\t\t\t<\/div>\n\t\t<\/div>\n\t\t\t\t\t\t\t\t<\/div>\n\t\t\t\t\t<\/div>\n\t\t<\/section>\n\t\t\t\t<section class=\"elementor-section elementor-top-section elementor-element elementor-element-ae6130c elementor-section-boxed elementor-section-height-default elementor-section-height-default\" data-id=\"ae6130c\" data-element_type=\"section\">\n\t\t\t\t\t\t<div class=\"elementor-container elementor-column-gap-default\">\n\t\t\t\t\t\t\t<div class=\"elementor-row\">\n\t\t\t\t\t<div class=\"elementor-column elementor-col-100 elementor-top-column elementor-element elementor-element-32bed74\" data-id=\"32bed74\" data-element_type=\"column\">\n\t\t\t<div class=\"elementor-column-wrap elementor-element-populated\">\n\t\t\t\t\t\t\t<div class=\"elementor-widget-wrap\">\n\t\t\t\t\t\t<div class=\"elementor-element elementor-element-8c09d18 elementor-widget elementor-widget-heading\" data-id=\"8c09d18\" data-element_type=\"widget\" data-widget_type=\"heading.default\">\n\t\t\t\t<div class=\"elementor-widget-container\">\n\t\t\t<h2 class=\"elementor-heading-title elementor-size-default\">7 FAITS SUR LA P\u00c9DICURE QUE VOUS NE CONNAISSEZ PAS ENCORE.<\/h2>\t\t<\/div>\n\t\t\t\t<\/div>\n\t\t\t\t\t\t<\/div>\n\t\t\t\t\t<\/div>\n\t\t<\/div>\n\t\t\t\t\t\t\t\t<\/div>\n\t\t\t\t\t<\/div>\n\t\t<\/section>\n\t\t\t\t<section class=\"elementor-section elementor-top-section elementor-element elementor-element-20bb6b7 elementor-section-boxed elementor-section-height-default elementor-section-height-default\" data-id=\"20bb6b7\" data-element_type=\"section\">\n\t\t\t\t\t\t<div class=\"elementor-container elementor-column-gap-default\">\n\t\t\t\t\t\t\t<div class=\"elementor-row\">\n\t\t\t\t\t<div class=\"elementor-column elementor-col-50 elementor-top-column elementor-element elementor-element-10aac00\" data-id=\"10aac00\" data-element_type=\"column\">\n\t\t\t<div class=\"elementor-column-wrap elementor-element-populated\">\n\t\t\t\t\t\t\t<div class=\"elementor-widget-wrap\">\n\t\t\t\t\t\t<div class=\"elementor-element elementor-element-eb665f4 elementor-widget elementor-widget-text-editor\" data-id=\"eb665f4\" data-element_type=\"widget\" data-widget_type=\"text-editor.default\">\n\t\t\t\t<div class=\"elementor-widget-container\">\n\t\t\t\t\t\t\t\t<div class=\"elementor-text-editor elementor-clearfix\">\n\t\t\t\t<p><span class=\"tlid-translation translation\" lang=\"en\"> <span class=\"\" title=\"\"> L'\u00e9t\u00e9 est l\u00e0 et maintenant <\/span> <span class=\"\" title=\"\"> c'est le temps des plages, des barbecues et des vacances ! <\/span> <span class=\"\" title=\"\"> Dans l'effervescence de cette merveilleuse saison, n'oubliez pas de prendre soin de vos ongles de pied. <\/span> <span class=\"\" title=\"\"> Les ongles des pieds jouent un r\u00f4le important dans nos pieds. <\/span> <span title=\"\"> Le poids total du corps repose sur les orteils. <\/span> <span title=\"\"> Il prot\u00e8ge \u00e9galement nos pieds des petits accidents. <\/span> &gt; <span class=\"\" title=\"\"><br \/><\/span> <\/span><\/p>\t\t\t\t\t<\/div>\n\t\t\t\t\t\t<\/div>\n\t\t\t\t<\/div>\n\t\t\t\t<div class=\"elementor-element elementor-element-dceea71 elementor-icon-list--layout-traditional elementor-list-item-link-full_width elementor-widget elementor-widget-icon-list\" data-id=\"dceea71\" data-element_type=\"widget\" data-widget_type=\"icon-list.default\">\n\t\t\t\t<div class=\"elementor-widget-container\">\n\t\t\t\t\t<ul class=\"elementor-icon-list-items\">\n\t\t\t\t\t\t\t<li class=\"elementor-icon-list-item\">\n\t\t\t\t\t\t\t\t\t\t\t<span class=\"elementor-icon-list-icon\">\n\t\t\t\t\t\t\t<i aria-hidden=\"true\" class=\"fas fa-spa\"><\/i>\t\t\t\t\t\t<\/span>\n\t\t\t\t\t\t\t\t\t\t<span class=\"elementor-icon-list-text\"> Veillez \u00e0 ce que le bain de pieds soit st\u00e9rilis\u00e9 ou que des sacs de st\u00e9rilisation soient utilis\u00e9s \u00e0 cet effet, car une infection peut se produire lors du trempage des pieds.<\/span>\n\t\t\t\t\t\t\t\t\t<\/li>\n\t\t\t\t\t\t\t\t<li class=\"elementor-icon-list-item\">\n\t\t\t\t\t\t\t\t\t\t\t<span class=\"elementor-icon-list-icon\">\n\t\t\t\t\t\t\t<i aria-hidden=\"true\" class=\"fas fa-spa\"><\/i>\t\t\t\t\t\t<\/span>\n\t\t\t\t\t\t\t\t\t\t<span class=\"elementor-icon-list-text\">Pour \u00e9viter les infections, ne vous rasez pas les pieds pendant au moins 2 jours avant une p\u00e9dicure, car de petites coupures invisibles peuvent \u00eatre pr\u00e9sentes.<\/span>\n\t\t\t\t\t\t\t\t\t<\/li>\n\t\t\t\t\t\t\t\t<li class=\"elementor-icon-list-item\">\n\t\t\t\t\t\t\t\t\t\t\t<span class=\"elementor-icon-list-icon\">\n\t\t\t\t\t\t\t<i aria-hidden=\"true\" class=\"fas fa-spa\"><\/i>\t\t\t\t\t\t<\/span>\n\t\t\t\t\t\t\t\t\t\t<span class=\"elementor-icon-list-text\">La p\u00e9dicure ne consiste pas seulement \u00e0 couper les ongles, \u00e0 enlever les verrues et la peau dure. Chaque p\u00e9dicure contient \u00e9galement des techniques de r\u00e9flexologie qui ont un effet b\u00e9n\u00e9fique sur le bien-\u00eatre.<\/span>\n\t\t\t\t\t\t\t\t\t<\/li>\n\t\t\t\t\t\t\t\t<li class=\"elementor-icon-list-item\">\n\t\t\t\t\t\t\t\t\t\t\t<span class=\"elementor-icon-list-icon\">\n\t\t\t\t\t\t\t<i aria-hidden=\"true\" class=\"fas fa-spa\"><\/i>\t\t\t\t\t\t<\/span>\n\t\t\t\t\t\t\t\t\t\t<span class=\"elementor-icon-list-text\">L'utilisation de tondeuses \u00e0 cheveux faites maison peut s\u00e9rieusement mettre votre sant\u00e9 en danger. Dans le salon, nous disposons pour cela de st\u00e9rilisateurs sp\u00e9ciaux, qui garantissent la s\u00e9curit\u00e9 du service.<\/span>\n\t\t\t\t\t\t\t\t\t<\/li>\n\t\t\t\t\t\t\t\t<li class=\"elementor-icon-list-item\">\n\t\t\t\t\t\t\t\t\t\t\t<span class=\"elementor-icon-list-icon\">\n\t\t\t\t\t\t\t<i aria-hidden=\"true\" class=\"fas fa-spa\"><\/i>\t\t\t\t\t\t<\/span>\n\t\t\t\t\t\t\t\t\t\t<span class=\"elementor-icon-list-text\">Les diab\u00e9tiques sont tr\u00e8s sujets aux infections et aux blessures, alors ne soyez pas \"votre propre ma\u00eetre\" avec une telle p\u00e9dicure !<\/span>\n\t\t\t\t\t\t\t\t\t<\/li>\n\t\t\t\t\t\t\t\t<li class=\"elementor-icon-list-item\">\n\t\t\t\t\t\t\t\t\t\t\t<span class=\"elementor-icon-list-icon\">\n\t\t\t\t\t\t\t<i aria-hidden=\"true\" class=\"fas fa-spa\"><\/i>\t\t\t\t\t\t<\/span>\n\t\t\t\t\t\t\t\t\t\t<span class=\"elementor-icon-list-text\"> Les hommes vont aussi chez le p\u00e9dicure, mais pas pour en parler.<\/span>\n\t\t\t\t\t\t\t\t\t<\/li>\n\t\t\t\t\t\t\t\t<li class=\"elementor-icon-list-item\">\n\t\t\t\t\t\t\t\t\t\t\t<span class=\"elementor-icon-list-icon\">\n\t\t\t\t\t\t\t<i aria-hidden=\"true\" class=\"fas fa-spa\"><\/i>\t\t\t\t\t\t<\/span>\n\t\t\t\t\t\t\t\t\t\t<span class=\"elementor-icon-list-text\">Vous ne savez pas si vous avez \u00e9galement besoin d'une p\u00e9dicure professionnelle ? Contactez-nous et inscrivez-vous \u00e0 une consultation gratuite.<\/span>\n\t\t\t\t\t\t\t\t\t<\/li>\n\t\t\t\t\t\t<\/ul>\n\t\t\t\t<\/div>\n\t\t\t\t<\/div>\n\t\t\t\t\t\t<\/div>\n\t\t\t\t\t<\/div>\n\t\t<\/div>\n\t\t\t\t<div class=\"elementor-column elementor-col-50 elementor-top-column elementor-element elementor-element-287e8fb\" data-id=\"287e8fb\" data-element_type=\"column\">\n\t\t\t<div class=\"elementor-column-wrap elementor-element-populated\">\n\t\t\t\t\t\t\t<div class=\"elementor-widget-wrap\">\n\t\t\t\t\t\t<div class=\"elementor-element elementor-element-4d2b8e5 elementor-view-default elementor-widget elementor-widget-icon\" data-id=\"4d2b8e5\" data-element_type=\"widget\" data-widget_type=\"icon.default\">\n\t\t\t\t<div class=\"elementor-widget-container\">\n\t\t\t\t\t<div class=\"elementor-icon-wrapper\">\n\t\t\t<div class=\"elementor-icon\">\n\t\t\t<i aria-hidden=\"true\" class=\"fas fa-phone-alt\"><\/i>\t\t\t<\/div>\n\t\t<\/div>\n\t\t\t\t<\/div>\n\t\t\t\t<\/div>\n\t\t\t\t<div class=\"elementor-element elementor-element-c9dd079 elementor-align-center elementor-widget elementor-widget-button\" data-id=\"c9dd079\" data-element_type=\"widget\" data-widget_type=\"button.default\">\n\t\t\t\t<div class=\"elementor-widget-container\">\n\t\t\t\t\t<div class=\"elementor-button-wrapper\">\n\t\t\t<a href=\"https:\/\/wellnessaspara.com\/fr\/contact\/\" class=\"elementor-button-link elementor-button elementor-size-lg\" role=\"button\">\n\t\t\t\t\t\t<span class=\"elementor-button-content-wrapper\">\n\t\t\t\t\t\t\t<span class=\"elementor-button-icon elementor-align-icon-left\">\n\t\t\t\t<i aria-hidden=\"true\" class=\"far fa-calendar-alt\"><\/i>\t\t\t<\/span>\n\t\t\t\t\t\t<span class=\"elementor-button-text\">Prendre un rendez-vous<\/span>\n\t\t<\/span>\n\t\t\t\t\t<\/a>\n\t\t<\/div>\n\t\t\t\t<\/div>\n\t\t\t\t<\/div>\n\t\t\t\t<div class=\"elementor-element elementor-element-8c534be elementor-align-center elementor-widget elementor-widget-button\" data-id=\"8c534be\" data-element_type=\"widget\" data-widget_type=\"button.default\">\n\t\t\t\t<div class=\"elementor-widget-container\">\n\t\t\t\t\t<div class=\"elementor-button-wrapper\">\n\t\t\t<a href=\"https:\/\/wellnessaspara.com\/fr\/cosmetic-services\/\" class=\"elementor-button-link elementor-button elementor-size-lg\" role=\"button\">\n\t\t\t\t\t\t<span class=\"elementor-button-content-wrapper\">\n\t\t\t\t\t\t<span class=\"elementor-button-text\">Liste des prix<\/span>\n\t\t<\/span>\n\t\t\t\t\t<\/a>\n\t\t<\/div>\n\t\t\t\t<\/div>\n\t\t\t\t<\/div>\n\t\t\t\t\t\t<\/div>\n\t\t\t\t\t<\/div>\n\t\t<\/div>\n\t\t\t\t\t\t\t\t<\/div>\n\t\t\t\t\t<\/div>\n\t\t<\/section>\n\t\t\t\t<section class=\"elementor-section elementor-top-section elementor-element elementor-element-1fbbf19 elementor-section-boxed elementor-section-height-default elementor-section-height-default\" data-id=\"1fbbf19\" data-element_type=\"section\">\n\t\t\t\t\t\t<div class=\"elementor-container elementor-column-gap-default\">\n\t\t\t\t\t\t\t<div class=\"elementor-row\">\n\t\t\t\t\t<div class=\"elementor-column elementor-col-100 elementor-top-column elementor-element elementor-element-248a182\" data-id=\"248a182\" data-element_type=\"column\">\n\t\t\t<div class=\"elementor-column-wrap elementor-element-populated\">\n\t\t\t\t\t\t\t<div class=\"elementor-widget-wrap\">\n\t\t\t\t\t\t<div class=\"elementor-element elementor-element-f1b46b8 elementor-widget elementor-widget-gallery\" data-id=\"f1b46b8\" data-element_type=\"widget\" data-settings=\"{&quot;columns&quot;:3,&quot;image_hover_animation&quot;:&quot;shrink-contained&quot;,&quot;columns_tablet&quot;:3,&quot;lazyload&quot;:&quot;yes&quot;,&quot;gallery_layout&quot;:&quot;grid&quot;,&quot;columns_mobile&quot;:1,&quot;gap&quot;:{&quot;unit&quot;:&quot;px&quot;,&quot;size&quot;:10,&quot;sizes&quot;:[]},&quot;gap_tablet&quot;:{&quot;unit&quot;:&quot;px&quot;,&quot;size&quot;:10,&quot;sizes&quot;:[]},&quot;gap_mobile&quot;:{&quot;unit&quot;:&quot;px&quot;,&quot;size&quot;:10,&quot;sizes&quot;:[]},&quot;link_to&quot;:&quot;file&quot;,&quot;aspect_ratio&quot;:&quot;3:2&quot;,&quot;overlay_background&quot;:&quot;yes&quot;,&quot;content_hover_animation&quot;:&quot;fade-in&quot;}\" data-widget_type=\"gallery.default\">\n\t\t\t\t<div class=\"elementor-widget-container\">\n\t\t\t\t\t<div class=\"elementor-gallery__container\">\n\t\t\t\t\t\t\t<a class=\"e-gallery-item elementor-gallery-item elementor-animated-content\" href=\"https:\/\/wellnessaspara.com\/wp-content\/uploads\/2020\/01\/Aspara-Lepotni-salon-17.jpg\" data-elementor-open-lightbox=\"yes\" data-elementor-lightbox-slideshow=\"all-f1b46b8\" data-elementor-lightbox-title=\"Aspara Beauty salon\" data-elementor-lightbox-description=\"Aspara Beauty salon. It\u2019s time for your look to experience a renaissance. Visit our fitness or gym, beauty salon with excellent massages, treat yourself to face, body, hand or nail care and a very important pedicure.\" data-e-action-hash=\"#elementor-action%3Aaction%3Dlightbox%26settings%3DeyJpZCI6NzI3LCJ1cmwiOiJodHRwczpcL1wvd2VsbG5lc3Nhc3BhcmEuY29tXC93cC1jb250ZW50XC91cGxvYWRzXC8yMDIwXC8wMVwvQXNwYXJhLUxlcG90bmktc2Fsb24tMTcuanBnIiwic2xpZGVzaG93IjoiYWxsLWYxYjQ2YjgifQ%3D%3D\">\n\t\t\t\t\t<div class=\"e-gallery-image elementor-gallery-item__image\" data-thumbnail=\"https:\/\/wellnessaspara.com\/wp-content\/uploads\/2020\/01\/Aspara-Lepotni-salon-17.jpg\" data-width=\"1024\" data-height=\"683\" aria-label=\"Institut de beaut\u00e9 Aspara\" role=\"img\" ><\/div>\n\t\t\t\t\t\t\t\t\t\t\t<div class=\"elementor-gallery-item__overlay\"><\/div>\n\t\t\t\t\t\t\t\t\t\t\t\t\t\t<\/a>\n\t\t\t\t\t\t\t<a class=\"e-gallery-item elementor-gallery-item elementor-animated-content\" href=\"https:\/\/wellnessaspara.com\/wp-content\/uploads\/2020\/01\/Aspara-Lepotni-salon-15.jpg\" data-elementor-open-lightbox=\"yes\" data-elementor-lightbox-slideshow=\"all-f1b46b8\" data-elementor-lightbox-title=\"Aspara Beauty salon\" data-elementor-lightbox-description=\"Aspara Beauty salon. It\u2019s time for your look to experience a renaissance. Visit our fitness or gym, beauty salon with excellent massages, treat yourself to face, body, hand or nail care and a very important pedicure.\" data-e-action-hash=\"#elementor-action%3Aaction%3Dlightbox%26settings%3DeyJpZCI6NzI4LCJ1cmwiOiJodHRwczpcL1wvd2VsbG5lc3Nhc3BhcmEuY29tXC93cC1jb250ZW50XC91cGxvYWRzXC8yMDIwXC8wMVwvQXNwYXJhLUxlcG90bmktc2Fsb24tMTUuanBnIiwic2xpZGVzaG93IjoiYWxsLWYxYjQ2YjgifQ%3D%3D\">\n\t\t\t\t\t<div class=\"e-gallery-image elementor-gallery-item__image\" data-thumbnail=\"https:\/\/wellnessaspara.com\/wp-content\/uploads\/2020\/01\/Aspara-Lepotni-salon-15.jpg\" data-width=\"1000\" data-height=\"512\" aria-label=\"Institut de beaut\u00e9 Aspara\" role=\"img\" ><\/div>\n\t\t\t\t\t\t\t\t\t\t\t<div class=\"elementor-gallery-item__overlay\"><\/div>\n\t\t\t\t\t\t\t\t\t\t\t\t\t\t<\/a>\n\t\t\t\t\t\t\t<a class=\"e-gallery-item elementor-gallery-item elementor-animated-content\" href=\"https:\/\/wellnessaspara.com\/wp-content\/uploads\/2020\/01\/Aspara-Lepotni-salon-16.jpg\" data-elementor-open-lightbox=\"yes\" data-elementor-lightbox-slideshow=\"all-f1b46b8\" data-elementor-lightbox-title=\"Aspara Beauty salon\" data-elementor-lightbox-description=\"Aspara Beauty salon. It\u2019s time for your look to experience a renaissance. Visit our fitness or gym, beauty salon with excellent massages, treat yourself to face, body, hand or nail care and a very important pedicure.\" data-e-action-hash=\"#elementor-action%3Aaction%3Dlightbox%26settings%3DeyJpZCI6NzI5LCJ1cmwiOiJodHRwczpcL1wvd2VsbG5lc3Nhc3BhcmEuY29tXC93cC1jb250ZW50XC91cGxvYWRzXC8yMDIwXC8wMVwvQXNwYXJhLUxlcG90bmktc2Fsb24tMTYuanBnIiwic2xpZGVzaG93IjoiYWxsLWYxYjQ2YjgifQ%3D%3D\">\n\t\t\t\t\t<div class=\"e-gallery-image elementor-gallery-item__image\" data-thumbnail=\"https:\/\/wellnessaspara.com\/wp-content\/uploads\/2020\/01\/Aspara-Lepotni-salon-16.jpg\" data-width=\"683\" data-height=\"1024\" aria-label=\"Institut de beaut\u00e9 Aspara\" role=\"img\" ><\/div>\n\t\t\t\t\t\t\t\t\t\t\t<div class=\"elementor-gallery-item__overlay\"><\/div>\n\t\t\t\t\t\t\t\t\t\t\t\t\t\t<\/a>\n\t\t\t\t\t<\/div>\n\t\t\t<\/div>\n\t\t\t\t<\/div>\n\t\t\t\t\t\t<\/div>\n\t\t\t\t\t<\/div>\n\t\t<\/div>\n\t\t\t\t\t\t\t\t<\/div>\n\t\t\t\t\t<\/div>\n\t\t<\/section>\n\t\t\t\t\t\t\t\t\t<\/div>\n\t\t\t<\/div>\n\t\t\t\t\t<\/div>","protected":false},"excerpt":{"rendered":"<p>Pedicure 7 FACTS ABOUT PEDICURE THAT YOU DON\u2019T KNOW YET. Summer is here and now it&#8217;s time for beaches, barbecues and holidays! In the rush of this wonderful season, don&#8217;t forget to take care of your toenails. Nails on the feet they play an important role in our feet. Total[&#8230;]<\/p>","protected":false},"author":1,"featured_media":727,"parent":0,"menu_order":0,"comment_status":"closed","ping_status":"closed","template":"template-builder.php","meta":[],"_links":{"self":[{"href":"https:\/\/wellnessaspara.com\/fr\/wp-json\/wp\/v2\/pages\/637"}],"collection":[{"href":"https:\/\/wellnessaspara.com\/fr\/wp-json\/wp\/v2\/pages"}],"about":[{"href":"https:\/\/wellnessaspara.com\/fr\/wp-json\/wp\/v2\/types\/page"}],"author":[{"embeddable":true,"href":"https:\/\/wellnessaspara.com\/fr\/wp-json\/wp\/v2\/users\/1"}],"replies":[{"embeddable":true,"href":"https:\/\/wellnessaspara.com\/fr\/wp-json\/wp\/v2\/comments?post=637"}],"version-history":[{"count":10,"href":"https:\/\/wellnessaspara.com\/fr\/wp-json\/wp\/v2\/pages\/637\/revisions"}],"predecessor-version":[{"id":2778,"href":"https:\/\/wellnessaspara.com\/fr\/wp-json\/wp\/v2\/pages\/637\/revisions\/2778"}],"wp:featuredmedia":[{"embeddable":true,"href":"https:\/\/wellnessaspara.com\/fr\/wp-json\/wp\/v2\/media\/727"}],"wp:attachment":[{"href":"https:\/\/wellnessaspara.com\/fr\/wp-json\/wp\/v2\/media?parent=637"}],"curies":[{"name":"wp","href":"https:\/\/api.w.org\/{rel}","templated":true}]}}