{"id":3,"date":"2020-01-06T05:22:22","date_gmt":"2020-01-06T05:22:22","guid":{"rendered":"https:\/\/wellnessaspara.com\/?page_id=3"},"modified":"2020-10-07T07:04:59","modified_gmt":"2020-10-07T07:04:59","slug":"privacy-policy-2","status":"publish","type":"page","link":"https:\/\/wellnessaspara.com\/fr\/privacy-policy-2\/","title":{"rendered":"Politique de confidentialit\u00e9"},"content":{"rendered":"<div data-elementor-type=\"wp-page\" data-elementor-id=\"3\" class=\"elementor elementor-3\">\n\t\t\t\t\t\t<div class=\"elementor-inner\">\n\t\t\t\t<div class=\"elementor-section-wrap\">\n\t\t\t\t\t\t\t\t\t<section class=\"elementor-section elementor-top-section elementor-element elementor-element-eb1f784 elementor-section-boxed elementor-section-height-default elementor-section-height-default\" data-id=\"eb1f784\" data-element_type=\"section\">\n\t\t\t\t\t\t<div class=\"elementor-container elementor-column-gap-default\">\n\t\t\t\t\t\t\t<div class=\"elementor-row\">\n\t\t\t\t\t<div class=\"elementor-column elementor-col-100 elementor-top-column elementor-element elementor-element-1713707\" data-id=\"1713707\" data-element_type=\"column\">\n\t\t\t<div class=\"elementor-column-wrap elementor-element-populated\">\n\t\t\t\t\t\t\t<div class=\"elementor-widget-wrap\">\n\t\t\t\t\t\t<div class=\"elementor-element elementor-element-57f9e36 elementor-widget elementor-widget-heading\" data-id=\"57f9e36\" data-element_type=\"widget\" data-widget_type=\"heading.default\">\n\t\t\t\t<div class=\"elementor-widget-container\">\n\t\t\t<h1 class=\"elementor-heading-title elementor-size-default\">Politique de confidentialit\u00e9<\/h1>\t\t<\/div>\n\t\t\t\t<\/div>\n\t\t\t\t\t\t<\/div>\n\t\t\t\t\t<\/div>\n\t\t<\/div>\n\t\t\t\t\t\t\t\t<\/div>\n\t\t\t\t\t<\/div>\n\t\t<\/section>\n\t\t\t\t<section class=\"elementor-section elementor-top-section elementor-element elementor-element-580abf66 elementor-section-boxed elementor-section-height-default elementor-section-height-default\" data-id=\"580abf66\" data-element_type=\"section\">\n\t\t\t\t\t\t<div class=\"elementor-container elementor-column-gap-default\">\n\t\t\t\t\t\t\t<div class=\"elementor-row\">\n\t\t\t\t\t<div class=\"elementor-column elementor-col-100 elementor-top-column elementor-element elementor-element-304862da\" data-id=\"304862da\" data-element_type=\"column\">\n\t\t\t<div class=\"elementor-column-wrap elementor-element-populated\">\n\t\t\t\t\t\t\t<div class=\"elementor-widget-wrap\">\n\t\t\t\t\t\t<div class=\"elementor-element elementor-element-4f95faa elementor-widget elementor-widget-heading\" data-id=\"4f95faa\" data-element_type=\"widget\" data-widget_type=\"heading.default\">\n\t\t\t\t<div class=\"elementor-widget-container\">\n\t\t\t<h2 class=\"elementor-heading-title elementor-size-default\">De quoi avons-nous besoin ?\n\n<\/h2>\t\t<\/div>\n\t\t\t\t<\/div>\n\t\t\t\t<div class=\"elementor-element elementor-element-1732fe5 elementor-widget elementor-widget-text-editor\" data-id=\"1732fe5\" data-element_type=\"widget\" data-widget_type=\"text-editor.default\">\n\t\t\t\t<div class=\"elementor-widget-container\">\n\t\t\t\t\t\t\t\t<div class=\"elementor-text-editor elementor-clearfix\">\n\t\t\t\tNotre politique de confidentialit\u00e9 r\u00e9git l'utilisation et le stockage des donn\u00e9es. Vous pouvez consulter la politique de confidentialit\u00e9 sur la page de l'avis de confidentialit\u00e9 (ci-joint).\t\t\t\t\t<\/div>\n\t\t\t\t\t\t<\/div>\n\t\t\t\t<\/div>\n\t\t\t\t<div class=\"elementor-element elementor-element-b862805 elementor-widget elementor-widget-heading\" data-id=\"b862805\" data-element_type=\"widget\" data-widget_type=\"heading.default\">\n\t\t\t\t<div class=\"elementor-widget-container\">\n\t\t\t<h2 class=\"elementor-heading-title elementor-size-default\">Wellness-aspara.com | LEPOTNI CENTER DINO&amp;DINO, DINO IVANU\u0160A S.P. <\/h2>\t\t<\/div>\n\t\t\t\t<\/div>\n\t\t\t\t<div class=\"elementor-element elementor-element-67e9f26 elementor-widget elementor-widget-text-editor\" data-id=\"67e9f26\" data-element_type=\"widget\" data-widget_type=\"text-editor.default\">\n\t\t\t\t<div class=\"elementor-widget-container\">\n\t\t\t\t\t\t\t\t<div class=\"elementor-text-editor elementor-clearfix\">\n\t\t\t\t<p>est le responsable du traitement des donn\u00e9es \u00e0 caract\u00e8re personnel fournies (personne concern\u00e9e : vous, le client, le visiteur, etc.). Nous recueillons les types de donn\u00e9es \u00e0 caract\u00e8re personnel suivants :<\/p><ul><li>Adresse \u00e9lectronique ;<\/li><li>Nom et pr\u00e9nom, adresse, adresse \u00e9lectronique et num\u00e9ro de t\u00e9l\u00e9phone ;<\/li><li>Donn\u00e9es sur les moyens de paiement, telles que les donn\u00e9es des cartes de cr\u00e9dit ou de d\u00e9bit, Paypal et autres modes de paiement ;<\/li><li>Copies des documents personnels confirmant l'exactitude des donn\u00e9es personnelles ;<\/li><li>Les cookies ;<\/li><li>Google Analytics et le suivi des visites de Yandex et Cloudflare ;<\/li><li>Liens vers des profils personnels sur des groupes sociaux.<\/li><\/ul><p>Chaque donn\u00e9e personnelle est obtenue selon le type de donn\u00e9es en fonction de la n\u00e9cessit\u00e9 et avec un consentement distinct.<\/p>\t\t\t\t\t<\/div>\n\t\t\t\t\t\t<\/div>\n\t\t\t\t<\/div>\n\t\t\t\t<div class=\"elementor-element elementor-element-2b3f37a elementor-widget elementor-widget-heading\" data-id=\"2b3f37a\" data-element_type=\"widget\" data-widget_type=\"heading.default\">\n\t\t\t\t<div class=\"elementor-widget-container\">\n\t\t\t<h2 class=\"elementor-heading-title elementor-size-default\">Pourquoi en avons-nous besoin ? \n\n<\/h2>\t\t<\/div>\n\t\t\t\t<\/div>\n\t\t\t\t<div class=\"elementor-element elementor-element-4222697 elementor-widget elementor-widget-text-editor\" data-id=\"4222697\" data-element_type=\"widget\" data-widget_type=\"text-editor.default\">\n\t\t\t\t<div class=\"elementor-widget-container\">\n\t\t\t\t\t\t\t\t<div class=\"elementor-text-editor elementor-clearfix\">\n\t\t\t\t<p>Nous avons besoin de vos informations personnelles pour les services suivants :<\/p><ul><li>Adresse \u00e9lectronique pour r\u00e9pondre \u00e0 vos courriels ou messages envoy\u00e9s via les formulaires de contact ;<\/li><li>Adresse \u00e9lectronique pour l'envoi d'offres et de nouvelles \u00e9lectroniques ;<\/li><li>Nom et pr\u00e9nom, adresse, adresse \u00e9lectronique et num\u00e9ro de t\u00e9l\u00e9phone pour l'acceptation de r\u00e9servations, de demandes de renseignements et d'envoi d'offres ou en rapport avec la satisfaction de vos autres exigences ;<\/li><li>Nom et pr\u00e9nom, adresse, adresse \u00e9lectronique et num\u00e9ro de t\u00e9l\u00e9phone pour l'achat de ch\u00e8ques-cadeaux, de bons ou de services et d'articles li\u00e9s \u00e0 notre offre ;<\/li><li>Donn\u00e9es sur les moyens de paiement et copies de documents personnels pour la prestation de services ;<\/li><li>Adresse \u00e9lectronique pour le marketing automatis\u00e9 (confirmation des r\u00e9servations, remerciements pour les demandes et autres) ;<\/li><li>Cookies pour le fonctionnement des sites web ;<\/li><li>Communiquer par l'interm\u00e9diaire de groupes sociaux dont les profils personnels confirment un lien avec nous ;<\/li><li>Nom et pr\u00e9nom, adresse, adresse \u00e9lectronique et num\u00e9ro de t\u00e9l\u00e9phone pour les sweepstakes occasionnels ou autres promotions avec votre autorisation pr\u00e9alable ;<\/li><li>Donn\u00e9es agr\u00e9g\u00e9es de Google Analytics ou Yandex Direct et Cloudflare pour le suivi du trafic et l'analyse interne afin d'am\u00e9liorer le contenu.<\/li><\/ul>\t\t\t\t\t<\/div>\n\t\t\t\t\t\t<\/div>\n\t\t\t\t<\/div>\n\t\t\t\t<div class=\"elementor-element elementor-element-f4908a0 elementor-widget elementor-widget-heading\" data-id=\"f4908a0\" data-element_type=\"widget\" data-widget_type=\"heading.default\">\n\t\t\t\t<div class=\"elementor-widget-container\">\n\t\t\t<h2 class=\"elementor-heading-title elementor-size-default\">Que faisons-nous des informations personnelles ?<\/h2>\t\t<\/div>\n\t\t\t\t<\/div>\n\t\t\t\t<div class=\"elementor-element elementor-element-1843f71 elementor-widget elementor-widget-text-editor\" data-id=\"1843f71\" data-element_type=\"widget\" data-widget_type=\"text-editor.default\">\n\t\t\t\t<div class=\"elementor-widget-container\">\n\t\t\t\t\t\t\t\t<div class=\"elementor-text-editor elementor-clearfix\">\n\t\t\t\t<p>Vos donn\u00e9es personnelles sont trait\u00e9es dans <b>LEPOTNI CENTER DINO&amp;DINO, DINO IVANU\u0160A S.P.<\/b>LJUBLJANSKA CESTA 91A, 3000 Celjelocated in Slovenia. L'h\u00e9bergement et le stockage des donn\u00e9es ont lieu \u00e0<b>https:\/\/wellnessaspara.com<\/b> qui est situ\u00e9 dans les pays de l'Union europ\u00e9enne.<\/p><p>Aucun fournisseur tiers n'a acc\u00e8s \u00e0 vos informations, sauf si la loi l'exige.<\/p>\t\t\t\t\t<\/div>\n\t\t\t\t\t\t<\/div>\n\t\t\t\t<\/div>\n\t\t\t\t<div class=\"elementor-element elementor-element-026a007 elementor-widget elementor-widget-heading\" data-id=\"026a007\" data-element_type=\"widget\" data-widget_type=\"heading.default\">\n\t\t\t\t<div class=\"elementor-widget-container\">\n\t\t\t<h2 class=\"elementor-heading-title elementor-size-default\">Combien de temps les gardons-nous ?<\/h2>\t\t<\/div>\n\t\t\t\t<\/div>\n\t\t\t\t<div class=\"elementor-element elementor-element-c1cfc49 elementor-widget elementor-widget-text-editor\" data-id=\"c1cfc49\" data-element_type=\"widget\" data-widget_type=\"text-editor.default\">\n\t\t\t\t<div class=\"elementor-widget-container\">\n\t\t\t\t\t\t\t\t<div class=\"elementor-text-editor elementor-clearfix\">\n\t\t\t\tConform\u00e9ment \u00e0 la loi ou \u00e0 la politique de conservation des donn\u00e9es, nous sommes oblig\u00e9s de stocker vos donn\u00e9es selon le calendrier de conservation des donn\u00e9es personnelles (la dur\u00e9e maximale est de 20 ans ou moins). Apr\u00e8s cette p\u00e9riode, vos donn\u00e9es personnelles seront archiv\u00e9es. Toutes les donn\u00e9es personnelles que nous d\u00e9tenons \u00e0 des fins d'information, de marketing et de support seront conserv\u00e9es jusqu'\u00e0 ce que vous nous fassiez savoir que vous ne souhaitez plus recevoir ces informations en cliquant sur le bouton de d\u00e9sabonnement ou en utilisant le formulaire de retrait, mais pas plus longtemps que la p\u00e9riode maximale de conservation. Pour plus d'informations sur le plan de conservation des donn\u00e9es personnelles, voir la politique de s\u00e9curit\u00e9.\t\t\t\t\t<\/div>\n\t\t\t\t\t\t<\/div>\n\t\t\t\t<\/div>\n\t\t\t\t<div class=\"elementor-element elementor-element-481d184 elementor-widget elementor-widget-heading\" data-id=\"481d184\" data-element_type=\"widget\" data-widget_type=\"heading.default\">\n\t\t\t\t<div class=\"elementor-widget-container\">\n\t\t\t<h2 class=\"elementor-heading-title elementor-size-default\">Quels sont vos droits ? \n\n<\/h2>\t\t<\/div>\n\t\t\t\t<\/div>\n\t\t\t\t<div class=\"elementor-element elementor-element-d70dc39 elementor-widget elementor-widget-text-editor\" data-id=\"d70dc39\" data-element_type=\"widget\" data-widget_type=\"text-editor.default\">\n\t\t\t\t<div class=\"elementor-widget-container\">\n\t\t\t\t\t\t\t\t<div class=\"elementor-text-editor elementor-clearfix\">\n\t\t\t\tSi vous pensez que les informations personnelles que nous d\u00e9tenons \u00e0 votre sujet sont incorrectes ou incompl\u00e8tes, vous avez la possibilit\u00e9 de soumettre une demande de r\u00e9vision, de correction ou de suppression de ces informations. Contactez-nous via (Formulaire de demande d'acc\u00e8s aux donn\u00e9es). Si vous souhaitez vous plaindre de la mani\u00e8re dont nous avons trait\u00e9 vos donn\u00e9es \u00e0 caract\u00e8re personnel, veuillez contacter la personne autoris\u00e9e pour la protection des donn\u00e9es ou. Personne de contact pour la protection des donn\u00e9es (CPD, Contact pour la protection des donn\u00e9es) \u00e0 l'adresse \u00e9lectronique info@wellnessaspara.com ou par \u00e9crit \u00e0\u00a0\u00a0<span style=\"font-weight: bold;\">LEPOTNI CENTER DINO&amp;DINO, DINO IVANU\u0160A S.P.<\/span>LJUBLJANSKA CESTA 91A, 3000 Celje,\n\nNotre CPD examinera alors votre plainte et vous informera de la r\u00e9solution de l'affaire. Si vous pensez toujours que vos donn\u00e9es \u00e0 caract\u00e8re personnel n'ont pas \u00e9t\u00e9 trait\u00e9es correctement conform\u00e9ment \u00e0 la loi, vous pouvez contacter le commissaire \u00e0 l'information et d\u00e9poser une plainte aupr\u00e8s de lui. Vous pouvez utiliser le formulaire sp\u00e9cial qui se trouve sur la page Avis de confidentialit\u00e9 pour demander l'acc\u00e8s aux politiques et documents relatifs \u00e0 la protection de la vie priv\u00e9e.\t\t\t\t\t<\/div>\n\t\t\t\t\t\t<\/div>\n\t\t\t\t<\/div>\n\t\t\t\t<div class=\"elementor-element elementor-element-3f0f6ed elementor-widget elementor-widget-text-editor\" data-id=\"3f0f6ed\" data-element_type=\"widget\" data-widget_type=\"text-editor.default\">\n\t\t\t\t<div class=\"elementor-widget-container\">\n\t\t\t\t\t\t\t\t<div class=\"elementor-text-editor elementor-clearfix\">\n\t\t\t\t<p>Celje, 20.5.2018, Ver. Dokumenta : 1.0<\/p>\t\t\t\t\t<\/div>\n\t\t\t\t\t\t<\/div>\n\t\t\t\t<\/div>\n\t\t\t\t\t\t<\/div>\n\t\t\t\t\t<\/div>\n\t\t<\/div>\n\t\t\t\t\t\t\t\t<\/div>\n\t\t\t\t\t<\/div>\n\t\t<\/section>\n\t\t\t\t\t\t\t\t\t<\/div>\n\t\t\t<\/div>\n\t\t\t\t\t<\/div>","protected":false},"excerpt":{"rendered":"<p>Privacy policy What we need? Our privacy policy governs the use and storage of data. You can view the privacy policy on the Privacy Notice page (attached below). Wellness-aspara.com | LEPOTNI CENTER DINO&amp;DINO, DINO IVANU\u0160A S.P. is the controller of personal data provided (data subject: you, the customer, the visitor,[&#8230;]<\/p>","protected":false},"author":1,"featured_media":0,"parent":0,"menu_order":0,"comment_status":"closed","ping_status":"closed","template":"template-builder.php","meta":[],"_links":{"self":[{"href":"https:\/\/wellnessaspara.com\/fr\/wp-json\/wp\/v2\/pages\/3"}],"collection":[{"href":"https:\/\/wellnessaspara.com\/fr\/wp-json\/wp\/v2\/pages"}],"about":[{"href":"https:\/\/wellnessaspara.com\/fr\/wp-json\/wp\/v2\/types\/page"}],"author":[{"embeddable":true,"href":"https:\/\/wellnessaspara.com\/fr\/wp-json\/wp\/v2\/users\/1"}],"replies":[{"embeddable":true,"href":"https:\/\/wellnessaspara.com\/fr\/wp-json\/wp\/v2\/comments?post=3"}],"version-history":[{"count":10,"href":"https:\/\/wellnessaspara.com\/fr\/wp-json\/wp\/v2\/pages\/3\/revisions"}],"predecessor-version":[{"id":2794,"href":"https:\/\/wellnessaspara.com\/fr\/wp-json\/wp\/v2\/pages\/3\/revisions\/2794"}],"wp:attachment":[{"href":"https:\/\/wellnessaspara.com\/fr\/wp-json\/wp\/v2\/media?parent=3"}],"curies":[{"name":"wp","href":"https:\/\/api.w.org\/{rel}","templated":true}]}}