{"id":2509,"date":"2020-07-17T05:36:06","date_gmt":"2020-07-17T05:36:06","guid":{"rendered":"https:\/\/wellnessaspara.com\/?page_id=2509"},"modified":"2020-10-06T12:56:56","modified_gmt":"2020-10-06T12:56:56","slug":"dry-co2-bath","status":"publish","type":"page","link":"https:\/\/wellnessaspara.com\/fr\/dry-co2-bath\/","title":{"rendered":"Bain sec de CO2"},"content":{"rendered":"<div data-elementor-type=\"wp-page\" data-elementor-id=\"2509\" class=\"elementor elementor-2509\">\n\t\t\t\t\t\t<div class=\"elementor-inner\">\n\t\t\t\t<div class=\"elementor-section-wrap\">\n\t\t\t\t\t\t\t\t\t<section class=\"elementor-section elementor-top-section elementor-element elementor-element-95bbb71 elementor-section-boxed elementor-section-height-default elementor-section-height-default\" data-id=\"95bbb71\" data-element_type=\"section\">\n\t\t\t\t\t\t<div class=\"elementor-container elementor-column-gap-default\">\n\t\t\t\t\t\t\t<div class=\"elementor-row\">\n\t\t\t\t\t<div class=\"elementor-column elementor-col-100 elementor-top-column elementor-element elementor-element-83ac1f0\" data-id=\"83ac1f0\" data-element_type=\"column\">\n\t\t\t<div class=\"elementor-column-wrap elementor-element-populated\">\n\t\t\t\t\t\t\t<div class=\"elementor-widget-wrap\">\n\t\t\t\t\t\t<section class=\"elementor-section elementor-inner-section elementor-element elementor-element-5bd641f elementor-section-boxed elementor-section-height-default elementor-section-height-default\" data-id=\"5bd641f\" data-element_type=\"section\">\n\t\t\t\t\t\t<div class=\"elementor-container elementor-column-gap-default\">\n\t\t\t\t\t\t\t<div class=\"elementor-row\">\n\t\t\t\t\t<div class=\"elementor-column elementor-col-50 elementor-inner-column elementor-element elementor-element-1ffb562\" data-id=\"1ffb562\" data-element_type=\"column\">\n\t\t\t<div class=\"elementor-column-wrap elementor-element-populated\">\n\t\t\t\t\t\t\t<div class=\"elementor-widget-wrap\">\n\t\t\t\t\t\t<div class=\"elementor-element elementor-element-ce2b80c elementor-widget elementor-widget-text-editor\" data-id=\"ce2b80c\" data-element_type=\"widget\" data-widget_type=\"text-editor.default\">\n\t\t\t\t<div class=\"elementor-widget-container\">\n\t\t\t\t\t\t\t\t<div class=\"elementor-text-editor elementor-clearfix\">\n\t\t\t\t<h4>\u00a0<\/h4><h4>\u00a0<\/h4><h4>\u00a0<\/h4><h4>La cellulite est une nuisance \u00e0 laquelle presque toutes les femmes sont confront\u00e9es. Elle appara\u00eet au d\u00e9but du cycle de vie, mais avec le temps, dans la plupart des cas, elle se r\u00e9pand encore plus et devient encore plus visible.<\/h4>\t\t\t\t\t<\/div>\n\t\t\t\t\t\t<\/div>\n\t\t\t\t<\/div>\n\t\t\t\t\t\t<\/div>\n\t\t\t\t\t<\/div>\n\t\t<\/div>\n\t\t\t\t<div class=\"elementor-column elementor-col-50 elementor-inner-column elementor-element elementor-element-bf30535\" data-id=\"bf30535\" data-element_type=\"column\">\n\t\t\t<div class=\"elementor-column-wrap elementor-element-populated\">\n\t\t\t\t\t\t\t<div class=\"elementor-widget-wrap\">\n\t\t\t\t\t\t<div class=\"elementor-element elementor-element-0ff609a elementor-widget elementor-widget-heading\" data-id=\"0ff609a\" data-element_type=\"widget\" data-widget_type=\"heading.default\">\n\t\t\t\t<div class=\"elementor-widget-container\">\n\t\t\t<h2 class=\"elementor-heading-title elementor-size-default\">Le saviez-vous ?<\/h2>\t\t<\/div>\n\t\t\t\t<\/div>\n\t\t\t\t<div class=\"elementor-element elementor-element-7f25440 elementor-widget elementor-widget-text-editor\" data-id=\"7f25440\" data-element_type=\"widget\" data-widget_type=\"text-editor.default\">\n\t\t\t\t<div class=\"elementor-widget-container\">\n\t\t\t\t\t\t\t\t<div class=\"elementor-text-editor elementor-clearfix\">\n\t\t\t\t<p>L'apparition de la cellulite sur le corps a peu \u00e0 voir avec le mode de vie d'un individu (on pense aussi \u00e0 l'exercice physique et au r\u00e9gime alimentaire), bien que les femmes remarquent souvent que l'incidence de la cellulite est plus \u00e9lev\u00e9e lorsqu'elles prennent du poids.<\/p><p>Les caract\u00e9ristiques g\u00e9n\u00e9tiques d'un individu sont \u00e9galement \u00e0 l'origine de la formation de la cellulite. Outre l'apparition de la cellulite, les femmes remarquent qu'elles ont \u00e9galement des probl\u00e8mes de r\u00e9duction des centim\u00e8tres suppl\u00e9mentaires au niveau des cuisses, du bas-ventre, au-dessus des hanches et sur la poitrine.<\/p>\t\t\t\t\t<\/div>\n\t\t\t\t\t\t<\/div>\n\t\t\t\t<\/div>\n\t\t\t\t\t\t<\/div>\n\t\t\t\t\t<\/div>\n\t\t<\/div>\n\t\t\t\t\t\t\t\t<\/div>\n\t\t\t\t\t<\/div>\n\t\t<\/section>\n\t\t\t\t<section class=\"elementor-section elementor-inner-section elementor-element elementor-element-957650e elementor-section-boxed elementor-section-height-default elementor-section-height-default\" data-id=\"957650e\" data-element_type=\"section\">\n\t\t\t\t\t\t<div class=\"elementor-container elementor-column-gap-default\">\n\t\t\t\t\t\t\t<div class=\"elementor-row\">\n\t\t\t\t\t<div class=\"elementor-column elementor-col-50 elementor-inner-column elementor-element elementor-element-132557c\" data-id=\"132557c\" data-element_type=\"column\">\n\t\t\t<div class=\"elementor-column-wrap elementor-element-populated\">\n\t\t\t\t\t\t\t<div class=\"elementor-widget-wrap\">\n\t\t\t\t\t\t<div class=\"elementor-element elementor-element-5129d54 elementor-widget elementor-widget-image\" data-id=\"5129d54\" data-element_type=\"widget\" data-widget_type=\"image.default\">\n\t\t\t\t<div class=\"elementor-widget-container\">\n\t\t\t\t\t\t\t\t<div class=\"elementor-image\">\n\t\t\t\t\t\t\t\t\t\t\t\t<img decoding=\"async\" width=\"620\" height=\"759\" src=\"https:\/\/wellnessaspara.com\/wp-content\/uploads\/2020\/04\/prejpotem-carbo-aspara.jpg\" class=\"attachment-large size-large wp-image-2002\" alt=\"before after carbo aspara\" loading=\"lazy\" srcset=\"https:\/\/wellnessaspara.com\/wp-content\/uploads\/2020\/04\/prejpotem-carbo-aspara.jpg 620w, https:\/\/wellnessaspara.com\/wp-content\/uploads\/2020\/04\/prejpotem-carbo-aspara-245x300.jpg 245w\" sizes=\"(max-width: 620px) 100vw, 620px\" \/>\t\t\t\t\t\t\t\t\t\t\t\t\t\t<\/div>\n\t\t\t\t\t\t<\/div>\n\t\t\t\t<\/div>\n\t\t\t\t\t\t<\/div>\n\t\t\t\t\t<\/div>\n\t\t<\/div>\n\t\t\t\t<div class=\"elementor-column elementor-col-50 elementor-inner-column elementor-element elementor-element-1af7bf4\" data-id=\"1af7bf4\" data-element_type=\"column\">\n\t\t\t<div class=\"elementor-column-wrap elementor-element-populated\">\n\t\t\t\t\t\t\t<div class=\"elementor-widget-wrap\">\n\t\t\t\t\t\t<div class=\"elementor-element elementor-element-94bb9d9 elementor-widget elementor-widget-heading\" data-id=\"94bb9d9\" data-element_type=\"widget\" data-widget_type=\"heading.default\">\n\t\t\t\t<div class=\"elementor-widget-container\">\n\t\t\t<h2 class=\"elementor-heading-title elementor-size-default\">Bain sec de CO2<\/h2>\t\t<\/div>\n\t\t\t\t<\/div>\n\t\t\t\t<div class=\"elementor-element elementor-element-7fe24fb elementor-widget elementor-widget-text-editor\" data-id=\"7fe24fb\" data-element_type=\"widget\" data-widget_type=\"text-editor.default\">\n\t\t\t\t<div class=\"elementor-widget-container\">\n\t\t\t\t\t\t\t\t<div class=\"elementor-text-editor elementor-clearfix\">\n\t\t\t\test la seule intervention anti-cellulite qui peut \u00e9galement \u00eatre r\u00e9alis\u00e9e sur des zones du corps affect\u00e9es par des varices et des capillaires. L'importance du traitement r\u00e9side dans le fait que la co\u00efncidence de la cellulite et des capillaires dilat\u00e9s ou la pr\u00e9disposition \u00e0 leur apparition est pr\u00e9sente chez 70% des femmes de tous \u00e2ges. Pour un groupe aussi important de femmes, le traitement Carbo est le seul traitement anticellulite appropri\u00e9.\t\t\t\t\t<\/div>\n\t\t\t\t\t\t<\/div>\n\t\t\t\t<\/div>\n\t\t\t\t<div class=\"elementor-element elementor-element-d9b97d9 elementor-widget elementor-widget-text-editor\" data-id=\"d9b97d9\" data-element_type=\"widget\" data-widget_type=\"text-editor.default\">\n\t\t\t\t<div class=\"elementor-widget-container\">\n\t\t\t\t\t\t\t\t<div class=\"elementor-text-editor elementor-clearfix\">\n\t\t\t\t<ul>\n <li>\n<div style = \"margin: 0cm 0cm 0pt;\"> <strong> <span style = \"font-size: 10pt; line-height: 115%; font-family: Verdana, sans-serif;\"> <span style = \"font-size: 10pt; font-family: Verdana, sans-serif;\"> <span style = \"font-size: 10pt; font-family: Verdana, sans-serif;\"> favorise la circulation sanguine dans les tissus et les approvisionne en oxyg\u00e8ne <\/span><\/span><\/span><\/\u25cf<\/div> <\/li>\n <li>\n<div style = \"margin: 0cm 0cm 0pt;\"> <strong> <span style = \"font-size: 10pt; line-height: 115%; font-family: Verdana, sans-serif;\"> <span style = \"font-size: 10pt; font-family: Verdana, sans-serif;\"> <span style = \"font-size: 10pt; font-family: Verdana, sans-serif;\"> lib\u00e9rer le liquide stagnant dans les tissus <\/span> <\/span> <\/span> <\/strong> <\/div> <\/li>\n <li>\n<div style = \"margin: 0cm 0cm 0pt;\"> <strong> <span style = \"font-size: 10pt; line-height: 115%; font-family: Verdana, sans-serif;\"> <span style = \"font-size: 10pt; font-family: Verdana, sans-serif;\"> <span style = \"font-size: 10pt; font-family: Verdana, sans-serif;\"> r\u00e9gule le Ph dans le sang et les tissus <\/span> <\/span> <\/span> <\/strong> <\/div> <\/li>\n <li>\n<div style = \"margin: 0cm 0cm 0pt;\"> <strong> <span style = \"font-size: 10pt; line-height: 115%; font-family: Verdana, sans-serif;\"> <span style = \"font-size: 10pt; font-family: Verdana, sans-serif;\"> <span style = \"font-size: 10pt; font-family: Verdana, sans-serif;\"> d\u00e9toxifie et a un effet positif sur les vaisseaux sanguins. <\/span> <\/span> <\/span> <\/strong> <\/div> <\/li>\n<\/ul>\n\t\t\t\t\t<\/div>\n\t\t\t\t\t\t<\/div>\n\t\t\t\t<\/div>\n\t\t\t\t<div class=\"elementor-element elementor-element-e7ac0df elementor-widget elementor-widget-text-editor\" data-id=\"e7ac0df\" data-element_type=\"widget\" data-widget_type=\"text-editor.default\">\n\t\t\t\t<div class=\"elementor-widget-container\">\n\t\t\t\t\t\t\t\t<div class=\"elementor-text-editor elementor-clearfix\">\n\t\t\t\tLa m\u00e9thode du bain de carbone sec permet de r\u00e9duire efficacement et consid\u00e9rablement les d\u00e9p\u00f4ts de graisse et la cellulite et de renforcer les tissus conjonctifs.\nLa proc\u00e9dure est s\u00fbre et relaxante, elle d\u00e9clenche des processus qui se d\u00e9roulent autrement lors d'une activit\u00e9 physique.\nUn bain sec de CO <sub> 2 <\/sub> Le bain est la seule proc\u00e9dure anti-cellulite appropri\u00e9e qui peut \u00eatre effectu\u00e9e sur les zones du corps pr\u00e9sentant des capillaires et des veines dilat\u00e9es. Nous le recommandons \u00e9galement \u00e0 ceux qui ont des probl\u00e8mes de pieds douloureux.\t\t\t\t\t<\/div>\n\t\t\t\t\t\t<\/div>\n\t\t\t\t<\/div>\n\t\t\t\t\t\t<\/div>\n\t\t\t\t\t<\/div>\n\t\t<\/div>\n\t\t\t\t\t\t\t\t<\/div>\n\t\t\t\t\t<\/div>\n\t\t<\/section>\n\t\t\t\t\t\t<\/div>\n\t\t\t\t\t<\/div>\n\t\t<\/div>\n\t\t\t\t\t\t\t\t<\/div>\n\t\t\t\t\t<\/div>\n\t\t<\/section>\n\t\t\t\t\t\t\t\t\t<\/div>\n\t\t\t<\/div>\n\t\t\t\t\t<\/div>","protected":false},"excerpt":{"rendered":"<p>\u00a0 \u00a0 \u00a0 Cellulite is a nuisance that almost every woman faces. It appears early in the life cycle, but over time in most cases it spreads even more and becomes even more visible. Did you know? The appearance of cellulite on the body has little to do with an[&#8230;]<\/p>","protected":false},"author":6,"featured_media":2060,"parent":0,"menu_order":0,"comment_status":"closed","ping_status":"closed","template":"elementor_header_footer","meta":[],"_links":{"self":[{"href":"https:\/\/wellnessaspara.com\/fr\/wp-json\/wp\/v2\/pages\/2509"}],"collection":[{"href":"https:\/\/wellnessaspara.com\/fr\/wp-json\/wp\/v2\/pages"}],"about":[{"href":"https:\/\/wellnessaspara.com\/fr\/wp-json\/wp\/v2\/types\/page"}],"author":[{"embeddable":true,"href":"https:\/\/wellnessaspara.com\/fr\/wp-json\/wp\/v2\/users\/6"}],"replies":[{"embeddable":true,"href":"https:\/\/wellnessaspara.com\/fr\/wp-json\/wp\/v2\/comments?post=2509"}],"version-history":[{"count":7,"href":"https:\/\/wellnessaspara.com\/fr\/wp-json\/wp\/v2\/pages\/2509\/revisions"}],"predecessor-version":[{"id":2756,"href":"https:\/\/wellnessaspara.com\/fr\/wp-json\/wp\/v2\/pages\/2509\/revisions\/2756"}],"wp:featuredmedia":[{"embeddable":true,"href":"https:\/\/wellnessaspara.com\/fr\/wp-json\/wp\/v2\/media\/2060"}],"wp:attachment":[{"href":"https:\/\/wellnessaspara.com\/fr\/wp-json\/wp\/v2\/media?parent=2509"}],"curies":[{"name":"wp","href":"https:\/\/api.w.org\/{rel}","templated":true}]}}