{"id":227,"date":"2020-01-10T21:30:54","date_gmt":"2020-01-10T21:30:54","guid":{"rendered":"https:\/\/wellnessaspara.com\/?page_id=227"},"modified":"2020-10-05T08:22:39","modified_gmt":"2020-10-05T08:22:39","slug":"beauty-salon","status":"publish","type":"page","link":"https:\/\/wellnessaspara.com\/fr\/beauty-salon\/","title":{"rendered":"Salon de beaut\u00e9"},"content":{"rendered":"<div data-elementor-type=\"wp-page\" data-elementor-id=\"227\" class=\"elementor elementor-227\">\n\t\t\t\t\t\t<div class=\"elementor-inner\">\n\t\t\t\t<div class=\"elementor-section-wrap\">\n\t\t\t\t\t\t\t\t\t<section class=\"elementor-section elementor-top-section elementor-element elementor-element-ab0079b elementor-section-boxed elementor-section-height-default elementor-section-height-default\" data-id=\"ab0079b\" data-element_type=\"section\">\n\t\t\t\t\t\t<div class=\"elementor-container elementor-column-gap-default\">\n\t\t\t\t\t\t\t<div class=\"elementor-row\">\n\t\t\t\t\t<div class=\"elementor-column elementor-col-100 elementor-top-column elementor-element elementor-element-1ee4333\" data-id=\"1ee4333\" data-element_type=\"column\">\n\t\t\t<div class=\"elementor-column-wrap elementor-element-populated\">\n\t\t\t\t\t\t\t<div class=\"elementor-widget-wrap\">\n\t\t\t\t\t\t<div class=\"elementor-element elementor-element-fabfe6d elementor-widget elementor-widget-heading\" data-id=\"fabfe6d\" data-element_type=\"widget\" data-widget_type=\"heading.default\">\n\t\t\t\t<div class=\"elementor-widget-container\">\n\t\t\t<h1 class=\"elementor-heading-title elementor-size-default\">Salon de beaut\u00e9<\/h1>\t\t<\/div>\n\t\t\t\t<\/div>\n\t\t\t\t<section class=\"elementor-section elementor-inner-section elementor-element elementor-element-67e1cca elementor-section-boxed elementor-section-height-default elementor-section-height-default\" data-id=\"67e1cca\" data-element_type=\"section\">\n\t\t\t\t\t\t<div class=\"elementor-container elementor-column-gap-default\">\n\t\t\t\t\t\t\t<div class=\"elementor-row\">\n\t\t\t\t\t<div class=\"elementor-column elementor-col-50 elementor-inner-column elementor-element elementor-element-d77d28e\" data-id=\"d77d28e\" data-element_type=\"column\">\n\t\t\t<div class=\"elementor-column-wrap elementor-element-populated\">\n\t\t\t\t\t\t\t<div class=\"elementor-widget-wrap\">\n\t\t\t\t\t\t<div class=\"elementor-element elementor-element-1d80ffa elementor-widget elementor-widget-text-editor\" data-id=\"1d80ffa\" data-element_type=\"widget\" data-widget_type=\"text-editor.default\">\n\t\t\t\t<div class=\"elementor-widget-container\">\n\t\t\t\t\t\t\t\t<div class=\"elementor-text-editor elementor-clearfix\">\n\t\t\t\t<h4>Aspara propose une collection de traitements et d'exp\u00e9riences de relaxation s\u00e9lectionn\u00e9s pour le bien-\u00eatre. Une fantastique \u00e9quipe d'experts propose des traitements et des techniques qui rajeunissent le corps et l'esprit.\nAvec nous, vous profiterez d'un \u00e9tat de paix et de bien-\u00eatre.<\/h4>\t\t\t\t\t<\/div>\n\t\t\t\t\t\t<\/div>\n\t\t\t\t<\/div>\n\t\t\t\t<div class=\"elementor-element elementor-element-9fdf5ce elementor-widget elementor-widget-image\" data-id=\"9fdf5ce\" data-element_type=\"widget\" data-widget_type=\"image.default\">\n\t\t\t\t<div class=\"elementor-widget-container\">\n\t\t\t\t\t\t\t\t<div class=\"elementor-image\">\n\t\t\t\t\t\t\t\t\t\t\t\t<img decoding=\"async\" width=\"638\" height=\"425\" src=\"https:\/\/wellnessaspara.com\/wp-content\/uploads\/2020\/04\/Nega-obraza-Aspara.jpg\" class=\"attachment-large size-large wp-image-1972\" alt=\"Aspara facial care\" loading=\"lazy\" srcset=\"https:\/\/wellnessaspara.com\/wp-content\/uploads\/2020\/04\/Nega-obraza-Aspara.jpg 638w, https:\/\/wellnessaspara.com\/wp-content\/uploads\/2020\/04\/Nega-obraza-Aspara-300x200.jpg 300w\" sizes=\"(max-width: 638px) 100vw, 638px\" \/>\t\t\t\t\t\t\t\t\t\t\t\t\t\t<\/div>\n\t\t\t\t\t\t<\/div>\n\t\t\t\t<\/div>\n\t\t\t\t\t\t<\/div>\n\t\t\t\t\t<\/div>\n\t\t<\/div>\n\t\t\t\t<div class=\"elementor-column elementor-col-50 elementor-inner-column elementor-element elementor-element-bb15838\" data-id=\"bb15838\" data-element_type=\"column\">\n\t\t\t<div class=\"elementor-column-wrap elementor-element-populated\">\n\t\t\t\t\t\t\t<div class=\"elementor-widget-wrap\">\n\t\t\t\t\t\t<div class=\"elementor-element elementor-element-f584b1a elementor-widget elementor-widget-text-editor\" data-id=\"f584b1a\" data-element_type=\"widget\" data-widget_type=\"text-editor.default\">\n\t\t\t\t<div class=\"elementor-widget-container\">\n\t\t\t\t\t\t\t\t<div class=\"elementor-text-editor elementor-clearfix\">\n\t\t\t\t<p>Une fois que vous avez d\u00e9cid\u00e9 d'aller dans un salon de beaut\u00e9, prenez l'assurance de mieux voir. En g\u00e9n\u00e9ral, lorsqu'on parle d'un salon de beaut\u00e9, on pense \u00e0 la relaxation, et les massages dans le salon prennent soin de votre apparence g\u00e9n\u00e9rale en plus de votre bien-\u00eatre.<\/p><p>Dans notre salon de beaut\u00e9, vous pouvez recevoir des soins corporels, des traitements par appareils efficaces, des traitements des mains et des pieds, des peelings sous forme de nettoyage, ce qui vous permettra d'avoir une vid\u00e9o corporelle plus rajeunie.<\/p><p>Voici quelques am\u00e9liorations esth\u00e9tiques que vous obtiendrez :<\/p><ul><li>Nous allons arr\u00eater le vieillissement de la peau.<\/li><li>Nous tonifierons votre peau et \u00e9liminerons les cellules mortes du derme.<\/li><li>Votre peau sera ainsi hydrat\u00e9e, nourrie et aura un teint impeccable.<\/li><li>Si vous souffrez de cellulite ou de r\u00e9tention d'eau dans l'organisme, nous vous aiderons \u00e0 la combattre. Nous <a href=\"https:\/\/wellnessaspara.com\/fr\/dry-co2-bath\/\">recommander ce traitement<\/a><\/li><li>M\u00eame si vous n'aimez pas faire du sport, nous vous aiderons \u00e0 perdre du poids.<\/li><li>Nous vous aiderons \u00e0 maintenir <a href=\"https:\/\/wellnessaspara.com\/fr\/cosmetic-services\/\">un pas facile et des pieds bien rang\u00e9s<\/a><\/li><\/ul>\t\t\t\t\t<\/div>\n\t\t\t\t\t\t<\/div>\n\t\t\t\t<\/div>\n\t\t\t\t\t\t<\/div>\n\t\t\t\t\t<\/div>\n\t\t<\/div>\n\t\t\t\t\t\t\t\t<\/div>\n\t\t\t\t\t<\/div>\n\t\t<\/section>\n\t\t\t\t\t\t<\/div>\n\t\t\t\t\t<\/div>\n\t\t<\/div>\n\t\t\t\t\t\t\t\t<\/div>\n\t\t\t\t\t<\/div>\n\t\t<\/section>\n\t\t\t\t<section class=\"elementor-section elementor-top-section elementor-element elementor-element-fdd8fd6 elementor-section-boxed elementor-section-height-default elementor-section-height-default\" data-id=\"fdd8fd6\" data-element_type=\"section\">\n\t\t\t\t\t\t<div class=\"elementor-container elementor-column-gap-default\">\n\t\t\t\t\t\t\t<div class=\"elementor-row\">\n\t\t\t\t\t<div class=\"elementor-column elementor-col-100 elementor-top-column elementor-element elementor-element-242a97e\" data-id=\"242a97e\" data-element_type=\"column\">\n\t\t\t<div class=\"elementor-column-wrap elementor-element-populated\">\n\t\t\t\t\t\t\t<div class=\"elementor-widget-wrap\">\n\t\t\t\t\t\t<div class=\"elementor-element elementor-element-0ded61a elementor-align-justify elementor-widget elementor-widget-button\" data-id=\"0ded61a\" data-element_type=\"widget\" data-widget_type=\"button.default\">\n\t\t\t\t<div class=\"elementor-widget-container\">\n\t\t\t\t\t<div class=\"elementor-button-wrapper\">\n\t\t\t<a href=\"https:\/\/wellnessaspara.com\/fr\/cosmetic-services\/\" class=\"elementor-button-link elementor-button elementor-size-lg\" role=\"button\">\n\t\t\t\t\t\t<span class=\"elementor-button-content-wrapper\">\n\t\t\t\t\t\t<span class=\"elementor-button-text\"> Liste des prix<\/span>\n\t\t<\/span>\n\t\t\t\t\t<\/a>\n\t\t<\/div>\n\t\t\t\t<\/div>\n\t\t\t\t<\/div>\n\t\t\t\t<div class=\"elementor-element elementor-element-430482a elementor-widget elementor-widget-shortcode\" data-id=\"430482a\" data-element_type=\"widget\" data-widget_type=\"shortcode.default\">\n\t\t\t\t<div class=\"elementor-widget-container\">\n\t\t\t\t\t<div class=\"elementor-shortcode\"><\/div>\n\t\t\t\t<\/div>\n\t\t\t\t<\/div>\n\t\t\t\t<div class=\"elementor-element elementor-element-32be56a elementor-align-justify elementor-widget elementor-widget-button\" data-id=\"32be56a\" data-element_type=\"widget\" data-widget_type=\"button.default\">\n\t\t\t\t<div class=\"elementor-widget-container\">\n\t\t\t\t\t<div class=\"elementor-button-wrapper\">\n\t\t\t<a href=\"https:\/\/www.facebook.com\/groups\/4165343886812697\/about\/\" class=\"elementor-button-link elementor-button elementor-size-lg\" role=\"button\">\n\t\t\t\t\t\t<span class=\"elementor-button-content-wrapper\">\n\t\t\t\t\t\t\t<span class=\"elementor-button-icon elementor-align-icon-left\">\n\t\t\t\t<i aria-hidden=\"true\" class=\"fab fa-facebook-square\"><\/i>\t\t\t<\/span>\n\t\t\t\t\t\t<span class=\"elementor-button-text\"> Rejoindre le groupe<\/span>\n\t\t<\/span>\n\t\t\t\t\t<\/a>\n\t\t<\/div>\n\t\t\t\t<\/div>\n\t\t\t\t<\/div>\n\t\t\t\t\t\t<\/div>\n\t\t\t\t\t<\/div>\n\t\t<\/div>\n\t\t\t\t\t\t\t\t<\/div>\n\t\t\t\t\t<\/div>\n\t\t<\/section>\n\t\t\t\t\t\t\t\t\t<\/div>\n\t\t\t<\/div>\n\t\t\t\t\t<\/div>","protected":false},"excerpt":{"rendered":"<p>Kozmeti\u010dni Salon Aspara ponuja zbirko izbranih tretmajev in sprostitvenih do\u017eivetij za dobro po\u010dutje. Fantasti\u010dna ekipa strokovnjakov ponuja tretmaje in tehnike, ki pomlajujejo telo in um. Pri nas boste u\u017eivali v stanju miru in dobrega po\u010dutja. Ko se odlo\u010dte, da boste \u0161li v kozmeti\u010dni salon, storite to zagotvo, da boste videti[&#8230;]<\/p>","protected":false},"author":1,"featured_media":2524,"parent":0,"menu_order":0,"comment_status":"closed","ping_status":"closed","template":"template-builder.php","meta":[],"_links":{"self":[{"href":"https:\/\/wellnessaspara.com\/fr\/wp-json\/wp\/v2\/pages\/227"}],"collection":[{"href":"https:\/\/wellnessaspara.com\/fr\/wp-json\/wp\/v2\/pages"}],"about":[{"href":"https:\/\/wellnessaspara.com\/fr\/wp-json\/wp\/v2\/types\/page"}],"author":[{"embeddable":true,"href":"https:\/\/wellnessaspara.com\/fr\/wp-json\/wp\/v2\/users\/1"}],"replies":[{"embeddable":true,"href":"https:\/\/wellnessaspara.com\/fr\/wp-json\/wp\/v2\/comments?post=227"}],"version-history":[{"count":29,"href":"https:\/\/wellnessaspara.com\/fr\/wp-json\/wp\/v2\/pages\/227\/revisions"}],"predecessor-version":[{"id":2655,"href":"https:\/\/wellnessaspara.com\/fr\/wp-json\/wp\/v2\/pages\/227\/revisions\/2655"}],"wp:featuredmedia":[{"embeddable":true,"href":"https:\/\/wellnessaspara.com\/fr\/wp-json\/wp\/v2\/media\/2524"}],"wp:attachment":[{"href":"https:\/\/wellnessaspara.com\/fr\/wp-json\/wp\/v2\/media?parent=227"}],"curies":[{"name":"wp","href":"https:\/\/api.w.org\/{rel}","templated":true}]}}