{"id":1581,"date":"2020-01-19T16:01:29","date_gmt":"2020-01-19T16:01:29","guid":{"rendered":"https:\/\/wellnessaspara.com\/?page_id=1581"},"modified":"2020-10-06T14:36:40","modified_gmt":"2020-10-06T14:36:40","slug":"impressum","status":"publish","type":"page","link":"https:\/\/wellnessaspara.com\/fr\/impressum\/","title":{"rendered":"Impressum"},"content":{"rendered":"<div data-elementor-type=\"wp-page\" data-elementor-id=\"1581\" class=\"elementor elementor-1581\">\n\t\t\t\t\t\t<div class=\"elementor-inner\">\n\t\t\t\t<div class=\"elementor-section-wrap\">\n\t\t\t\t\t\t\t\t\t<section class=\"elementor-section elementor-top-section elementor-element elementor-element-519996b elementor-section-boxed elementor-section-height-default elementor-section-height-default\" data-id=\"519996b\" data-element_type=\"section\">\n\t\t\t\t\t\t<div class=\"elementor-container elementor-column-gap-default\">\n\t\t\t\t\t\t\t<div class=\"elementor-row\">\n\t\t\t\t\t<div class=\"elementor-column elementor-col-100 elementor-top-column elementor-element elementor-element-fa1eb4f\" data-id=\"fa1eb4f\" data-element_type=\"column\">\n\t\t\t<div class=\"elementor-column-wrap elementor-element-populated\">\n\t\t\t\t\t\t\t<div class=\"elementor-widget-wrap\">\n\t\t\t\t\t\t<div class=\"elementor-element elementor-element-0840f69 elementor-widget elementor-widget-heading\" data-id=\"0840f69\" data-element_type=\"widget\" data-widget_type=\"heading.default\">\n\t\t\t\t<div class=\"elementor-widget-container\">\n\t\t\t<h1 class=\"elementor-heading-title elementor-size-default\">Impressum<\/h1>\t\t<\/div>\n\t\t\t\t<\/div>\n\t\t\t\t\t\t<\/div>\n\t\t\t\t\t<\/div>\n\t\t<\/div>\n\t\t\t\t\t\t\t\t<\/div>\n\t\t\t\t\t<\/div>\n\t\t<\/section>\n\t\t\t\t<section class=\"elementor-section elementor-top-section elementor-element elementor-element-8fb2407 elementor-section-boxed elementor-section-height-default elementor-section-height-default\" data-id=\"8fb2407\" data-element_type=\"section\">\n\t\t\t\t\t\t<div class=\"elementor-container elementor-column-gap-default\">\n\t\t\t\t\t\t\t<div class=\"elementor-row\">\n\t\t\t\t\t<div class=\"elementor-column elementor-col-100 elementor-top-column elementor-element elementor-element-e48d3cc\" data-id=\"e48d3cc\" data-element_type=\"column\">\n\t\t\t<div class=\"elementor-column-wrap elementor-element-populated\">\n\t\t\t\t\t\t\t<div class=\"elementor-widget-wrap\">\n\t\t\t\t\t\t<div class=\"elementor-element elementor-element-9b9d1ee elementor-widget elementor-widget-heading\" data-id=\"9b9d1ee\" data-element_type=\"widget\" data-widget_type=\"heading.default\">\n\t\t\t\t<div class=\"elementor-widget-container\">\n\t\t\t<h2 class=\"elementor-heading-title elementor-size-default\">\u00c9ditorial<\/h2>\t\t<\/div>\n\t\t\t\t<\/div>\n\t\t\t\t<div class=\"elementor-element elementor-element-f195a2e elementor-widget elementor-widget-text-editor\" data-id=\"f195a2e\" data-element_type=\"widget\" data-widget_type=\"text-editor.default\">\n\t\t\t\t<div class=\"elementor-widget-container\">\n\t\t\t\t\t\t\t\t<div class=\"elementor-text-editor elementor-clearfix\">\n\t\t\t\tNous avons pr\u00e9par\u00e9 les sites web nous-m\u00eames, en collaboration avec le fournisseur de services web.\t\t\t\t\t<\/div>\n\t\t\t\t\t\t<\/div>\n\t\t\t\t<\/div>\n\t\t\t\t<div class=\"elementor-element elementor-element-7eaf1f7 elementor-widget elementor-widget-heading\" data-id=\"7eaf1f7\" data-element_type=\"widget\" data-widget_type=\"heading.default\">\n\t\t\t\t<div class=\"elementor-widget-container\">\n\t\t\t<h2 class=\"elementor-heading-title elementor-size-default\">L'objectif des sites web<\/h2>\t\t<\/div>\n\t\t\t\t<\/div>\n\t\t\t\t<div class=\"elementor-element elementor-element-1a50458 elementor-widget elementor-widget-text-editor\" data-id=\"1a50458\" data-element_type=\"widget\" data-widget_type=\"text-editor.default\">\n\t\t\t\t<div class=\"elementor-widget-container\">\n\t\t\t\t\t\t\t\t<div class=\"elementor-text-editor elementor-clearfix\">\n\t\t\t\t<p>Les donn\u00e9es figurant sur le site sont repr\u00e9sentatives du domaine d'activit\u00e9 de base pour lequel nous sommes enregistr\u00e9s - la production de meubles de construction et d'int\u00e9rieur. Nous nous engageons \u00e0 garantir que les informations figurant sur le site web sont v\u00e9ridiques, fiables et de bonne qualit\u00e9.<\/p><p>Nous ne sommes pas responsables des erreurs typographiques, nous nous r\u00e9servons le droit de modifier le contenu \u00e0 tout moment et sans pr\u00e9avis, s'il n'est pas conforme \u00e0 notre politique d'entreprise.<\/p>\t\t\t\t\t<\/div>\n\t\t\t\t\t\t<\/div>\n\t\t\t\t<\/div>\n\t\t\t\t<div class=\"elementor-element elementor-element-e9a5df9 elementor-widget elementor-widget-heading\" data-id=\"e9a5df9\" data-element_type=\"widget\" data-widget_type=\"heading.default\">\n\t\t\t\t<div class=\"elementor-widget-container\">\n\t\t\t<h2 class=\"elementor-heading-title elementor-size-default\">Droit d'utilisation<\/h2>\t\t<\/div>\n\t\t\t\t<\/div>\n\t\t\t\t<div class=\"elementor-element elementor-element-008f38f elementor-widget elementor-widget-text-editor\" data-id=\"008f38f\" data-element_type=\"widget\" data-widget_type=\"text-editor.default\">\n\t\t\t\t<div class=\"elementor-widget-container\">\n\t\t\t\t\t\t\t\t<div class=\"elementor-text-editor elementor-clearfix\">\n\t\t\t\tLe site web et tout son contenu sont prot\u00e9g\u00e9s par des droits de propri\u00e9t\u00e9 industrielle et intellectuelle. Toute information, texte, image ou autre \u00e9l\u00e9ment graphique figurant sur ce site web peut \u00eatre utilis\u00e9 exclusivement pour votre usage personnel et non commercial et ne peut, en tout ou en partie, \u00eatre reproduit, modifi\u00e9, distribu\u00e9, conc\u00e9d\u00e9 sous licence ou publi\u00e9 sous forme de publications dans un but autre que la consultation sans l'autorisation \u00e9crite pr\u00e9alable de l'administrateur.\t\t\t\t\t<\/div>\n\t\t\t\t\t\t<\/div>\n\t\t\t\t<\/div>\n\t\t\t\t<div class=\"elementor-element elementor-element-358a336 elementor-widget elementor-widget-heading\" data-id=\"358a336\" data-element_type=\"widget\" data-widget_type=\"heading.default\">\n\t\t\t\t<div class=\"elementor-widget-container\">\n\t\t\t<h2 class=\"elementor-heading-title elementor-size-default\">Prendre ses responsabilit\u00e9s<\/h2>\t\t<\/div>\n\t\t\t\t<\/div>\n\t\t\t\t<div class=\"elementor-element elementor-element-dcaa26e elementor-widget elementor-widget-text-editor\" data-id=\"dcaa26e\" data-element_type=\"widget\" data-widget_type=\"text-editor.default\">\n\t\t\t\t<div class=\"elementor-widget-container\">\n\t\t\t\t\t\t\t\t<div class=\"elementor-text-editor elementor-clearfix\">\n\t\t\t\t<p>Lors de la conception d'un site web, nous nous effor\u00e7ons de garantir l'actualit\u00e9 et l'exactitude des donn\u00e9es. Nous ne garantissons pas leur exactitude et leur exhaustivit\u00e9 et n'assumons aucune responsabilit\u00e9 d\u00e9coulant de leur utilisation. Tous les utilisateurs utilisent le contenu publi\u00e9 \u00e0 leurs propres risques.<\/p><p>Nous nous r\u00e9servons le droit de modifier le contenu de nos sites web \u00e0 tout moment, de quelque mani\u00e8re que ce soit, pour quelque raison que ce soit et sans pr\u00e9avis.<\/p>\t\t\t\t\t<\/div>\n\t\t\t\t\t\t<\/div>\n\t\t\t\t<\/div>\n\t\t\t\t<div class=\"elementor-element elementor-element-46012d6 elementor-widget elementor-widget-heading\" data-id=\"46012d6\" data-element_type=\"widget\" data-widget_type=\"heading.default\">\n\t\t\t\t<div class=\"elementor-widget-container\">\n\t\t\t<h2 class=\"elementor-heading-title elementor-size-default\">Mise en \u0153uvre technologique<\/h2>\t\t<\/div>\n\t\t\t\t<\/div>\n\t\t\t\t<div class=\"elementor-element elementor-element-545ece0 elementor-widget elementor-widget-text-editor\" data-id=\"545ece0\" data-element_type=\"widget\" data-widget_type=\"text-editor.default\">\n\t\t\t\t<div class=\"elementor-widget-container\">\n\t\t\t\t\t\t\t\t<div class=\"elementor-text-editor elementor-clearfix\">\n\t\t\t\tLa mise en \u0153uvre technologique a \u00e9t\u00e9 assur\u00e9e par la soci\u00e9t\u00e9 Marcelino d.o.o. en coop\u00e9ration avec notre soci\u00e9t\u00e9.\t\t\t\t\t<\/div>\n\t\t\t\t\t\t<\/div>\n\t\t\t\t<\/div>\n\t\t\t\t<div class=\"elementor-element elementor-element-56a9b0d elementor-widget elementor-widget-heading\" data-id=\"56a9b0d\" data-element_type=\"widget\" data-widget_type=\"heading.default\">\n\t\t\t\t<div class=\"elementor-widget-container\">\n\t\t\t<h2 class=\"elementor-heading-title elementor-size-default\">SITE WEB<\/h2>\t\t<\/div>\n\t\t\t\t<\/div>\n\t\t\t\t<div class=\"elementor-element elementor-element-914a3fa elementor-widget elementor-widget-text-editor\" data-id=\"914a3fa\" data-element_type=\"widget\" data-widget_type=\"text-editor.default\">\n\t\t\t\t<div class=\"elementor-widget-container\">\n\t\t\t\t\t\t\t\t<div class=\"elementor-text-editor elementor-clearfix\">\n\t\t\t\t<p>Wellness Aspara<br \/><a href=\"https:\/\/wellnessaspara.com\/fr\/\">www.wellnessaspara.com<\/a><\/p><p><b>LEPOTNI CENTER DINO&amp;DINO, DINO IVANU\u0160A S.P.<\/b><br \/>Ljubljanska cesta 91 A<br \/>3000 Celje<\/p><p>Mafia : +386 (0) 40 494 444<br \/>T\u00e9l : +386 (0) 590 876 00<\/p><p>Informations par e-mail :\u00a0<a href=\"mailto:info@wellnessaspara.com\">info@wellnessaspara.com<\/a><br \/>Email Team :\u00a0<a href=\"mailto:aspara.team@gmail.com\">aspara.team@gmail.com<\/a><\/p>\t\t\t\t\t<\/div>\n\t\t\t\t\t\t<\/div>\n\t\t\t\t<\/div>\n\t\t\t\t<div class=\"elementor-element elementor-element-25a3d70 elementor-widget elementor-widget-heading\" data-id=\"25a3d70\" data-element_type=\"widget\" data-widget_type=\"heading.default\">\n\t\t\t\t<div class=\"elementor-widget-container\">\n\t\t\t<h2 class=\"elementor-heading-title elementor-size-default\">Informations sur les entreprises<\/h2>\t\t<\/div>\n\t\t\t\t<\/div>\n\t\t\t\t<div class=\"elementor-element elementor-element-ba03afe elementor-align-left elementor-icon-list--layout-traditional elementor-list-item-link-full_width elementor-widget elementor-widget-icon-list\" data-id=\"ba03afe\" data-element_type=\"widget\" data-widget_type=\"icon-list.default\">\n\t\t\t\t<div class=\"elementor-widget-container\">\n\t\t\t\t\t<ul class=\"elementor-icon-list-items\">\n\t\t\t\t\t\t\t<li class=\"elementor-icon-list-item\">\n\t\t\t\t\t\t\t\t\t\t\t<span class=\"elementor-icon-list-icon\">\n\t\t\t\t\t\t\t<i aria-hidden=\"true\" class=\"fas fa-circle\"><\/i>\t\t\t\t\t\t<\/span>\n\t\t\t\t\t\t\t\t\t\t<span class=\"elementor-icon-list-text\">Nom : LEPOTNI CENTER DINO&amp;DINO, DINO IVANU\u0160A S.P.<\/span>\n\t\t\t\t\t\t\t\t\t<\/li>\n\t\t\t\t\t\t\t\t<li class=\"elementor-icon-list-item\">\n\t\t\t\t\t\t\t\t\t\t\t<span class=\"elementor-icon-list-icon\">\n\t\t\t\t\t\t\t<i aria-hidden=\"true\" class=\"fas fa-circle\"><\/i>\t\t\t\t\t\t<\/span>\n\t\t\t\t\t\t\t\t\t\t<span class=\"elementor-icon-list-text\">Adresse : LJUBLJANSKA CESTA 91 A , 3000 CELJE<\/span>\n\t\t\t\t\t\t\t\t\t<\/li>\n\t\t\t\t\t\t\t\t<li class=\"elementor-icon-list-item\">\n\t\t\t\t\t\t\t\t\t\t\t<span class=\"elementor-icon-list-icon\">\n\t\t\t\t\t\t\t<i aria-hidden=\"true\" class=\"fas fa-circle\"><\/i>\t\t\t\t\t\t<\/span>\n\t\t\t\t\t\t\t\t\t\t<span class=\"elementor-icon-list-text\">Statut : Fizi\u010dna oseba<\/span>\n\t\t\t\t\t\t\t\t\t<\/li>\n\t\t\t\t\t\t\t\t<li class=\"elementor-icon-list-item\">\n\t\t\t\t\t\t\t\t\t\t\t<span class=\"elementor-icon-list-icon\">\n\t\t\t\t\t\t\t<i aria-hidden=\"true\" class=\"fas fa-circle\"><\/i>\t\t\t\t\t\t<\/span>\n\t\t\t\t\t\t\t\t\t\t<span class=\"elementor-icon-list-text\">ID TVA : SI63087740<\/span>\n\t\t\t\t\t\t\t\t\t<\/li>\n\t\t\t\t\t\t\t\t<li class=\"elementor-icon-list-item\">\n\t\t\t\t\t\t\t\t\t\t\t<span class=\"elementor-icon-list-icon\">\n\t\t\t\t\t\t\t<i aria-hidden=\"true\" class=\"fas fa-circle\"><\/i>\t\t\t\t\t\t<\/span>\n\t\t\t\t\t\t\t\t\t\t<span class=\"elementor-icon-list-text\">Num\u00e9ro d'enregistrement : 6873006000<\/span>\n\t\t\t\t\t\t\t\t\t<\/li>\n\t\t\t\t\t\t\t\t<li class=\"elementor-icon-list-item\">\n\t\t\t\t\t\t\t\t\t\t\t<span class=\"elementor-icon-list-icon\">\n\t\t\t\t\t\t\t<i aria-hidden=\"true\" class=\"fas fa-circle\"><\/i>\t\t\t\t\t\t<\/span>\n\t\t\t\t\t\t\t\t\t\t<span class=\"elementor-icon-list-text\">Date d'enregistrement pour VA : <\/span>\n\t\t\t\t\t\t\t\t\t<\/li>\n\t\t\t\t\t\t\t\t<li class=\"elementor-icon-list-item\">\n\t\t\t\t\t\t\t\t\t\t\t<span class=\"elementor-icon-list-icon\">\n\t\t\t\t\t\t\t<i aria-hidden=\"true\" class=\"fas fa-circle\"><\/i>\t\t\t\t\t\t<\/span>\n\t\t\t\t\t\t\t\t\t\t<span class=\"elementor-icon-list-text\"> Code d'activit\u00e9 : 96.022 (Kozmeti\u010dna in pedikerska dejavnost)<\/span>\n\t\t\t\t\t\t\t\t\t<\/li>\n\t\t\t\t\t\t\t\t<li class=\"elementor-icon-list-item\">\n\t\t\t\t\t\t\t\t\t\t\t<span class=\"elementor-icon-list-icon\">\n\t\t\t\t\t\t\t<i aria-hidden=\"true\" class=\"fas fa-circle\"><\/i>\t\t\t\t\t\t<\/span>\n\t\t\t\t\t\t\t\t\t\t<span class=\"elementor-icon-list-text\">DURS : DU Celje<\/span>\n\t\t\t\t\t\t\t\t\t<\/li>\n\t\t\t\t\t\t<\/ul>\n\t\t\t\t<\/div>\n\t\t\t\t<\/div>\n\t\t\t\t<div class=\"elementor-element elementor-element-4cf72de elementor-widget elementor-widget-text-editor\" data-id=\"4cf72de\" data-element_type=\"widget\" data-widget_type=\"text-editor.default\">\n\t\t\t\t<div class=\"elementor-widget-container\">\n\t\t\t\t\t\t\t\t<div class=\"elementor-text-editor elementor-clearfix\">\n\t\t\t\t<p style=\"padding-left: 40px;\"><strong>COMPTE BANCAIRE ACTIF :<br \/><\/strong>Num\u00e9ro de compte\u00a0<b>|\u00a0<\/b>Tapez<b>\u00a0|\u00a0<\/b>Banque\u00a0<b>\u00a0|\u00a0\u00a0<\/b>Ouvrez<br \/>SI5603116-1000725715<b>\u00a0|<\/b>\u00a0T\u00a0<b>|<\/b>\u00a0SKB Banka<b>\u00a0|\u00a0<\/b>\u00a001.08.2017<\/p>\t\t\t\t\t<\/div>\n\t\t\t\t\t\t<\/div>\n\t\t\t\t<\/div>\n\t\t\t\t\t\t<\/div>\n\t\t\t\t\t<\/div>\n\t\t<\/div>\n\t\t\t\t\t\t\t\t<\/div>\n\t\t\t\t\t<\/div>\n\t\t<\/section>\n\t\t\t\t\t\t\t\t\t<\/div>\n\t\t\t<\/div>\n\t\t\t\t\t<\/div>","protected":false},"excerpt":{"rendered":"<p>Impressum Editorial We prepared the websites ourselves together with the web service provider. The purpose of websites The data on the website are of a representative nature from the field of basic activity for which we are registered \u2013 production of building and interior furniture. We are committed to ensuring[&#8230;]<\/p>","protected":false},"author":1,"featured_media":0,"parent":0,"menu_order":0,"comment_status":"closed","ping_status":"closed","template":"template-builder.php","meta":[],"_links":{"self":[{"href":"https:\/\/wellnessaspara.com\/fr\/wp-json\/wp\/v2\/pages\/1581"}],"collection":[{"href":"https:\/\/wellnessaspara.com\/fr\/wp-json\/wp\/v2\/pages"}],"about":[{"href":"https:\/\/wellnessaspara.com\/fr\/wp-json\/wp\/v2\/types\/page"}],"author":[{"embeddable":true,"href":"https:\/\/wellnessaspara.com\/fr\/wp-json\/wp\/v2\/users\/1"}],"replies":[{"embeddable":true,"href":"https:\/\/wellnessaspara.com\/fr\/wp-json\/wp\/v2\/comments?post=1581"}],"version-history":[{"count":7,"href":"https:\/\/wellnessaspara.com\/fr\/wp-json\/wp\/v2\/pages\/1581\/revisions"}],"predecessor-version":[{"id":2769,"href":"https:\/\/wellnessaspara.com\/fr\/wp-json\/wp\/v2\/pages\/1581\/revisions\/2769"}],"wp:attachment":[{"href":"https:\/\/wellnessaspara.com\/fr\/wp-json\/wp\/v2\/media?parent=1581"}],"curies":[{"name":"wp","href":"https:\/\/api.w.org\/{rel}","templated":true}]}}