{"id":1578,"date":"2020-01-19T16:00:16","date_gmt":"2020-01-19T16:00:16","guid":{"rendered":"https:\/\/wellnessaspara.com\/?page_id=1578"},"modified":"2020-10-07T07:42:12","modified_gmt":"2020-10-07T07:42:12","slug":"terms-of-conditions","status":"publish","type":"page","link":"https:\/\/wellnessaspara.com\/fr\/terms-of-conditions\/","title":{"rendered":"Conditions g\u00e9n\u00e9rales"},"content":{"rendered":"<div data-elementor-type=\"wp-page\" data-elementor-id=\"1578\" class=\"elementor elementor-1578\">\n\t\t\t\t\t\t<div class=\"elementor-inner\">\n\t\t\t\t<div class=\"elementor-section-wrap\">\n\t\t\t\t\t\t\t\t\t<section class=\"elementor-section elementor-top-section elementor-element elementor-element-9c64a11 elementor-section-boxed elementor-section-height-default elementor-section-height-default\" data-id=\"9c64a11\" data-element_type=\"section\">\n\t\t\t\t\t\t<div class=\"elementor-container elementor-column-gap-default\">\n\t\t\t\t\t\t\t<div class=\"elementor-row\">\n\t\t\t\t\t<div class=\"elementor-column elementor-col-100 elementor-top-column elementor-element elementor-element-5f0a0c0\" data-id=\"5f0a0c0\" data-element_type=\"column\">\n\t\t\t<div class=\"elementor-column-wrap elementor-element-populated\">\n\t\t\t\t\t\t\t<div class=\"elementor-widget-wrap\">\n\t\t\t\t\t\t<div class=\"elementor-element elementor-element-dc2ddc3 elementor-widget elementor-widget-heading\" data-id=\"dc2ddc3\" data-element_type=\"widget\" data-widget_type=\"heading.default\">\n\t\t\t\t<div class=\"elementor-widget-container\">\n\t\t\t<h1 class=\"elementor-heading-title elementor-size-default\">Conditions g\u00e9n\u00e9rales<\/h1>\t\t<\/div>\n\t\t\t\t<\/div>\n\t\t\t\t<div class=\"elementor-element elementor-element-7279a5a elementor-widget elementor-widget-heading\" data-id=\"7279a5a\" data-element_type=\"widget\" data-widget_type=\"heading.default\">\n\t\t\t\t<div class=\"elementor-widget-container\">\n\t\t\t<h2 class=\"elementor-heading-title elementor-size-default\">CONDITIONS G\u00c9N\u00c9RALES D'UTILISATION<\/h2>\t\t<\/div>\n\t\t\t\t<\/div>\n\t\t\t\t<div class=\"elementor-element elementor-element-3879abf elementor-widget elementor-widget-text-editor\" data-id=\"3879abf\" data-element_type=\"widget\" data-widget_type=\"text-editor.default\">\n\t\t\t\t<div class=\"elementor-widget-container\">\n\t\t\t\t\t\t\t\t<div class=\"elementor-text-editor elementor-clearfix\">\n\t\t\t\t<p>Bienvenue sur wellnessaspara.com !<\/p><p>Les pr\u00e9sentes conditions g\u00e9n\u00e9rales d\u00e9crivent les r\u00e8gles et r\u00e9glementations d'utilisation du site web <b> BEAUTY CENTER DINO &amp; amp ; DINO, DINO IVANU\u0160A SP <\/b>, situ\u00e9 \u00e0 <span style=\"font-weight: bold;\"> https : \/\/ wellnessaspara .com <\/span><\/p><p>En acc\u00e9dant \u00e0 ce site, nous supposons que vous acceptez ces conditions. Ne continuez pas \u00e0 utiliser <b> https:\/\/wellnessaspara.com <\/b> \u00e0 moins que vous n'acceptiez toutes les conditions \u00e9num\u00e9r\u00e9es sur cette page.<\/p><p>La terminologie suivante fait r\u00e9f\u00e9rence aux pr\u00e9sentes conditions g\u00e9n\u00e9rales, \u00e0 la d\u00e9claration de confidentialit\u00e9 et \u00e0 la clause de non-responsabilit\u00e9 ainsi qu'\u00e0 tous les accords : \"client\", \"vous\" et \"votre\" font r\u00e9f\u00e9rence \u00e0 vous, les personnes qui se connectent \u00e0 ce site web et qui respectent les conditions de la soci\u00e9t\u00e9. Les termes \"soci\u00e9t\u00e9\", \"Sebi\", \"nous\", \"notre\" et \"nos\" font r\u00e9f\u00e9rence \u00e0 notre soci\u00e9t\u00e9. Les termes \"Client\", \"Parties\" ou \"nous\" d\u00e9signent \u00e0 la fois le Client et nous-m\u00eames. Toutes les conditions concernent l'offre, l'acceptation et la prise en compte du paiement requis pour mener \u00e0 bien notre proc\u00e9dure d'assistance \u00e0 la client\u00e8le de la mani\u00e8re la plus appropri\u00e9e, dans le but expr\u00e8s de r\u00e9pondre aux besoins du client de fournir ces services conform\u00e9ment et sous r\u00e9serve du droit slov\u00e8ne applicable. Toute utilisation de la terminologie ci-dessus ou d'autres mots au singulier, au pluriel, en majuscules et \/ ou il \/ elle est consid\u00e9r\u00e9(e) comme interchangeable et se r\u00e9f\u00e8re donc \u00e0 la m\u00eame chose.<\/p>\t\t\t\t\t<\/div>\n\t\t\t\t\t\t<\/div>\n\t\t\t\t<\/div>\n\t\t\t\t<div class=\"elementor-element elementor-element-86ec871 elementor-widget elementor-widget-heading\" data-id=\"86ec871\" data-element_type=\"widget\" data-widget_type=\"heading.default\">\n\t\t\t\t<div class=\"elementor-widget-container\">\n\t\t\t<h2 class=\"elementor-heading-title elementor-size-default\">\nCookies<\/h2>\t\t<\/div>\n\t\t\t\t<\/div>\n\t\t\t\t<div class=\"elementor-element elementor-element-15d9501 elementor-widget elementor-widget-text-editor\" data-id=\"15d9501\" data-element_type=\"widget\" data-widget_type=\"text-editor.default\">\n\t\t\t\t<div class=\"elementor-widget-container\">\n\t\t\t\t\t\t\t\t<div class=\"elementor-text-editor elementor-clearfix\">\n\t\t\t\tLe site web utilise des cookies. En acc\u00e9dant \u00e0 <b> https:\/\/wellnessaspara.com <\/b>vous avez accept\u00e9 d'utiliser des cookies en accord avec la soci\u00e9t\u00e9 <b> BEAUTY CENTER DINO &amp; amp ; DINO, DINO IVANU\u0160A S.P. <\/b> et la politique de confidentialit\u00e9 du site. La plupart des sites web interactifs utilisent des cookies, qui nous permettent d'obtenir des informations sur l'utilisateur \u00e0 chaque visite. Nous utilisons des cookies sur notre site web pour permettre la fonctionnalit\u00e9 de certaines zones et pour faciliter l'utilisation des visiteurs qui se rendent sur notre site web. Certains de nos partenaires affili\u00e9s \/ publicitaires peuvent \u00e9galement utiliser des cookies de tiers.\t\t\t\t\t<\/div>\n\t\t\t\t\t\t<\/div>\n\t\t\t\t<\/div>\n\t\t\t\t<div class=\"elementor-element elementor-element-7622619 elementor-widget elementor-widget-heading\" data-id=\"7622619\" data-element_type=\"widget\" data-widget_type=\"heading.default\">\n\t\t\t\t<div class=\"elementor-widget-container\">\n\t\t\t<h2 class=\"elementor-heading-title elementor-size-default\">\nLicence<\/h2>\t\t<\/div>\n\t\t\t\t<\/div>\n\t\t\t\t<div class=\"elementor-element elementor-element-6c30f85 elementor-widget elementor-widget-text-editor\" data-id=\"6c30f85\" data-element_type=\"widget\" data-widget_type=\"text-editor.default\">\n\t\t\t\t<div class=\"elementor-widget-container\">\n\t\t\t\t\t\t\t\t<div class=\"elementor-text-editor elementor-clearfix\">\n\t\t\t\t<p>Sauf indication contraire, <b> BEAUTY CENTER DINO &amp; amp ; DINO, DINO IVANU\u0160A S.P. <\/b> Les donneurs de licence de site sont les d\u00e9tenteurs des droits de propri\u00e9t\u00e9 intellectuelle pour tout le mat\u00e9riel \u00e0 <b> https:\/\/wellnessaspara.com <\/b>. Tous les droits de propri\u00e9t\u00e9 intellectuelle sont r\u00e9serv\u00e9s. Vous pouvez y acc\u00e9der \u00e0 partir de <span style=\"font-weight: bold;\"> https:\/\/wellnessaspara.com <\/span> pour votre usage personnel sous r\u00e9serve de<br \/>restrictions \u00e9nonc\u00e9es dans ces termes.<\/p><p style=\"padding-left: 40px;\"><b> Vous ne pouvez pas :<br \/><\/b> - Poster du mat\u00e9riel <span style=\"font-weight: bold;\"> https:\/\/wellnessaspara.com <\/span> sans autorisation ;<br \/>- Vendre, louer ou sous-licencier du mat\u00e9riel avec <span style=\"font-weight: bold;\"> https:\/\/wellnessaspara.com <\/span> sans autorisation ;<br \/>- Reproduire, dupliquer ou copier du mat\u00e9riel avec <span style=\"font-weight: bold;\"> https:\/\/wellnessaspara.com <\/span> sans autorisation ;<br \/>- Redistribuer le contenu avec <span style=\"font-weight: bold;\"> https:\/\/wellnessaspara.com <\/span> <b> <\/b> sans autorisation.<\/p><p>Le pr\u00e9sent accord entre en vigueur \u00e0 la date du pr\u00e9sent accord ou. \u00e0 l'arriv\u00e9e directe sur notre site.<\/p><p>Certaines parties de ce site offrent aux utilisateurs la possibilit\u00e9 de publier et d'\u00e9changer des opinions et des informations dans des domaines sp\u00e9cifiques du site. <span style=\"font-weight: bold;\"> BEAUTY CENTER DINO &amp; amp ; DINO, DINO IVANU\u0160A S.P. <\/span> ne filtre pas, n'\u00e9dite pas, ne poste pas et ne r\u00e9vise pas les commentaires avant leur pr\u00e9sence sur le site. Les commentaires ne refl\u00e8tent pas les points de vue et les opinions de l'entreprise <span style=\"font-weight: bold;\"> BEAUTY CENTER DINO &amp; amp ; DINO, DINO IVANU\u0160A S.P. <\/span>ses agents et \/ ou ses succursales. Les commentaires refl\u00e8tent les points de vue et les opinions de la personne qui affiche ses opinions et ses avis. Dans la mesure o\u00f9 la loi applicable le permet, <span style=\"font-weight: bold;\"> BEAUTY CENTER DINO &amp; amp ; DINO, DINO IVANU\u0160A S.P. <\/span> n'est pas responsable des commentaires ou de toute responsabilit\u00e9, dommage ou frais encourus et\/ou engag\u00e9s suite \u00e0 toute utilisation et\/ou publication et\/ou apparition de commentaires sur ce site web.<\/p><p><span style=\"font-weight: bold;\"> BEAUTY CENTER DINO &amp; amp ; DINO, DINO IVANU\u0160A S.P. <\/span> se r\u00e9serve le droit de surveiller tous les commentaires et de supprimer tout commentaire qui pourrait \u00eatre consid\u00e9r\u00e9 comme inappropri\u00e9, offensant ou violant ces conditions.<\/p><p><b> Vous le garantissez et le repr\u00e9sentez : <\/b><\/p><p style=\"padding-left: 40px;\">- vous avez le droit de poster des commentaires sur notre site et disposez des autorisations et des consentements n\u00e9cessaires ;<br \/>- les commentaires ne portent atteinte \u00e0 aucun droit de propri\u00e9t\u00e9 intellectuelle, y compris les restrictions sur les droits d'auteur, les brevets ou les marques de tiers ;<br \/>- les commentaires ne contiennent pas de mat\u00e9riel diffamatoire, injurieux, obsc\u00e8ne ou autrement ill\u00e9gal qui constitue une atteinte \u00e0 la vie priv\u00e9e ;<br \/>- Les commentaires ne seront pas utilis\u00e9s pour collecter ou promouvoir des ventes ou pr\u00e9senter des activit\u00e9s commerciales ou ill\u00e9gales.<\/p><p>Vous d\u00e9cernez par la pr\u00e9sente <span style=\"font-weight: bold;\"> DINO IVANU\u0160A S.P. <\/span> une licence non exclusive pour utiliser, reproduire, \u00e9diter et autoriser d'autres personnes \u00e0 utiliser, reproduire et \u00e9diter vos commentaires sous quelque forme, format ou m\u00e9dia que ce soit.<\/p>\t\t\t\t\t<\/div>\n\t\t\t\t\t\t<\/div>\n\t\t\t\t<\/div>\n\t\t\t\t<div class=\"elementor-element elementor-element-873db0d elementor-widget elementor-widget-heading\" data-id=\"873db0d\" data-element_type=\"widget\" data-widget_type=\"heading.default\">\n\t\t\t\t<div class=\"elementor-widget-container\">\n\t\t\t<h2 class=\"elementor-heading-title elementor-size-default\">Lien hypertexte vers notre contenu\n\n<\/h2>\t\t<\/div>\n\t\t\t\t<\/div>\n\t\t\t\t<div class=\"elementor-element elementor-element-b30179e elementor-widget elementor-widget-text-editor\" data-id=\"b30179e\" data-element_type=\"widget\" data-widget_type=\"text-editor.default\">\n\t\t\t\t<div class=\"elementor-widget-container\">\n\t\t\t\t\t\t\t\t<div class=\"elementor-text-editor elementor-clearfix\">\n\t\t\t\t<p>Les organisations suivantes peuvent cr\u00e9er des liens vers notre site web sans autorisation \u00e9crite pr\u00e9alable :<\/p><p style=\"padding-left: 40px;\">- les agences gouvernementales ;<br \/>- les moteurs de recherche ;<br \/>- nouvelles ;<br \/>- Distributeurs d'annuaires Web. Qui peuvent \u00e9tablir un lien vers notre site web de la m\u00eame mani\u00e8re qu'un hyperlien vers les sites web d'autres entreprises cot\u00e9es en bourse ; en<br \/>- Les entreprises accr\u00e9dit\u00e9es dans l'ensemble du syst\u00e8me, \u00e0 l'exception de la collection des organisations \u00e0 but non lucratif, des centres commerciaux caritatifs et des groupes de collecte de fonds \u00e0 des fins caritatives, qui ne peuvent pas \u00eatre un hyperlien vers notre site web.<\/p><p>Ces organisations peuvent \u00e9tablir un lien vers notre page d'accueil, nos publications ou d'autres informations du site si le lien est \u00e9tabli : (a) n'est en aucun cas trompeur ; (b) ne constitue pas une d\u00e9claration inexacte, une approbation ou une approbation d'une partie li\u00e9e et de ses produits et\/ou services ; et (c) s'inscrit dans le contexte du site web du client qui y est li\u00e9.<\/p><p>Nous pouvons examiner et approuver d'autres demandes de connexion \u00e9manant des types d'organisations suivants :<\/p><p style=\"padding-left: 40px;\">- des sources bien connues d'informations sur les consommateurs et\/ou les entreprises ;<br \/>- la communaut\u00e9 dot.com<br \/>- les associations ou autres groupes repr\u00e9sentant des organisations caritatives ;<br \/>- les distributeurs d'annuaires en ligne ;<br \/>- les portails internet ;<br \/>- soci\u00e9t\u00e9s comptables, juridiques et de conseil ; en<br \/>- les \u00e9tablissements d'enseignement et les associations professionnelles.<\/p><p>Nous approuverons les demandes d'affiliation de ces organisations si nous en d\u00e9cidons ainsi : (a) l'affiliation ne semble pas inappropri\u00e9e pour nous ou pour nos soci\u00e9t\u00e9s accr\u00e9dit\u00e9es ; (b) l'organisation n'a pas d'ant\u00e9c\u00e9dents n\u00e9gatifs chez nous ; (c) le b\u00e9n\u00e9fice de la visibilit\u00e9 de l'hyperlien est compens\u00e9 par l'absence de Suzana Bukvi\u010d s.p. ; et (d) le lien se situe dans le contexte d'informations de ressources g\u00e9n\u00e9rales.<\/p><p>Ces organisations peuvent \u00e9tablir un lien vers notre page d'accueil aussi longtemps que le lien : (a) ne soit en aucun cas trompeur ; (b) ne constitue pas une d\u00e9claration inexacte, une approbation ou un endossement du site li\u00e9 et de ses produits ou services ; et (c) s'inscrive dans le contexte du site web du client qui y est li\u00e9. Si vous \u00eates l'une des organisations \u00e9num\u00e9r\u00e9es au paragraphe 2 ci-dessus et que vous \u00eates int\u00e9ress\u00e9 par un lien vers notre site, vous devez nous en informer en envoyant un courrier \u00e9lectronique \u00e0 l'adresse <b> info@wellnessaspara.com <\/b><\/p><p>Veuillez indiquer votre nom, le nom de votre organisation, vos coordonn\u00e9es ainsi que l'URL de votre site web, une liste de toutes les URL \u00e0 partir desquelles vous avez l'intention de cr\u00e9er un lien vers notre site web, et une liste des URL de notre site web vers lesquelles vous souhaitez cr\u00e9er un lien. Attendez 2 \u00e0 3 semaines pour obtenir une r\u00e9ponse.<\/p><p>Les organismes certifi\u00e9s peuvent \u00e9tablir un lien hypertexte vers notre site :<\/p><p style=\"padding-left: 40px;\">- Utiliser le nom de notre soci\u00e9t\u00e9 ; mais<br \/>- Utiliser un seul localisateur de ressources connect\u00e9 \u00e0 ; mais<br \/>- En utilisant toute autre description de notre site qui est pertinente par rapport \u00e0 ce qui a un sens dans le contexte et la forme du contenu du site du client qui y est li\u00e9.<\/p><p>Pour la connexion, s'il n'y a pas d'accord de licence sur la marque, l'utilisation du logo de Suzana Bukvi\u010d s.p. ne sera pas autoris\u00e9e. ou d'autres contenus.<\/p>\t\t\t\t\t<\/div>\n\t\t\t\t\t\t<\/div>\n\t\t\t\t<\/div>\n\t\t\t\t<div class=\"elementor-element elementor-element-290f686 elementor-widget elementor-widget-heading\" data-id=\"290f686\" data-element_type=\"widget\" data-widget_type=\"heading.default\">\n\t\t\t\t<div class=\"elementor-widget-container\">\n\t\t\t<h2 class=\"elementor-heading-title elementor-size-default\">iFrame<\/h2>\t\t<\/div>\n\t\t\t\t<\/div>\n\t\t\t\t<div class=\"elementor-element elementor-element-2afce80 elementor-widget elementor-widget-text-editor\" data-id=\"2afce80\" data-element_type=\"widget\" data-widget_type=\"text-editor.default\">\n\t\t\t\t<div class=\"elementor-widget-container\">\n\t\t\t\t\t\t\t\t<div class=\"elementor-text-editor elementor-clearfix\">\n\t\t\t\tVous ne pouvez pas cr\u00e9er de cadres sur nos sites web sans autorisation pr\u00e9alable et \u00e9crite qui modifient la pr\u00e9sentation visuelle ou l'apparence de notre site web de quelque mani\u00e8re que ce soit.\t\t\t\t\t<\/div>\n\t\t\t\t\t\t<\/div>\n\t\t\t\t<\/div>\n\t\t\t\t<div class=\"elementor-element elementor-element-b033c61 elementor-widget elementor-widget-heading\" data-id=\"b033c61\" data-element_type=\"widget\" data-widget_type=\"heading.default\">\n\t\t\t\t<div class=\"elementor-widget-container\">\n\t\t\t<h2 class=\"elementor-heading-title elementor-size-default\">LA RESPONSABILIT\u00c9 MAT\u00c9RIELLE<\/h2>\t\t<\/div>\n\t\t\t\t<\/div>\n\t\t\t\t<div class=\"elementor-element elementor-element-487f948 elementor-widget elementor-widget-text-editor\" data-id=\"487f948\" data-element_type=\"widget\" data-widget_type=\"text-editor.default\">\n\t\t\t\t<div class=\"elementor-widget-container\">\n\t\t\t\t\t\t\t\t<div class=\"elementor-text-editor elementor-clearfix\">\n\t\t\t\tNous ne sommes pas responsables du contenu qui appara\u00eet sur votre site. Vous acceptez de nous prot\u00e9ger et de nous d\u00e9fendre contre toute r\u00e9clamation apparaissant sur votre site. Aucun lien ne peut appara\u00eetre sur un site web qui pourrait \u00eatre interpr\u00e9t\u00e9 comme faux, obsc\u00e8ne ou criminel, ou qui viole, enfreint ou pr\u00e9conise une infraction ou une autre violation des droits de tiers.\t\t\t\t\t<\/div>\n\t\t\t\t\t\t<\/div>\n\t\t\t\t<\/div>\n\t\t\t\t<div class=\"elementor-element elementor-element-9c63e50 elementor-widget elementor-widget-heading\" data-id=\"9c63e50\" data-element_type=\"widget\" data-widget_type=\"heading.default\">\n\t\t\t\t<div class=\"elementor-widget-container\">\n\t\t\t<h2 class=\"elementor-heading-title elementor-size-default\">R\u00e9servation des droits<\/h2>\t\t<\/div>\n\t\t\t\t<\/div>\n\t\t\t\t<div class=\"elementor-element elementor-element-ccbda31 elementor-widget elementor-widget-text-editor\" data-id=\"ccbda31\" data-element_type=\"widget\" data-widget_type=\"text-editor.default\">\n\t\t\t\t<div class=\"elementor-widget-container\">\n\t\t\t\t\t\t\t\t<div class=\"elementor-text-editor elementor-clearfix\">\n\t\t\t\tNous nous r\u00e9servons le droit de vous demander de supprimer tous les liens ou tout lien sp\u00e9cifique vers notre site web. Vous acceptez de supprimer tous les liens vers notre site imm\u00e9diatement sur demande. Nous nous r\u00e9servons \u00e9galement le droit de modifier \u00e0 tout moment les pr\u00e9sentes conditions g\u00e9n\u00e9rales, qui constituent un lien avec la politique. En vous connectant en permanence \u00e0 notre site web, vous acceptez d'\u00eatre li\u00e9 par ces conditions g\u00e9n\u00e9rales et de les respecter.\t\t\t\t\t<\/div>\n\t\t\t\t\t\t<\/div>\n\t\t\t\t<\/div>\n\t\t\t\t<div class=\"elementor-element elementor-element-6a4417a elementor-widget elementor-widget-heading\" data-id=\"6a4417a\" data-element_type=\"widget\" data-widget_type=\"heading.default\">\n\t\t\t\t<div class=\"elementor-widget-container\">\n\t\t\t<h2 class=\"elementor-heading-title elementor-size-default\">Suppression des liens de notre site web<\/h2>\t\t<\/div>\n\t\t\t\t<\/div>\n\t\t\t\t<div class=\"elementor-element elementor-element-79f1f4e elementor-widget elementor-widget-text-editor\" data-id=\"79f1f4e\" data-element_type=\"widget\" data-widget_type=\"text-editor.default\">\n\t\t\t\t<div class=\"elementor-widget-container\">\n\t\t\t\t\t\t\t\t<div class=\"elementor-text-editor elementor-clearfix\">\n\t\t\t\t\nSi vous trouvez un lien sur notre site qui est offensant pour une raison quelconque, vous pouvez nous contacter \u00e0 tout moment et nous le faire savoir. Nous prendrons en consid\u00e9ration les demandes de suppression de liens, mais nous ne serons pas oblig\u00e9s d'y r\u00e9pondre directement. Nous ne garantissons pas que les informations figurant sur ce site web sont correctes, nous ne garantissons pas leur exhaustivit\u00e9 ou leur exactitude ; nous ne promettons pas non plus de veiller \u00e0 ce que le site reste disponible ou \u00e0 ce que le mat\u00e9riel figurant sur le site soit tenu \u00e0 jour.\t\t\t\t\t<\/div>\n\t\t\t\t\t\t<\/div>\n\t\t\t\t<\/div>\n\t\t\t\t<div class=\"elementor-element elementor-element-62d2c32 elementor-widget elementor-widget-heading\" data-id=\"62d2c32\" data-element_type=\"widget\" data-widget_type=\"heading.default\">\n\t\t\t\t<div class=\"elementor-widget-container\">\n\t\t\t<h2 class=\"elementor-heading-title elementor-size-default\">Clause de non-responsabilit\u00e9<\/h2>\t\t<\/div>\n\t\t\t\t<\/div>\n\t\t\t\t<div class=\"elementor-element elementor-element-3241ac5 elementor-widget elementor-widget-text-editor\" data-id=\"3241ac5\" data-element_type=\"widget\" data-widget_type=\"text-editor.default\">\n\t\t\t\t<div class=\"elementor-widget-container\">\n\t\t\t\t\t\t\t\t<div class=\"elementor-text-editor elementor-clearfix\">\n\t\t\t\t<p>Dans toute la mesure permise par le droit applicable, nous excluons toutes les d\u00e9clarations, garanties et conditions relatives \u00e0 notre site web et \u00e0 l'utilisation de ce site. Rien dans la pr\u00e9sente clause de non-responsabilit\u00e9 ne le fera :<\/p><p style=\"padding-left: 40px;\">- limiter ou exclure notre responsabilit\u00e9 ou la v\u00f4tre en cas de d\u00e9c\u00e8s ou de blessure corporelle ;<br \/>- limiter ou exclure notre responsabilit\u00e9 ou la v\u00f4tre en cas de fraude ou de fausse tromperie ;<br \/>- limiter nos obligations ou les v\u00f4tres d'une mani\u00e8re non autoris\u00e9e par le droit applicable ; mais<br \/>- Exclure toutes nos obligations ou les v\u00f4tres qui ne peuvent \u00eatre exclues en vertu du droit applicable.<\/p><p>Les limitations et interdictions de responsabilit\u00e9 \u00e9nonc\u00e9es dans la pr\u00e9sente section et ailleurs dans la pr\u00e9sente interdiction (a) s'appliquent au paragraphe pr\u00e9c\u00e9dent ; et (b) r\u00e9gissent toutes les obligations d\u00e9coulant de la clause de non-responsabilit\u00e9, y compris les obligations contractuelles d\u00e9coulant du contrat, les dommages et les violations d'obligations l\u00e9gales.<\/p><p>Tant que le site et les informations et services qu'il contient ne seront pas disponibles gratuitement, nous ne serons pas responsables de toute perte ou dommage.<\/p>\t\t\t\t\t<\/div>\n\t\t\t\t\t\t<\/div>\n\t\t\t\t<\/div>\n\t\t\t\t<div class=\"elementor-element elementor-element-3004e4c elementor-widget elementor-widget-heading\" data-id=\"3004e4c\" data-element_type=\"widget\" data-widget_type=\"heading.default\">\n\t\t\t\t<div class=\"elementor-widget-container\">\n\t\t\t<h2 class=\"elementor-heading-title elementor-size-default\">R\u00e8glement extrajudiciaire des litiges de consommation<\/h2>\t\t<\/div>\n\t\t\t\t<\/div>\n\t\t\t\t<div class=\"elementor-element elementor-element-d1c3565 elementor-widget elementor-widget-text-editor\" data-id=\"d1c3565\" data-element_type=\"widget\" data-widget_type=\"text-editor.default\">\n\t\t\t\t<div class=\"elementor-widget-container\">\n\t\t\t\t\t\t\t\t<div class=\"elementor-text-editor elementor-clearfix\">\n\t\t\t\t<p>Conform\u00e9ment aux normes l\u00e9gales, l'entreprise <b> CENTRE DE BEAUT\u00c9 DINO &amp; DINO, DINO IVANU\u0160A SP <\/b> ne reconna\u00eet aucun prestataire de r\u00e8glement extrajudiciaire des litiges de consommation comme comp\u00e9tent pour r\u00e9soudre les litiges de consommation qui pourraient \u00eatre initi\u00e9s par le consommateur conform\u00e9ment \u00e0 la loi sur le r\u00e8glement extrajudiciaire des litiges de consommation. En tant que fournisseur de biens et de services, la soci\u00e9t\u00e9 publie sur son site web un lien \u00e9lectronique vers la plate-forme de r\u00e9solution des litiges de consommation en ligne (SRPS). La plate-forme est accessible aux consommateurs par un lien \u00e9lectronique http:\/\/ec.europa.eu\/odr. Ces r\u00e8glements d\u00e9coulent de la loi sur le r\u00e8glement extrajudiciaire des litiges de consommation, r\u00e8glement (UE) n\u00b0 . R\u00e8glement (CE) n\u00b0 524\/2013 du Parlement europ\u00e9en et du Conseil relatif au r\u00e8glement en ligne des litiges de consommation et modifiant le r\u00e8glement (CE) n\u00b0 2016\/2004 et la directive 2009\/22 \/ CE<\/p>\t\t\t\t\t<\/div>\n\t\t\t\t\t\t<\/div>\n\t\t\t\t<\/div>\n\t\t\t\t\t\t<\/div>\n\t\t\t\t\t<\/div>\n\t\t<\/div>\n\t\t\t\t\t\t\t\t<\/div>\n\t\t\t\t\t<\/div>\n\t\t<\/section>\n\t\t\t\t\t\t\t\t\t<\/div>\n\t\t\t<\/div>\n\t\t\t\t\t<\/div>","protected":false},"excerpt":{"rendered":"<p>Conditions d'utilisation CONDITIONS G\u00c9N\u00c9RALES D'UTILISATION Bienvenue sur le site wellnessaspara.com ! Ces termes et conditions d\u00e9crivent les r\u00e8gles et r\u00e8glements d'utilisation du site Web BEAUTY CENTER DINO &amp; amp ; DINO, DINO IVANU\u0160A SP , situ\u00e9 \u00e0 https : \/\/ wellnessaspara .com En acc\u00e9dant \u00e0 ce site, nous supposons que vous acceptez ces[...]<\/p>","protected":false},"author":1,"featured_media":0,"parent":0,"menu_order":0,"comment_status":"closed","ping_status":"closed","template":"template-builder.php","meta":[],"_links":{"self":[{"href":"https:\/\/wellnessaspara.com\/fr\/wp-json\/wp\/v2\/pages\/1578"}],"collection":[{"href":"https:\/\/wellnessaspara.com\/fr\/wp-json\/wp\/v2\/pages"}],"about":[{"href":"https:\/\/wellnessaspara.com\/fr\/wp-json\/wp\/v2\/types\/page"}],"author":[{"embeddable":true,"href":"https:\/\/wellnessaspara.com\/fr\/wp-json\/wp\/v2\/users\/1"}],"replies":[{"embeddable":true,"href":"https:\/\/wellnessaspara.com\/fr\/wp-json\/wp\/v2\/comments?post=1578"}],"version-history":[{"count":11,"href":"https:\/\/wellnessaspara.com\/fr\/wp-json\/wp\/v2\/pages\/1578\/revisions"}],"predecessor-version":[{"id":2799,"href":"https:\/\/wellnessaspara.com\/fr\/wp-json\/wp\/v2\/pages\/1578\/revisions\/2799"}],"wp:attachment":[{"href":"https:\/\/wellnessaspara.com\/fr\/wp-json\/wp\/v2\/media?parent=1578"}],"curies":[{"name":"wp","href":"https:\/\/api.w.org\/{rel}","templated":true}]}}