{"id":1002,"date":"2020-01-15T01:18:17","date_gmt":"2020-01-15T01:18:17","guid":{"rendered":"https:\/\/wellnessaspara.com\/?page_id=1002"},"modified":"2020-10-06T06:47:02","modified_gmt":"2020-10-06T06:47:02","slug":"purchase-and-use-of-gift-vouchers","status":"publish","type":"page","link":"https:\/\/wellnessaspara.com\/fr\/purchase-and-use-of-gift-vouchers\/","title":{"rendered":"Achat et utilisation de ch\u00e8ques-cadeaux"},"content":{"rendered":"<div data-elementor-type=\"wp-page\" data-elementor-id=\"1002\" class=\"elementor elementor-1002\">\n\t\t\t\t\t\t<div class=\"elementor-inner\">\n\t\t\t\t<div class=\"elementor-section-wrap\">\n\t\t\t\t\t\t\t\t\t<section class=\"elementor-section elementor-top-section elementor-element elementor-element-deb0585 elementor-section-boxed elementor-section-height-default elementor-section-height-default\" data-id=\"deb0585\" data-element_type=\"section\">\n\t\t\t\t\t\t<div class=\"elementor-container elementor-column-gap-default\">\n\t\t\t\t\t\t\t<div class=\"elementor-row\">\n\t\t\t\t\t<div class=\"elementor-column elementor-col-100 elementor-top-column elementor-element elementor-element-dce8285\" data-id=\"dce8285\" data-element_type=\"column\">\n\t\t\t<div class=\"elementor-column-wrap elementor-element-populated\">\n\t\t\t\t\t\t\t<div class=\"elementor-widget-wrap\">\n\t\t\t\t\t\t<div class=\"elementor-element elementor-element-3c241bb elementor-widget elementor-widget-heading\" data-id=\"3c241bb\" data-element_type=\"widget\" data-widget_type=\"heading.default\">\n\t\t\t\t<div class=\"elementor-widget-container\">\n\t\t\t<h1 class=\"elementor-heading-title elementor-size-default\">Achat et utilisation de ch\u00e8ques-cadeaux<\/h1>\t\t<\/div>\n\t\t\t\t<\/div>\n\t\t\t\t\t\t<\/div>\n\t\t\t\t\t<\/div>\n\t\t<\/div>\n\t\t\t\t\t\t\t\t<\/div>\n\t\t\t\t\t<\/div>\n\t\t<\/section>\n\t\t\t\t<section class=\"elementor-section elementor-top-section elementor-element elementor-element-15166b7 elementor-section-boxed elementor-section-height-default elementor-section-height-default\" data-id=\"15166b7\" data-element_type=\"section\">\n\t\t\t\t\t\t<div class=\"elementor-container elementor-column-gap-default\">\n\t\t\t\t\t\t\t<div class=\"elementor-row\">\n\t\t\t\t\t<div class=\"elementor-column elementor-col-100 elementor-top-column elementor-element elementor-element-d14d96f\" data-id=\"d14d96f\" data-element_type=\"column\">\n\t\t\t<div class=\"elementor-column-wrap elementor-element-populated\">\n\t\t\t\t\t\t\t<div class=\"elementor-widget-wrap\">\n\t\t\t\t\t\t<div class=\"elementor-element elementor-element-0ca6dbc elementor-widget elementor-widget-text-editor\" data-id=\"0ca6dbc\" data-element_type=\"widget\" data-widget_type=\"text-editor.default\">\n\t\t\t\t<div class=\"elementor-widget-container\">\n\t\t\t\t\t\t\t\t<div class=\"elementor-text-editor elementor-clearfix\">\n\t\t\t\t<p>Vous vous d\u00e9cidez \u00e0 acheter ou vous avez re\u00e7u notre ch\u00e8que-cadeau en cadeau et vous voulez en savoir plus ?<br \/>Les conditions d'achat et d'utilisation sont \u00e9num\u00e9r\u00e9es ci-dessous.<\/p><p>LE CH\u00c8QUE-CADEAU PEUT \u00caTRE ACHET\u00c9 PAR UNE PERSONNE PHYSIQUE OU MORALE \u00c0 LA R\u00c9CEPTION DU CENTRE DE BIEN-\u00caTRE.<\/p><p>LE CH\u00c8QUE-CADEAU PEUT \u00c9GALEMENT \u00caTRE COMMAND\u00c9 SUR LE SITE www.shop.wellnessaspara.com.<br \/>ASPARE WELLNESS OU PAR COURRIEL ET T\u00c9L\u00c9PHONE.<\/p><p>LE CH\u00c8QUE-CADEAU PEUT \u00caTRE PAY\u00c9 EN ESP\u00c8CES, PAR CARTE OU PAR VIREMENT SUR LE TRR DE L'ENTREPRISE.<\/p><p>LE CH\u00c8QUE-CADEAU EST VALABLE 3 MOIS \u00c0 COMPTER DU JOUR DE L'ACHAT (LA DATE EST INSCRITE SUR LE CH\u00c8QUE-CADEAU).<\/p><p>LE CH\u00c8QUE-CADEAU PEUT \u00caTRE PROLONG\u00c9 JUSQU'\u00c0 3 MOIS PENDANT LA DUR\u00c9E DE VALIDIT\u00c9 DU CH\u00c8QUE-CADEAU.<\/p><p>VOUS POUVEZ PROLONGER VOTRE BON EN APPELANT LE NUM\u00c9RO DE T\u00c9L\u00c9PHONE 040 494 444 OU EN VOUS PR\u00c9SENTANT PERSONNELLEMENT \u00c0 LA R\u00c9CEPTION DU CENTRE DE BIEN-\u00caTRE.<\/p><p>DANS DES CAS EXCEPTIONNELS (BLESSURES, GROSSESSE....), LE CH\u00c8QUE-CADEAU PEUT EXCEPTIONNELLEMENT \u00caTRE PROLONG\u00c9 DANS LA LIMITE DE LA VALIDIT\u00c9 JUSQU'\u00c0 1 AN.<\/p><p>LA PR\u00c9-R\u00c9SERVATION DU SERVICE AVEC UN CH\u00c8QUE-CADEAU EST OBLIGATOIRE.<br \/>LORS DE LA R\u00c9SERVATION, IL EST OBLIGATOIRE D'INDIQUER LE NUM\u00c9RO DU BON CADEAU, SINON IL N'EST PAS POSSIBLE DE COMMANDER LE SERVICE.<\/p><p>DANS LE CAS O\u00d9 LA R\u00c9SERVATION N'EST PAS EFFECTU\u00c9E PAR LE CLIENT MAIS QU'IL N'ANNULE PAS, LE CH\u00c8QUE-CADEAU EST R\u00c9P\u00c9T\u00c9.<\/p><p>LA R\u00c9SERVATION DOIT \u00caTRE ANNUL\u00c9E AU MOINS 24 HEURES AVANT LA DATE CONVENUE, SINON LE BON CADEAU EST CONSID\u00c9R\u00c9 COMME R\u00c9DUIT.<\/p><p>LE CH\u00c8QUE-CADEAU PEUT \u00caTRE \u00c9CHANG\u00c9 CONTRE UN AUTRE SERVICE DE LA M\u00caME CAT\u00c9GORIE (COSM\u00c9TIQUES - COSM\u00c9TIQUES ; FITNESS - FITNESS...)<\/p><p>LE CH\u00c8QUE-CADEAU POUR LE SERVICE MENTIONN\u00c9 PEUT \u00caTRE UTILIS\u00c9 1X.<\/p><p>LE CH\u00c8QUE-CADEAU UTILIS\u00c9 EST CONSERV\u00c9 \u00c0 LA R\u00c9CEPTION DU CENTRE DE BIEN-\u00caTRE.<\/p><p><em>Limiter la validit\u00e9 des ch\u00e8ques cadeaux est logique et doit \u00eatre contr\u00f4l\u00e9. La validit\u00e9 du ch\u00e8que-cadeau est de 3 mois, car il est utile de contr\u00f4ler les services fournis, et en m\u00eame temps de tenir des statistiques sur les ch\u00e8ques-cadeaux retourn\u00e9s. Il s'agit d'une volont\u00e9 d'utiliser davantage les bons. Il arrive souvent que les gens oublient les bons ou les perdent ou. stock car les d\u00e9lais d'utilisation sont trop longs.<\/em><\/p><p><em>Nous ferons de notre mieux pour que notre ch\u00e8que-cadeau atteigne son objectif.<\/em><\/p><p><em>Merci de nous avoir choisis.<\/em><\/p><p><em>Aspara TEAM.<\/em><\/p>\t\t\t\t\t<\/div>\n\t\t\t\t\t\t<\/div>\n\t\t\t\t<\/div>\n\t\t\t\t\t\t<\/div>\n\t\t\t\t\t<\/div>\n\t\t<\/div>\n\t\t\t\t\t\t\t\t<\/div>\n\t\t\t\t\t<\/div>\n\t\t<\/section>\n\t\t\t\t\t\t\t\t\t<\/div>\n\t\t\t<\/div>\n\t\t\t\t\t<\/div>","protected":false},"excerpt":{"rendered":"<p>Nakup in kori\u0161\u010danje Darilnih Bonov Se odlo\u010date za nakup ali pa ste v dar prejeli na\u0161 darilni bon in \u017eelite izvedeti ve\u010d?Spodaj so navedeni pogoji nakupa in kori\u0161\u010denja. DARILNI BON LAHKO KUPI FIZI\u010cNA ALI PRAVNA OSEBA NA RECEPCIJI WELLNESSA. DARILNI BON JE MO\u017dNO NARO\u010cITI TUDI NA SPLETNI STRANI www.shop.wellnessaspara.comWELLNESSA ASPARE[&#8230;]<\/p>","protected":false},"author":1,"featured_media":1512,"parent":0,"menu_order":0,"comment_status":"closed","ping_status":"closed","template":"template-builder.php","meta":[],"_links":{"self":[{"href":"https:\/\/wellnessaspara.com\/fr\/wp-json\/wp\/v2\/pages\/1002"}],"collection":[{"href":"https:\/\/wellnessaspara.com\/fr\/wp-json\/wp\/v2\/pages"}],"about":[{"href":"https:\/\/wellnessaspara.com\/fr\/wp-json\/wp\/v2\/types\/page"}],"author":[{"embeddable":true,"href":"https:\/\/wellnessaspara.com\/fr\/wp-json\/wp\/v2\/users\/1"}],"replies":[{"embeddable":true,"href":"https:\/\/wellnessaspara.com\/fr\/wp-json\/wp\/v2\/comments?post=1002"}],"version-history":[{"count":10,"href":"https:\/\/wellnessaspara.com\/fr\/wp-json\/wp\/v2\/pages\/1002\/revisions"}],"predecessor-version":[{"id":2688,"href":"https:\/\/wellnessaspara.com\/fr\/wp-json\/wp\/v2\/pages\/1002\/revisions\/2688"}],"wp:featuredmedia":[{"embeddable":true,"href":"https:\/\/wellnessaspara.com\/fr\/wp-json\/wp\/v2\/media\/1512"}],"wp:attachment":[{"href":"https:\/\/wellnessaspara.com\/fr\/wp-json\/wp\/v2\/media?parent=1002"}],"curies":[{"name":"wp","href":"https:\/\/api.w.org\/{rel}","templated":true}]}}