{"id":3,"date":"2020-01-06T05:22:22","date_gmt":"2020-01-06T05:22:22","guid":{"rendered":"https:\/\/wellnessaspara.com\/?page_id=3"},"modified":"2020-10-07T07:04:59","modified_gmt":"2020-10-07T07:04:59","slug":"privacy-policy-2","status":"publish","type":"page","link":"https:\/\/wellnessaspara.com\/es\/privacy-policy-2\/","title":{"rendered":"Pol\u00edtica de privacidad"},"content":{"rendered":"<div data-elementor-type=\"wp-page\" data-elementor-id=\"3\" class=\"elementor elementor-3\">\n\t\t\t\t\t\t<div class=\"elementor-inner\">\n\t\t\t\t<div class=\"elementor-section-wrap\">\n\t\t\t\t\t\t\t\t\t<section class=\"elementor-section elementor-top-section elementor-element elementor-element-eb1f784 elementor-section-boxed elementor-section-height-default elementor-section-height-default\" data-id=\"eb1f784\" data-element_type=\"section\">\n\t\t\t\t\t\t<div class=\"elementor-container elementor-column-gap-default\">\n\t\t\t\t\t\t\t<div class=\"elementor-row\">\n\t\t\t\t\t<div class=\"elementor-column elementor-col-100 elementor-top-column elementor-element elementor-element-1713707\" data-id=\"1713707\" data-element_type=\"column\">\n\t\t\t<div class=\"elementor-column-wrap elementor-element-populated\">\n\t\t\t\t\t\t\t<div class=\"elementor-widget-wrap\">\n\t\t\t\t\t\t<div class=\"elementor-element elementor-element-57f9e36 elementor-widget elementor-widget-heading\" data-id=\"57f9e36\" data-element_type=\"widget\" data-widget_type=\"heading.default\">\n\t\t\t\t<div class=\"elementor-widget-container\">\n\t\t\t<h1 class=\"elementor-heading-title elementor-size-default\">Pol\u00edtica de privacidad<\/h1>\t\t<\/div>\n\t\t\t\t<\/div>\n\t\t\t\t\t\t<\/div>\n\t\t\t\t\t<\/div>\n\t\t<\/div>\n\t\t\t\t\t\t\t\t<\/div>\n\t\t\t\t\t<\/div>\n\t\t<\/section>\n\t\t\t\t<section class=\"elementor-section elementor-top-section elementor-element elementor-element-580abf66 elementor-section-boxed elementor-section-height-default elementor-section-height-default\" data-id=\"580abf66\" data-element_type=\"section\">\n\t\t\t\t\t\t<div class=\"elementor-container elementor-column-gap-default\">\n\t\t\t\t\t\t\t<div class=\"elementor-row\">\n\t\t\t\t\t<div class=\"elementor-column elementor-col-100 elementor-top-column elementor-element elementor-element-304862da\" data-id=\"304862da\" data-element_type=\"column\">\n\t\t\t<div class=\"elementor-column-wrap elementor-element-populated\">\n\t\t\t\t\t\t\t<div class=\"elementor-widget-wrap\">\n\t\t\t\t\t\t<div class=\"elementor-element elementor-element-4f95faa elementor-widget elementor-widget-heading\" data-id=\"4f95faa\" data-element_type=\"widget\" data-widget_type=\"heading.default\">\n\t\t\t\t<div class=\"elementor-widget-container\">\n\t\t\t<h2 class=\"elementor-heading-title elementor-size-default\">\u00bfQu\u00e9 necesitamos?\n\n<\/h2>\t\t<\/div>\n\t\t\t\t<\/div>\n\t\t\t\t<div class=\"elementor-element elementor-element-1732fe5 elementor-widget elementor-widget-text-editor\" data-id=\"1732fe5\" data-element_type=\"widget\" data-widget_type=\"text-editor.default\">\n\t\t\t\t<div class=\"elementor-widget-container\">\n\t\t\t\t\t\t\t\t<div class=\"elementor-text-editor elementor-clearfix\">\n\t\t\t\tNuestra pol\u00edtica de privacidad rige el uso y el almacenamiento de los datos. Puede ver la pol\u00edtica de privacidad en la p\u00e1gina de Aviso de Privacidad (adjunta a continuaci\u00f3n).\t\t\t\t\t<\/div>\n\t\t\t\t\t\t<\/div>\n\t\t\t\t<\/div>\n\t\t\t\t<div class=\"elementor-element elementor-element-b862805 elementor-widget elementor-widget-heading\" data-id=\"b862805\" data-element_type=\"widget\" data-widget_type=\"heading.default\">\n\t\t\t\t<div class=\"elementor-widget-container\">\n\t\t\t<h2 class=\"elementor-heading-title elementor-size-default\">Wellness-aspara.com | CENTRO LEPOTNI DINO&amp;DINO, DINO IVANU\u0160A S.P. <\/h2>\t\t<\/div>\n\t\t\t\t<\/div>\n\t\t\t\t<div class=\"elementor-element elementor-element-67e9f26 elementor-widget elementor-widget-text-editor\" data-id=\"67e9f26\" data-element_type=\"widget\" data-widget_type=\"text-editor.default\">\n\t\t\t\t<div class=\"elementor-widget-container\">\n\t\t\t\t\t\t\t\t<div class=\"elementor-text-editor elementor-clearfix\">\n\t\t\t\t<p>es el controlador de los datos personales proporcionados (sujeto de datos: usted, el cliente, el visitante, etc.). Recopilamos los siguientes tipos de datos personales:<\/p><ul><li>Direcci\u00f3n de correo electr\u00f3nico;<\/li><li>Nombre y apellido, direcci\u00f3n, correo electr\u00f3nico y n\u00famero de tel\u00e9fono;<\/li><li>Datos sobre los medios de pago, como los datos de las tarjetas de cr\u00e9dito o d\u00e9bito, Paypal y otros m\u00e9todos de pago;<\/li><li>Copias de documentos personales que confirmen la exactitud de los datos personales;<\/li><li>Galletas;<\/li><li>Google Analytics y Yandex y Cloudflare rastrean las visitas;<\/li><li>Enlaces a perfiles personales de grupos sociales.<\/li><\/ul><p>Cada dato personal se obtiene seg\u00fan el tipo de datos seg\u00fan la necesidad y con un consentimiento separado.<\/p>\t\t\t\t\t<\/div>\n\t\t\t\t\t\t<\/div>\n\t\t\t\t<\/div>\n\t\t\t\t<div class=\"elementor-element elementor-element-2b3f37a elementor-widget elementor-widget-heading\" data-id=\"2b3f37a\" data-element_type=\"widget\" data-widget_type=\"heading.default\">\n\t\t\t\t<div class=\"elementor-widget-container\">\n\t\t\t<h2 class=\"elementor-heading-title elementor-size-default\">\u00bfPor qu\u00e9 los necesitamos? \n\n<\/h2>\t\t<\/div>\n\t\t\t\t<\/div>\n\t\t\t\t<div class=\"elementor-element elementor-element-4222697 elementor-widget elementor-widget-text-editor\" data-id=\"4222697\" data-element_type=\"widget\" data-widget_type=\"text-editor.default\">\n\t\t\t\t<div class=\"elementor-widget-container\">\n\t\t\t\t\t\t\t\t<div class=\"elementor-text-editor elementor-clearfix\">\n\t\t\t\t<p>Necesitamos su informaci\u00f3n personal para los siguientes servicios:<\/p><ul><li>Direcci\u00f3n de correo electr\u00f3nico para responder a sus correos electr\u00f3nicos o a los mensajes enviados a trav\u00e9s de los formularios de contacto;<\/li><li>Direcci\u00f3n de correo electr\u00f3nico para el env\u00edo de ofertas y noticias electr\u00f3nicas;<\/li><li>Nombre y apellido, direcci\u00f3n, direcci\u00f3n de correo electr\u00f3nico y n\u00famero de tel\u00e9fono para la aceptaci\u00f3n de reservas, consultas y env\u00edo de ofertas o en relaci\u00f3n con el cumplimiento de sus otros requisitos;<\/li><li>Nombre y apellido, direcci\u00f3n, direcci\u00f3n de correo electr\u00f3nico y n\u00famero de tel\u00e9fono para la compra de certificados de regalo, vales o servicios y art\u00edculos relacionados con nuestra oferta;<\/li><li>Datos sobre los medios de pago y copias de documentos personales para la prestaci\u00f3n de servicios;<\/li><li>Direcci\u00f3n de correo electr\u00f3nico para la comercializaci\u00f3n automatizada (confirmaci\u00f3n de reservas, agradecimiento por las solicitudes y similares);<\/li><li>Cookies para el funcionamiento de los sitios web;<\/li><li>Comunic\u00e1ndose a trav\u00e9s de grupos sociales con perfiles personales que confirman una conexi\u00f3n con nosotros;<\/li><li>Nombre y apellido, direcci\u00f3n, direcci\u00f3n de correo electr\u00f3nico y n\u00famero de tel\u00e9fono para sorteos ocasionales u otras promociones con su permiso previo;<\/li><li>Agregar datos de Google Analytics o Yandex Direct y Cloudflare para el seguimiento del tr\u00e1fico y el an\u00e1lisis interno para mejorar el contenido.<\/li><\/ul>\t\t\t\t\t<\/div>\n\t\t\t\t\t\t<\/div>\n\t\t\t\t<\/div>\n\t\t\t\t<div class=\"elementor-element elementor-element-f4908a0 elementor-widget elementor-widget-heading\" data-id=\"f4908a0\" data-element_type=\"widget\" data-widget_type=\"heading.default\">\n\t\t\t\t<div class=\"elementor-widget-container\">\n\t\t\t<h2 class=\"elementor-heading-title elementor-size-default\">\u00bfQu\u00e9 hacemos con la informaci\u00f3n personal?<\/h2>\t\t<\/div>\n\t\t\t\t<\/div>\n\t\t\t\t<div class=\"elementor-element elementor-element-1843f71 elementor-widget elementor-widget-text-editor\" data-id=\"1843f71\" data-element_type=\"widget\" data-widget_type=\"text-editor.default\">\n\t\t\t\t<div class=\"elementor-widget-container\">\n\t\t\t\t\t\t\t\t<div class=\"elementor-text-editor elementor-clearfix\">\n\t\t\t\t<p>Sus datos personales se procesan en <b>CENTRO LEPOTNI DINO&amp;DINO, DINO IVANU\u0160A S.P.<\/b>LJUBLJANSKA CESTA 91A, 3000 Celjelocated in Slovenia. El alojamiento y el almacenamiento de datos tiene lugar en<b>https:\/\/wellnessaspara.com<\/b> que se encuentra en los pa\u00edses de la Uni\u00f3n Europea.<\/p><p>Ning\u00fan tercero proveedor tiene acceso a su informaci\u00f3n a menos que la ley lo exija.<\/p>\t\t\t\t\t<\/div>\n\t\t\t\t\t\t<\/div>\n\t\t\t\t<\/div>\n\t\t\t\t<div class=\"elementor-element elementor-element-026a007 elementor-widget elementor-widget-heading\" data-id=\"026a007\" data-element_type=\"widget\" data-widget_type=\"heading.default\">\n\t\t\t\t<div class=\"elementor-widget-container\">\n\t\t\t<h2 class=\"elementor-heading-title elementor-size-default\">\u00bfCu\u00e1nto tiempo los mantendremos?<\/h2>\t\t<\/div>\n\t\t\t\t<\/div>\n\t\t\t\t<div class=\"elementor-element elementor-element-c1cfc49 elementor-widget elementor-widget-text-editor\" data-id=\"c1cfc49\" data-element_type=\"widget\" data-widget_type=\"text-editor.default\">\n\t\t\t\t<div class=\"elementor-widget-container\">\n\t\t\t\t\t\t\t\t<div class=\"elementor-text-editor elementor-clearfix\">\n\t\t\t\tDe acuerdo con la ley o la pol\u00edtica de retenci\u00f3n de datos, estamos obligados a almacenar sus datos de acuerdo con el calendario de retenci\u00f3n de datos personales (el per\u00edodo m\u00e1ximo es de 20 a\u00f1os o menos). Despu\u00e9s de este per\u00edodo, sus datos personales ser\u00e1n archivados. Toda la informaci\u00f3n personal que guardamos con fines informativos, de marketing y de asistencia se conservar\u00e1 hasta que nos notifique que ya no desea recibir esta informaci\u00f3n haciendo clic en el bot\u00f3n Anular suscripci\u00f3n o utilizando el formulario de retirada, pero no m\u00e1s all\u00e1 del per\u00edodo m\u00e1ximo de almacenamiento. Para obtener m\u00e1s informaci\u00f3n sobre el plan de retenci\u00f3n de datos personales, consulte la Pol\u00edtica de seguridad.\t\t\t\t\t<\/div>\n\t\t\t\t\t\t<\/div>\n\t\t\t\t<\/div>\n\t\t\t\t<div class=\"elementor-element elementor-element-481d184 elementor-widget elementor-widget-heading\" data-id=\"481d184\" data-element_type=\"widget\" data-widget_type=\"heading.default\">\n\t\t\t\t<div class=\"elementor-widget-container\">\n\t\t\t<h2 class=\"elementor-heading-title elementor-size-default\">\u00bfCu\u00e1les son sus derechos? \n\n<\/h2>\t\t<\/div>\n\t\t\t\t<\/div>\n\t\t\t\t<div class=\"elementor-element elementor-element-d70dc39 elementor-widget elementor-widget-text-editor\" data-id=\"d70dc39\" data-element_type=\"widget\" data-widget_type=\"text-editor.default\">\n\t\t\t\t<div class=\"elementor-widget-container\">\n\t\t\t\t\t\t\t\t<div class=\"elementor-text-editor elementor-clearfix\">\n\t\t\t\tSi cree que la informaci\u00f3n personal que tenemos sobre usted es incorrecta o incompleta, tiene la opci\u00f3n de presentar una solicitud para revisar, corregir o eliminar esta informaci\u00f3n. P\u00f3ngase en contacto con nosotros a trav\u00e9s de (Formulario de solicitud de acceso a datos). En caso de que quiera quejarse de c\u00f3mo hemos procesado sus datos personales, p\u00f3ngase en contacto con la persona autorizada para la protecci\u00f3n de datos o. Persona de contacto para la protecci\u00f3n de datos (DPC, Data Protection Contact) a la direcci\u00f3n de correo electr\u00f3nico info@wellnessaspara.com o por escrito a\u00a0\u00a0<span style=\"font-weight: bold;\">CENTRO LEPOTNI DINO&amp;DINO, DINO IVANU\u0160A S.P.<\/span>LJUBLJANSKA CESTA 91A, 3000 Celje,\n\nNuestro DPC revisar\u00e1 su queja y le notificar\u00e1 la resoluci\u00f3n del asunto. Si a\u00fan cree que sus datos personales no han sido procesados adecuadamente de acuerdo con la ley, puede contactar con el Comisionado de Informaci\u00f3n y presentar una queja ante \u00e9l. Puede utilizar el formulario especial que se encuentra en la p\u00e1gina de Aviso de Privacidad para solicitar acceso a las pol\u00edticas y documentos relacionados con la privacidad.\t\t\t\t\t<\/div>\n\t\t\t\t\t\t<\/div>\n\t\t\t\t<\/div>\n\t\t\t\t<div class=\"elementor-element elementor-element-3f0f6ed elementor-widget elementor-widget-text-editor\" data-id=\"3f0f6ed\" data-element_type=\"widget\" data-widget_type=\"text-editor.default\">\n\t\t\t\t<div class=\"elementor-widget-container\">\n\t\t\t\t\t\t\t\t<div class=\"elementor-text-editor elementor-clearfix\">\n\t\t\t\t<p>Celje, 20.5.2018, Ver. Dokumenta: 1.0<\/p>\t\t\t\t\t<\/div>\n\t\t\t\t\t\t<\/div>\n\t\t\t\t<\/div>\n\t\t\t\t\t\t<\/div>\n\t\t\t\t\t<\/div>\n\t\t<\/div>\n\t\t\t\t\t\t\t\t<\/div>\n\t\t\t\t\t<\/div>\n\t\t<\/section>\n\t\t\t\t\t\t\t\t\t<\/div>\n\t\t\t<\/div>\n\t\t\t\t\t<\/div>","protected":false},"excerpt":{"rendered":"<p>Privacy policy What we need? Our privacy policy governs the use and storage of data. You can view the privacy policy on the Privacy Notice page (attached below). Wellness-aspara.com | LEPOTNI CENTER DINO&amp;DINO, DINO IVANU\u0160A S.P. is the controller of personal data provided (data subject: you, the customer, the visitor,[&#8230;]<\/p>","protected":false},"author":1,"featured_media":0,"parent":0,"menu_order":0,"comment_status":"closed","ping_status":"closed","template":"template-builder.php","meta":[],"_links":{"self":[{"href":"https:\/\/wellnessaspara.com\/es\/wp-json\/wp\/v2\/pages\/3"}],"collection":[{"href":"https:\/\/wellnessaspara.com\/es\/wp-json\/wp\/v2\/pages"}],"about":[{"href":"https:\/\/wellnessaspara.com\/es\/wp-json\/wp\/v2\/types\/page"}],"author":[{"embeddable":true,"href":"https:\/\/wellnessaspara.com\/es\/wp-json\/wp\/v2\/users\/1"}],"replies":[{"embeddable":true,"href":"https:\/\/wellnessaspara.com\/es\/wp-json\/wp\/v2\/comments?post=3"}],"version-history":[{"count":10,"href":"https:\/\/wellnessaspara.com\/es\/wp-json\/wp\/v2\/pages\/3\/revisions"}],"predecessor-version":[{"id":2794,"href":"https:\/\/wellnessaspara.com\/es\/wp-json\/wp\/v2\/pages\/3\/revisions\/2794"}],"wp:attachment":[{"href":"https:\/\/wellnessaspara.com\/es\/wp-json\/wp\/v2\/media?parent=3"}],"curies":[{"name":"wp","href":"https:\/\/api.w.org\/{rel}","templated":true}]}}