{"id":294,"date":"2020-01-10T22:56:47","date_gmt":"2020-01-10T22:56:47","guid":{"rendered":"https:\/\/wellnessaspara.com\/?page_id=294"},"modified":"2020-10-05T08:46:45","modified_gmt":"2020-10-05T08:46:45","slug":"massages","status":"publish","type":"page","link":"https:\/\/wellnessaspara.com\/es\/massages\/","title":{"rendered":"Masajes"},"content":{"rendered":"<div data-elementor-type=\"wp-page\" data-elementor-id=\"294\" class=\"elementor elementor-294\">\n\t\t\t\t\t\t<div class=\"elementor-inner\">\n\t\t\t\t<div class=\"elementor-section-wrap\">\n\t\t\t\t\t\t\t\t\t<section class=\"elementor-section elementor-top-section elementor-element elementor-element-4b33e4e elementor-section-boxed elementor-section-height-default elementor-section-height-default\" data-id=\"4b33e4e\" data-element_type=\"section\">\n\t\t\t\t\t\t<div class=\"elementor-container elementor-column-gap-default\">\n\t\t\t\t\t\t\t<div class=\"elementor-row\">\n\t\t\t\t\t<div class=\"elementor-column elementor-col-100 elementor-top-column elementor-element elementor-element-ccdddd3\" data-id=\"ccdddd3\" data-element_type=\"column\">\n\t\t\t<div class=\"elementor-column-wrap elementor-element-populated\">\n\t\t\t\t\t\t\t<div class=\"elementor-widget-wrap\">\n\t\t\t\t\t\t<div class=\"elementor-element elementor-element-09410a5 elementor-nav-menu__align-center elementor-nav-menu--dropdown-tablet elementor-nav-menu__text-align-aside elementor-nav-menu--toggle elementor-nav-menu--burger elementor-widget elementor-widget-nav-menu\" data-id=\"09410a5\" data-element_type=\"widget\" data-settings=\"{&quot;layout&quot;:&quot;horizontal&quot;,&quot;submenu_icon&quot;:{&quot;value&quot;:&quot;&lt;i class=\\&quot;fas fa-caret-down\\&quot;&gt;&lt;\\\/i&gt;&quot;,&quot;library&quot;:&quot;fa-solid&quot;},&quot;toggle&quot;:&quot;burger&quot;}\" data-widget_type=\"nav-menu.default\">\n\t\t\t\t<div class=\"elementor-widget-container\">\n\t\t\t\t\t\t<nav class=\"elementor-nav-menu--main elementor-nav-menu__container elementor-nav-menu--layout-horizontal e--pointer-background e--animation-fade\">\n\t\t\t\t<ul id=\"menu-1-09410a5\" class=\"elementor-nav-menu\"><li class=\"menu-item menu-item-type-post_type menu-item-object-page menu-item-2109\"><a href=\"https:\/\/wellnessaspara.com\/es\/cosmetic-services\/\" class=\"elementor-item\">Servicios cosm\u00e9ticos<\/a><\/li>\n<li class=\"menu-item menu-item-type-post_type menu-item-object-page menu-item-2116\"><a href=\"https:\/\/wellnessaspara.com\/es\/massages\/\" class=\"elementor-item\">Masajes<\/a><\/li>\n<li class=\"menu-item menu-item-type-post_type menu-item-object-page menu-item-2110\"><a href=\"https:\/\/wellnessaspara.com\/es\/fitness-and-exercises\/\" class=\"elementor-item\">Ejercicios y gimnasia...<\/a><\/li>\n<li class=\"menu-item menu-item-type-post_type menu-item-object-page menu-item-2111\"><a href=\"https:\/\/wellnessaspara.com\/es\/world-saunas\/\" class=\"elementor-item\">Saunas del mundo<\/a><\/li>\n<li class=\"menu-item menu-item-type-post_type menu-item-object-page menu-item-2112\"><a href=\"https:\/\/wellnessaspara.com\/es\/vip-paradise-for-two\/\" class=\"elementor-item\">Para\u00edso vip para dos<\/a><\/li>\n<li class=\"menu-item menu-item-type-post_type menu-item-object-page menu-item-2169\"><a href=\"https:\/\/wellnessaspara.com\/es\/solarium\/\" class=\"elementor-item\">Solarium<\/a><\/li>\n<\/ul>\t\t\t<\/nav>\n\t\t\t\t\t<div class=\"elementor-menu-toggle\" role=\"button\" tabindex=\"0\" aria-label=\"Alternar men\u00fa\" aria-expanded=\"false\">\n\t\t\t<i aria-hidden=\"true\" role=\"presentation\" class=\"elementor-menu-toggle__icon--open eicon-menu-bar\"><\/i><i aria-hidden=\"true\" role=\"presentation\" class=\"elementor-menu-toggle__icon--close eicon-close\"><\/i>\t\t\t<span class=\"elementor-screen-only\">Men\u00fa<\/span>\n\t\t<\/div>\n\t\t\t\t\t<nav class=\"elementor-nav-menu--dropdown elementor-nav-menu__container\" aria-hidden=\"true\">\n\t\t\t\t<ul id=\"menu-2-09410a5\" class=\"elementor-nav-menu\"><li class=\"menu-item menu-item-type-post_type menu-item-object-page menu-item-2109\"><a href=\"https:\/\/wellnessaspara.com\/es\/cosmetic-services\/\" class=\"elementor-item\" tabindex=\"-1\">Servicios cosm\u00e9ticos<\/a><\/li>\n<li class=\"menu-item menu-item-type-post_type menu-item-object-page menu-item-2116\"><a href=\"https:\/\/wellnessaspara.com\/es\/massages\/\" class=\"elementor-item\" tabindex=\"-1\">Masajes<\/a><\/li>\n<li class=\"menu-item menu-item-type-post_type menu-item-object-page menu-item-2110\"><a href=\"https:\/\/wellnessaspara.com\/es\/fitness-and-exercises\/\" class=\"elementor-item\" tabindex=\"-1\">Ejercicios y gimnasia...<\/a><\/li>\n<li class=\"menu-item menu-item-type-post_type menu-item-object-page menu-item-2111\"><a href=\"https:\/\/wellnessaspara.com\/es\/world-saunas\/\" class=\"elementor-item\" tabindex=\"-1\">Saunas del mundo<\/a><\/li>\n<li class=\"menu-item menu-item-type-post_type menu-item-object-page menu-item-2112\"><a href=\"https:\/\/wellnessaspara.com\/es\/vip-paradise-for-two\/\" class=\"elementor-item\" tabindex=\"-1\">Para\u00edso vip para dos<\/a><\/li>\n<li class=\"menu-item menu-item-type-post_type menu-item-object-page menu-item-2169\"><a href=\"https:\/\/wellnessaspara.com\/es\/solarium\/\" class=\"elementor-item\" tabindex=\"-1\">Solarium<\/a><\/li>\n<\/ul>\t\t\t<\/nav>\n\t\t\t\t<\/div>\n\t\t\t\t<\/div>\n\t\t\t\t<div class=\"elementor-element elementor-element-c9b83b4 elementor-widget elementor-widget-spacer\" data-id=\"c9b83b4\" data-element_type=\"widget\" data-widget_type=\"spacer.default\">\n\t\t\t\t<div class=\"elementor-widget-container\">\n\t\t\t\t\t<div class=\"elementor-spacer\">\n\t\t\t<div class=\"elementor-spacer-inner\"><\/div>\n\t\t<\/div>\n\t\t\t\t<\/div>\n\t\t\t\t<\/div>\n\t\t\t\t<div class=\"elementor-element elementor-element-3c22443 elementor-widget elementor-widget-heading\" data-id=\"3c22443\" data-element_type=\"widget\" data-widget_type=\"heading.default\">\n\t\t\t\t<div class=\"elementor-widget-container\">\n\t\t\t<h1 class=\"elementor-heading-title elementor-size-default\">Masajes<\/h1>\t\t<\/div>\n\t\t\t\t<\/div>\n\t\t\t\t\t\t<\/div>\n\t\t\t\t\t<\/div>\n\t\t<\/div>\n\t\t\t\t\t\t\t\t<\/div>\n\t\t\t\t\t<\/div>\n\t\t<\/section>\n\t\t\t\t<section class=\"elementor-section elementor-top-section elementor-element elementor-element-352b416 elementor-section-boxed elementor-section-height-default elementor-section-height-default\" data-id=\"352b416\" data-element_type=\"section\">\n\t\t\t\t\t\t<div class=\"elementor-container elementor-column-gap-default\">\n\t\t\t\t\t\t\t<div class=\"elementor-row\">\n\t\t\t\t\t<div class=\"elementor-column elementor-col-100 elementor-top-column elementor-element elementor-element-2512a9a\" data-id=\"2512a9a\" data-element_type=\"column\">\n\t\t\t<div class=\"elementor-column-wrap elementor-element-populated\">\n\t\t\t\t\t\t\t<div class=\"elementor-widget-wrap\">\n\t\t\t\t\t\t<div class=\"elementor-element elementor-element-140216d elementor-widget elementor-widget-text-editor\" data-id=\"140216d\" data-element_type=\"widget\" data-widget_type=\"text-editor.default\">\n\t\t\t\t<div class=\"elementor-widget-container\">\n\t\t\t\t\t\t\t\t<div class=\"elementor-text-editor elementor-clearfix\">\n\t\t\t\tEl bienestar es un factor clave para una vida de calidad. Cons\u00edguelo mim\u00e1ndote en forma de un masaje que despertar\u00e1 nuevas energ\u00edas en ti.\t\t\t\t\t<\/div>\n\t\t\t\t\t\t<\/div>\n\t\t\t\t<\/div>\n\t\t\t\t<div class=\"elementor-element elementor-element-93bed73 elementor-widget elementor-widget-toggle\" data-id=\"93bed73\" data-element_type=\"widget\" data-widget_type=\"toggle.default\">\n\t\t\t\t<div class=\"elementor-widget-container\">\n\t\t\t\t\t<div class=\"elementor-toggle\" role=\"tablist\">\n\t\t\t\t\t\t\t<div class=\"elementor-toggle-item\">\n\t\t\t\t\t<div id=\"elementor-tab-title-1541\" class=\"elementor-tab-title\" data-tab=\"1\" role=\"tab\" aria-controls=\"elementor-tab-content-1541\" aria-expanded=\"false\">\n\t\t\t\t\t\t\t\t\t\t\t\t<span class=\"elementor-toggle-icon elementor-toggle-icon-left\" aria-hidden=\"true\">\n\t\t\t\t\t\t\t\t\t\t\t\t\t\t\t<span class=\"elementor-toggle-icon-closed\"><i class=\"fas fa-plus\"><\/i><\/span>\n\t\t\t\t\t\t\t\t<span class=\"elementor-toggle-icon-opened\"><i class=\"elementor-toggle-icon-opened fas fa-minus\"><\/i><\/span>\n\t\t\t\t\t\t\t\t\t\t\t\t\t<\/span>\n\t\t\t\t\t\t\t\t\t\t\t\t<a href=\"\" class=\"elementor-toggle-title\">Masajes relajantes con aspara<\/a>\n\t\t\t\t\t<\/div>\n\n\t\t\t\t\t<div id=\"elementor-tab-content-1541\" class=\"elementor-tab-content elementor-clearfix\" data-tab=\"1\" role=\"tabpanel\" aria-labelledby=\"elementor-tab-title-1541\"><ul><li>Masaje corporal completo de bienestar 60 min. <a style=\"color: #a7782d;\"><strong>50\u20ac<\/strong><\/a><\/li><li><a style=\"color: #a7782d;\"><span style=\"color: #333333;\">Masaje con piedras calientes 45 min. <\/span><\/a><strong><a style=\"color: #a7782d;\"><strong>50\u20ac<\/strong><\/a><\/strong><\/li><li>Masaje para mujeres embarazadas 20 min. <a style=\"color: #a7782d;\"><strong>30\u20ac<\/strong><\/a><\/li><\/ul><\/div>\n\t\t\t\t<\/div>\n\t\t\t\t\t\t\t<div class=\"elementor-toggle-item\">\n\t\t\t\t\t<div id=\"elementor-tab-title-1542\" class=\"elementor-tab-title\" data-tab=\"2\" role=\"tab\" aria-controls=\"elementor-tab-content-1542\" aria-expanded=\"false\">\n\t\t\t\t\t\t\t\t\t\t\t\t<span class=\"elementor-toggle-icon elementor-toggle-icon-left\" aria-hidden=\"true\">\n\t\t\t\t\t\t\t\t\t\t\t\t\t\t\t<span class=\"elementor-toggle-icon-closed\"><i class=\"fas fa-plus\"><\/i><\/span>\n\t\t\t\t\t\t\t\t<span class=\"elementor-toggle-icon-opened\"><i class=\"elementor-toggle-icon-opened fas fa-minus\"><\/i><\/span>\n\t\t\t\t\t\t\t\t\t\t\t\t\t<\/span>\n\t\t\t\t\t\t\t\t\t\t\t\t<a href=\"\" class=\"elementor-toggle-title\">Masaje analg\u00e9sico<\/a>\n\t\t\t\t\t<\/div>\n\n\t\t\t\t\t<div id=\"elementor-tab-content-1542\" class=\"elementor-tab-content elementor-clearfix\" data-tab=\"2\" role=\"tabpanel\" aria-labelledby=\"elementor-tab-title-1542\"><p style=\"padding-left: 40px;\">30 minutos. <a style=\"color: #a7782d;\"><strong>27\u20ac<\/strong><\/a><br \/>50 minutos. <a style=\"color: #a7782d;\"><strong>47\u20ac<\/strong><\/a><\/p><p>Masaje de pies - 30 min. <a style=\"color: #a7782d;\"><strong>27\u20ac<\/strong><\/a><\/p><\/div>\n\t\t\t\t<\/div>\n\t\t\t\t\t\t\t<div class=\"elementor-toggle-item\">\n\t\t\t\t\t<div id=\"elementor-tab-title-1543\" class=\"elementor-tab-title\" data-tab=\"3\" role=\"tab\" aria-controls=\"elementor-tab-content-1543\" aria-expanded=\"false\">\n\t\t\t\t\t\t\t\t\t\t\t\t<span class=\"elementor-toggle-icon elementor-toggle-icon-left\" aria-hidden=\"true\">\n\t\t\t\t\t\t\t\t\t\t\t\t\t\t\t<span class=\"elementor-toggle-icon-closed\"><i class=\"fas fa-plus\"><\/i><\/span>\n\t\t\t\t\t\t\t\t<span class=\"elementor-toggle-icon-opened\"><i class=\"elementor-toggle-icon-opened fas fa-minus\"><\/i><\/span>\n\t\t\t\t\t\t\t\t\t\t\t\t\t<\/span>\n\t\t\t\t\t\t\t\t\t\t\t\t<a href=\"\" class=\"elementor-toggle-title\">El masaje cl\u00e1sico sueco<\/a>\n\t\t\t\t\t<\/div>\n\n\t\t\t\t\t<div id=\"elementor-tab-content-1543\" class=\"elementor-tab-content elementor-clearfix\" data-tab=\"3\" role=\"tabpanel\" aria-labelledby=\"elementor-tab-title-1543\"><p style=\"padding-left: 40px; text-align: left;\">60 minutos. <a style=\"color: #a7782d;\"><strong>42\u20ac<\/strong><\/a><br \/>45 min. <a style=\"color: #a7782d;\"><strong>37\u20ac<br \/><\/strong><\/a>30 min. <a style=\"color: #a7782d;\"><strong>25\u20ac<\/strong><\/a><\/p><\/div>\n\t\t\t\t<\/div>\n\t\t\t\t\t\t\t<div class=\"elementor-toggle-item\">\n\t\t\t\t\t<div id=\"elementor-tab-title-1544\" class=\"elementor-tab-title\" data-tab=\"4\" role=\"tab\" aria-controls=\"elementor-tab-content-1544\" aria-expanded=\"false\">\n\t\t\t\t\t\t\t\t\t\t\t\t<span class=\"elementor-toggle-icon elementor-toggle-icon-left\" aria-hidden=\"true\">\n\t\t\t\t\t\t\t\t\t\t\t\t\t\t\t<span class=\"elementor-toggle-icon-closed\"><i class=\"fas fa-plus\"><\/i><\/span>\n\t\t\t\t\t\t\t\t<span class=\"elementor-toggle-icon-opened\"><i class=\"elementor-toggle-icon-opened fas fa-minus\"><\/i><\/span>\n\t\t\t\t\t\t\t\t\t\t\t\t\t<\/span>\n\t\t\t\t\t\t\t\t\t\t\t\t<a href=\"\" class=\"elementor-toggle-title\">Masajes tailandeses<\/a>\n\t\t\t\t\t<\/div>\n\n\t\t\t\t\t<div id=\"elementor-tab-content-1544\" class=\"elementor-tab-content elementor-clearfix\" data-tab=\"4\" role=\"tabpanel\" aria-labelledby=\"elementor-tab-title-1544\"><ul><li>Masaje tradicional tailand\u00e9s - 100 minutos | <a style=\"color: #a7782d;\"><strong>70\u20ac<\/strong><\/a><\/li><li>Masaje tradicional tailand\u00e9s - 50 minutos. <a style=\"color: #a7782d;\"><strong>42\u20ac<\/strong><\/a><\/li><li>Masaje Tailand\u00e9s del Rey - 110 minutos.<a style=\"color: #a7782d;\"><strong> 82\u20ac<\/strong><\/a><\/li><li>MIX Masaje tailand\u00e9s 50 minutos | <a style=\"color: #a7782d;\"><strong>42\u20ac<\/strong><\/a><\/li><li>Masaje tailand\u00e9s con aceites arom\u00e1ticos - 30 minutos | <a style=\"color: #a7782d;\"><strong>29\u20ac<\/strong><\/a><\/li><li>Masaje tailand\u00e9s con aceites arom\u00e1ticos - 50 minutos | <a style=\"color: #a7782d;\"><strong>40\u20ac<\/strong><\/a><\/li><li>Masaje tailand\u00e9s con aceites arom\u00e1ticos - 100 minutos |<a style=\"color: #a7782d;\"><strong> 74\u20ac<\/strong><\/a><\/li><li>Masaje de pies tailand\u00e9s - 20 minutos | <a style=\"color: #a7782d;\"><strong>25\u20ac<\/strong><\/a><\/li><li>Masaje de pies tailand\u00e9s - 30 minutos | <a style=\"color: #a7782d;\"><strong>30\u20ac<\/strong><\/a><\/li><\/ul><\/div>\n\t\t\t\t<\/div>\n\t\t\t\t\t\t\t<div class=\"elementor-toggle-item\">\n\t\t\t\t\t<div id=\"elementor-tab-title-1545\" class=\"elementor-tab-title\" data-tab=\"5\" role=\"tab\" aria-controls=\"elementor-tab-content-1545\" aria-expanded=\"false\">\n\t\t\t\t\t\t\t\t\t\t\t\t<span class=\"elementor-toggle-icon elementor-toggle-icon-left\" aria-hidden=\"true\">\n\t\t\t\t\t\t\t\t\t\t\t\t\t\t\t<span class=\"elementor-toggle-icon-closed\"><i class=\"fas fa-plus\"><\/i><\/span>\n\t\t\t\t\t\t\t\t<span class=\"elementor-toggle-icon-opened\"><i class=\"elementor-toggle-icon-opened fas fa-minus\"><\/i><\/span>\n\t\t\t\t\t\t\t\t\t\t\t\t\t<\/span>\n\t\t\t\t\t\t\t\t\t\t\t\t<a href=\"\" class=\"elementor-toggle-title\">Masajes para dos<\/a>\n\t\t\t\t\t<\/div>\n\n\t\t\t\t\t<div id=\"elementor-tab-content-1545\" class=\"elementor-tab-content elementor-clearfix\" data-tab=\"5\" role=\"tabpanel\" aria-labelledby=\"elementor-tab-title-1545\"><ul><li>Masaje con piedras calientes para dos 45 minutos. <a><strong>88\u20ac<\/strong><\/a><\/li><li>Masaje relajante para dos 45 minutos + vino espumoso. <a><strong>84,90\u20ac<\/strong><\/a><\/li><li>Masaje de chocolate o coco para dos 30 minutos. <a><strong>78,90\u20ac<\/strong><\/a><\/li><\/ul><\/div>\n\t\t\t\t<\/div>\n\t\t\t\t\t\t\t\t<\/div>\n\t\t\t\t<\/div>\n\t\t\t\t<\/div>\n\t\t\t\t\t\t<\/div>\n\t\t\t\t\t<\/div>\n\t\t<\/div>\n\t\t\t\t\t\t\t\t<\/div>\n\t\t\t\t\t<\/div>\n\t\t<\/section>\n\t\t\t\t<section class=\"elementor-section elementor-top-section elementor-element elementor-element-e414960 elementor-section-boxed elementor-section-height-default elementor-section-height-default\" data-id=\"e414960\" data-element_type=\"section\">\n\t\t\t\t\t\t<div class=\"elementor-container elementor-column-gap-default\">\n\t\t\t\t\t\t\t<div class=\"elementor-row\">\n\t\t\t\t\t<div class=\"elementor-column elementor-col-100 elementor-top-column elementor-element elementor-element-42f2dc9\" data-id=\"42f2dc9\" data-element_type=\"column\">\n\t\t\t<div class=\"elementor-column-wrap elementor-element-populated\">\n\t\t\t\t\t\t\t<div class=\"elementor-widget-wrap\">\n\t\t\t\t\t\t<div class=\"elementor-element elementor-element-7ea3047 elementor-icon-list--layout-traditional elementor-list-item-link-full_width elementor-widget elementor-widget-icon-list\" data-id=\"7ea3047\" data-element_type=\"widget\" data-widget_type=\"icon-list.default\">\n\t\t\t\t<div class=\"elementor-widget-container\">\n\t\t\t\t\t<ul class=\"elementor-icon-list-items\">\n\t\t\t\t\t\t\t<li class=\"elementor-icon-list-item\">\n\t\t\t\t\t\t\t\t\t\t\t<span class=\"elementor-icon-list-icon\">\n\t\t\t\t\t\t\t<i aria-hidden=\"true\" class=\"fas fa-circle\"><\/i>\t\t\t\t\t\t<\/span>\n\t\t\t\t\t\t\t\t\t\t<span class=\"elementor-icon-list-text\">Todos los precios est\u00e1n en euros e incluyen 22% de IVA.<\/span>\n\t\t\t\t\t\t\t\t\t<\/li>\n\t\t\t\t\t\t<\/ul>\n\t\t\t\t<\/div>\n\t\t\t\t<\/div>\n\t\t\t\t\t\t<\/div>\n\t\t\t\t\t<\/div>\n\t\t<\/div>\n\t\t\t\t\t\t\t\t<\/div>\n\t\t\t\t\t<\/div>\n\t\t<\/section>\n\t\t\t\t<section class=\"elementor-section elementor-top-section elementor-element elementor-element-fbf203f elementor-section-boxed elementor-section-height-default elementor-section-height-default\" data-id=\"fbf203f\" data-element_type=\"section\">\n\t\t\t\t\t\t<div class=\"elementor-container elementor-column-gap-default\">\n\t\t\t\t\t\t\t<div class=\"elementor-row\">\n\t\t\t\t\t<div class=\"elementor-column elementor-col-100 elementor-top-column elementor-element elementor-element-bd5eaab\" data-id=\"bd5eaab\" data-element_type=\"column\">\n\t\t\t<div class=\"elementor-column-wrap elementor-element-populated\">\n\t\t\t\t\t\t\t<div class=\"elementor-widget-wrap\">\n\t\t\t\t\t\t<div class=\"elementor-element elementor-element-6998cce elementor-widget elementor-widget-gallery\" data-id=\"6998cce\" data-element_type=\"widget\" data-settings=\"{&quot;image_hover_animation&quot;:&quot;shrink-contained&quot;,&quot;gallery_layout&quot;:&quot;justified&quot;,&quot;ideal_row_height&quot;:{&quot;unit&quot;:&quot;px&quot;,&quot;size&quot;:280,&quot;sizes&quot;:[]},&quot;ideal_row_height_tablet&quot;:{&quot;unit&quot;:&quot;px&quot;,&quot;size&quot;:200,&quot;sizes&quot;:[]},&quot;ideal_row_height_mobile&quot;:{&quot;unit&quot;:&quot;px&quot;,&quot;size&quot;:200,&quot;sizes&quot;:[]},&quot;lazyload&quot;:&quot;yes&quot;,&quot;gap&quot;:{&quot;unit&quot;:&quot;px&quot;,&quot;size&quot;:10,&quot;sizes&quot;:[]},&quot;gap_tablet&quot;:{&quot;unit&quot;:&quot;px&quot;,&quot;size&quot;:10,&quot;sizes&quot;:[]},&quot;gap_mobile&quot;:{&quot;unit&quot;:&quot;px&quot;,&quot;size&quot;:10,&quot;sizes&quot;:[]},&quot;link_to&quot;:&quot;file&quot;,&quot;overlay_background&quot;:&quot;yes&quot;,&quot;content_hover_animation&quot;:&quot;fade-in&quot;}\" data-widget_type=\"gallery.default\">\n\t\t\t\t<div class=\"elementor-widget-container\">\n\t\t\t\t\t<div class=\"elementor-gallery__container\">\n\t\t\t\t\t\t\t<a class=\"e-gallery-item elementor-gallery-item elementor-animated-content\" href=\"https:\/\/wellnessaspara.com\/wp-content\/uploads\/2020\/01\/Aspara-Masaze-6.jpg\" data-elementor-open-lightbox=\"yes\" data-elementor-lightbox-slideshow=\"all-6998cce\" data-elementor-lightbox-title=\"Aspara Massage\" data-elementor-lightbox-description=\"Aspara Massage. Visit our fitness or gym, beauty salon with excellent massages, treat yourself to face, body, hand or nail care and a very important pedicure.\" data-e-action-hash=\"#elementor-action%3Aaction%3Dlightbox%26settings%3DeyJpZCI6MTE4NywidXJsIjoiaHR0cHM6XC9cL3dlbGxuZXNzYXNwYXJhLmNvbVwvd3AtY29udGVudFwvdXBsb2Fkc1wvMjAyMFwvMDFcL0FzcGFyYS1NYXNhemUtNi5qcGciLCJzbGlkZXNob3ciOiJhbGwtNjk5OGNjZSJ9\">\n\t\t\t\t\t<div class=\"e-gallery-image elementor-gallery-item__image\" data-thumbnail=\"https:\/\/wellnessaspara.com\/wp-content\/uploads\/2020\/01\/Aspara-Masaze-6.jpg\" data-width=\"1024\" data-height=\"683\" aria-label=\"Masaje Aspara\" role=\"img\" ><\/div>\n\t\t\t\t\t\t\t\t\t\t\t<div class=\"elementor-gallery-item__overlay\"><\/div>\n\t\t\t\t\t\t\t\t\t\t\t\t\t\t<\/a>\n\t\t\t\t\t\t\t<a class=\"e-gallery-item elementor-gallery-item elementor-animated-content\" href=\"https:\/\/wellnessaspara.com\/wp-content\/uploads\/2020\/01\/Aspara-Masaze-3.jpg\" data-elementor-open-lightbox=\"yes\" data-elementor-lightbox-slideshow=\"all-6998cce\" data-elementor-lightbox-title=\"Aspara Massage\" data-elementor-lightbox-description=\"Aspara Massage. Visit our fitness or gym, beauty salon with excellent massages, treat yourself to face, body, hand or nail care and a very important pedicure.\" data-e-action-hash=\"#elementor-action%3Aaction%3Dlightbox%26settings%3DeyJpZCI6MTE4NCwidXJsIjoiaHR0cHM6XC9cL3dlbGxuZXNzYXNwYXJhLmNvbVwvd3AtY29udGVudFwvdXBsb2Fkc1wvMjAyMFwvMDFcL0FzcGFyYS1NYXNhemUtMy5qcGciLCJzbGlkZXNob3ciOiJhbGwtNjk5OGNjZSJ9\">\n\t\t\t\t\t<div class=\"e-gallery-image elementor-gallery-item__image\" data-thumbnail=\"https:\/\/wellnessaspara.com\/wp-content\/uploads\/2020\/01\/Aspara-Masaze-3.jpg\" data-width=\"1024\" data-height=\"683\" aria-label=\"Masaje Aspara\" role=\"img\" ><\/div>\n\t\t\t\t\t\t\t\t\t\t\t<div class=\"elementor-gallery-item__overlay\"><\/div>\n\t\t\t\t\t\t\t\t\t\t\t\t\t\t<\/a>\n\t\t\t\t\t\t\t<a class=\"e-gallery-item elementor-gallery-item elementor-animated-content\" href=\"https:\/\/wellnessaspara.com\/wp-content\/uploads\/2020\/01\/Aspara-Masaze-5.jpg\" data-elementor-open-lightbox=\"yes\" data-elementor-lightbox-slideshow=\"all-6998cce\" data-elementor-lightbox-title=\"Aspara Massage\" data-elementor-lightbox-description=\"Aspara Massage. Visit our fitness or gym, beauty salon with excellent massages, treat yourself to face, body, hand or nail care and a very important pedicure.\" data-e-action-hash=\"#elementor-action%3Aaction%3Dlightbox%26settings%3DeyJpZCI6MTE4NiwidXJsIjoiaHR0cHM6XC9cL3dlbGxuZXNzYXNwYXJhLmNvbVwvd3AtY29udGVudFwvdXBsb2Fkc1wvMjAyMFwvMDFcL0FzcGFyYS1NYXNhemUtNS5qcGciLCJzbGlkZXNob3ciOiJhbGwtNjk5OGNjZSJ9\">\n\t\t\t\t\t<div class=\"e-gallery-image elementor-gallery-item__image\" data-thumbnail=\"https:\/\/wellnessaspara.com\/wp-content\/uploads\/2020\/01\/Aspara-Masaze-5.jpg\" data-width=\"512\" data-height=\"768\" aria-label=\"Masaje Aspara\" role=\"img\" ><\/div>\n\t\t\t\t\t\t\t\t\t\t\t<div class=\"elementor-gallery-item__overlay\"><\/div>\n\t\t\t\t\t\t\t\t\t\t\t\t\t\t<\/a>\n\t\t\t\t\t\t\t<a class=\"e-gallery-item elementor-gallery-item elementor-animated-content\" href=\"https:\/\/wellnessaspara.com\/wp-content\/uploads\/2020\/01\/Aspara-Masaze-4.jpg\" data-elementor-open-lightbox=\"yes\" data-elementor-lightbox-slideshow=\"all-6998cce\" data-elementor-lightbox-title=\"Aspara Massage\" data-elementor-lightbox-description=\"Aspara Massage. Visit our fitness or gym, beauty salon with excellent massages, treat yourself to face, body, hand or nail care and a very important pedicure.\" data-e-action-hash=\"#elementor-action%3Aaction%3Dlightbox%26settings%3DeyJpZCI6MTE4NSwidXJsIjoiaHR0cHM6XC9cL3dlbGxuZXNzYXNwYXJhLmNvbVwvd3AtY29udGVudFwvdXBsb2Fkc1wvMjAyMFwvMDFcL0FzcGFyYS1NYXNhemUtNC5qcGciLCJzbGlkZXNob3ciOiJhbGwtNjk5OGNjZSJ9\">\n\t\t\t\t\t<div class=\"e-gallery-image elementor-gallery-item__image\" data-thumbnail=\"https:\/\/wellnessaspara.com\/wp-content\/uploads\/2020\/01\/Aspara-Masaze-4.jpg\" data-width=\"512\" data-height=\"768\" aria-label=\"Masaje Aspara\" role=\"img\" ><\/div>\n\t\t\t\t\t\t\t\t\t\t\t<div class=\"elementor-gallery-item__overlay\"><\/div>\n\t\t\t\t\t\t\t\t\t\t\t\t\t\t<\/a>\n\t\t\t\t\t\t\t<a class=\"e-gallery-item elementor-gallery-item elementor-animated-content\" href=\"https:\/\/wellnessaspara.com\/wp-content\/uploads\/2020\/01\/Aspara-Masaze-1.jpg\" data-elementor-open-lightbox=\"yes\" data-elementor-lightbox-slideshow=\"all-6998cce\" data-elementor-lightbox-title=\"Aspara Massage\" data-elementor-lightbox-description=\"Aspara Massage. Visit our fitness or gym, beauty salon with excellent massages, treat yourself to face, body, hand or nail care and a very important pedicure.\" data-e-action-hash=\"#elementor-action%3Aaction%3Dlightbox%26settings%3DeyJpZCI6MTE4OSwidXJsIjoiaHR0cHM6XC9cL3dlbGxuZXNzYXNwYXJhLmNvbVwvd3AtY29udGVudFwvdXBsb2Fkc1wvMjAyMFwvMDFcL0FzcGFyYS1NYXNhemUtMS5qcGciLCJzbGlkZXNob3ciOiJhbGwtNjk5OGNjZSJ9\">\n\t\t\t\t\t<div class=\"e-gallery-image elementor-gallery-item__image\" data-thumbnail=\"https:\/\/wellnessaspara.com\/wp-content\/uploads\/2020\/01\/Aspara-Masaze-1.jpg\" data-width=\"1024\" data-height=\"683\" aria-label=\"Masaje Aspara\" role=\"img\" ><\/div>\n\t\t\t\t\t\t\t\t\t\t\t<div class=\"elementor-gallery-item__overlay\"><\/div>\n\t\t\t\t\t\t\t\t\t\t\t\t\t\t<\/a>\n\t\t\t\t\t\t\t<a class=\"e-gallery-item elementor-gallery-item elementor-animated-content\" href=\"https:\/\/wellnessaspara.com\/wp-content\/uploads\/2020\/01\/Aspara-Masaze-7.jpg\" data-elementor-open-lightbox=\"yes\" data-elementor-lightbox-slideshow=\"all-6998cce\" data-elementor-lightbox-title=\"Aspara Massage\" data-elementor-lightbox-description=\"Aspara Massage. Visit our fitness or gym, beauty salon with excellent massages, treat yourself to face, body, hand or nail care and a very important pedicure.\" data-e-action-hash=\"#elementor-action%3Aaction%3Dlightbox%26settings%3DeyJpZCI6MTE4OCwidXJsIjoiaHR0cHM6XC9cL3dlbGxuZXNzYXNwYXJhLmNvbVwvd3AtY29udGVudFwvdXBsb2Fkc1wvMjAyMFwvMDFcL0FzcGFyYS1NYXNhemUtNy5qcGciLCJzbGlkZXNob3ciOiJhbGwtNjk5OGNjZSJ9\">\n\t\t\t\t\t<div class=\"e-gallery-image elementor-gallery-item__image\" data-thumbnail=\"https:\/\/wellnessaspara.com\/wp-content\/uploads\/2020\/01\/Aspara-Masaze-7.jpg\" data-width=\"512\" data-height=\"768\" aria-label=\"Masaje Aspara\" role=\"img\" ><\/div>\n\t\t\t\t\t\t\t\t\t\t\t<div class=\"elementor-gallery-item__overlay\"><\/div>\n\t\t\t\t\t\t\t\t\t\t\t\t\t\t<\/a>\n\t\t\t\t\t<\/div>\n\t\t\t<\/div>\n\t\t\t\t<\/div>\n\t\t\t\t\t\t<\/div>\n\t\t\t\t\t<\/div>\n\t\t<\/div>\n\t\t\t\t\t\t\t\t<\/div>\n\t\t\t\t\t<\/div>\n\t\t<\/section>\n\t\t\t\t\t\t\t\t\t<\/div>\n\t\t\t<\/div>\n\t\t\t\t\t<\/div>","protected":false},"excerpt":{"rendered":"<p>La gama de productos Dobro est\u00e1 pensada para que los clientes puedan disfrutar de un servicio de calidad. La experiencia de los usuarios en el campo de los masajes es muy importante, ya que no se trata de un problema de energ\u00eda. Sprostitvene aspara masa\u017ee Wellness masa\u017ea celega telesa 60 min | 50\u20ac Masa\u017ea z vro\u010dimi kamni 45 min | 50\u20ac Masa\u017ea za nose\u010dnice 20 min | 30\u20ac[...]<\/p>","protected":false},"author":1,"featured_media":2521,"parent":0,"menu_order":0,"comment_status":"closed","ping_status":"closed","template":"template-builder.php","meta":[],"_links":{"self":[{"href":"https:\/\/wellnessaspara.com\/es\/wp-json\/wp\/v2\/pages\/294"}],"collection":[{"href":"https:\/\/wellnessaspara.com\/es\/wp-json\/wp\/v2\/pages"}],"about":[{"href":"https:\/\/wellnessaspara.com\/es\/wp-json\/wp\/v2\/types\/page"}],"author":[{"embeddable":true,"href":"https:\/\/wellnessaspara.com\/es\/wp-json\/wp\/v2\/users\/1"}],"replies":[{"embeddable":true,"href":"https:\/\/wellnessaspara.com\/es\/wp-json\/wp\/v2\/comments?post=294"}],"version-history":[{"count":20,"href":"https:\/\/wellnessaspara.com\/es\/wp-json\/wp\/v2\/pages\/294\/revisions"}],"predecessor-version":[{"id":2660,"href":"https:\/\/wellnessaspara.com\/es\/wp-json\/wp\/v2\/pages\/294\/revisions\/2660"}],"wp:featuredmedia":[{"embeddable":true,"href":"https:\/\/wellnessaspara.com\/es\/wp-json\/wp\/v2\/media\/2521"}],"wp:attachment":[{"href":"https:\/\/wellnessaspara.com\/es\/wp-json\/wp\/v2\/media?parent=294"}],"curies":[{"name":"wp","href":"https:\/\/api.w.org\/{rel}","templated":true}]}}