{"id":2509,"date":"2020-07-17T05:36:06","date_gmt":"2020-07-17T05:36:06","guid":{"rendered":"https:\/\/wellnessaspara.com\/?page_id=2509"},"modified":"2020-10-06T12:56:56","modified_gmt":"2020-10-06T12:56:56","slug":"dry-co2-bath","status":"publish","type":"page","link":"https:\/\/wellnessaspara.com\/es\/dry-co2-bath\/","title":{"rendered":"Ba\u00f1o de CO2 seco"},"content":{"rendered":"<div data-elementor-type=\"wp-page\" data-elementor-id=\"2509\" class=\"elementor elementor-2509\">\n\t\t\t\t\t\t<div class=\"elementor-inner\">\n\t\t\t\t<div class=\"elementor-section-wrap\">\n\t\t\t\t\t\t\t\t\t<section class=\"elementor-section elementor-top-section elementor-element elementor-element-95bbb71 elementor-section-boxed elementor-section-height-default elementor-section-height-default\" data-id=\"95bbb71\" data-element_type=\"section\">\n\t\t\t\t\t\t<div class=\"elementor-container elementor-column-gap-default\">\n\t\t\t\t\t\t\t<div class=\"elementor-row\">\n\t\t\t\t\t<div class=\"elementor-column elementor-col-100 elementor-top-column elementor-element elementor-element-83ac1f0\" data-id=\"83ac1f0\" data-element_type=\"column\">\n\t\t\t<div class=\"elementor-column-wrap elementor-element-populated\">\n\t\t\t\t\t\t\t<div class=\"elementor-widget-wrap\">\n\t\t\t\t\t\t<section class=\"elementor-section elementor-inner-section elementor-element elementor-element-5bd641f elementor-section-boxed elementor-section-height-default elementor-section-height-default\" data-id=\"5bd641f\" data-element_type=\"section\">\n\t\t\t\t\t\t<div class=\"elementor-container elementor-column-gap-default\">\n\t\t\t\t\t\t\t<div class=\"elementor-row\">\n\t\t\t\t\t<div class=\"elementor-column elementor-col-50 elementor-inner-column elementor-element elementor-element-1ffb562\" data-id=\"1ffb562\" data-element_type=\"column\">\n\t\t\t<div class=\"elementor-column-wrap elementor-element-populated\">\n\t\t\t\t\t\t\t<div class=\"elementor-widget-wrap\">\n\t\t\t\t\t\t<div class=\"elementor-element elementor-element-ce2b80c elementor-widget elementor-widget-text-editor\" data-id=\"ce2b80c\" data-element_type=\"widget\" data-widget_type=\"text-editor.default\">\n\t\t\t\t<div class=\"elementor-widget-container\">\n\t\t\t\t\t\t\t\t<div class=\"elementor-text-editor elementor-clearfix\">\n\t\t\t\t<h4>\u00a0<\/h4><h4>\u00a0<\/h4><h4>\u00a0<\/h4><h4>La celulitis es una molestia a la que se enfrentan casi todas las mujeres. Aparece al principio del ciclo vital, pero con el tiempo, en la mayor\u00eda de los casos, se extiende a\u00fan m\u00e1s y se hace m\u00e1s visible.<\/h4>\t\t\t\t\t<\/div>\n\t\t\t\t\t\t<\/div>\n\t\t\t\t<\/div>\n\t\t\t\t\t\t<\/div>\n\t\t\t\t\t<\/div>\n\t\t<\/div>\n\t\t\t\t<div class=\"elementor-column elementor-col-50 elementor-inner-column elementor-element elementor-element-bf30535\" data-id=\"bf30535\" data-element_type=\"column\">\n\t\t\t<div class=\"elementor-column-wrap elementor-element-populated\">\n\t\t\t\t\t\t\t<div class=\"elementor-widget-wrap\">\n\t\t\t\t\t\t<div class=\"elementor-element elementor-element-0ff609a elementor-widget elementor-widget-heading\" data-id=\"0ff609a\" data-element_type=\"widget\" data-widget_type=\"heading.default\">\n\t\t\t\t<div class=\"elementor-widget-container\">\n\t\t\t<h2 class=\"elementor-heading-title elementor-size-default\">\u00bfLo sab\u00edas?<\/h2>\t\t<\/div>\n\t\t\t\t<\/div>\n\t\t\t\t<div class=\"elementor-element elementor-element-7f25440 elementor-widget elementor-widget-text-editor\" data-id=\"7f25440\" data-element_type=\"widget\" data-widget_type=\"text-editor.default\">\n\t\t\t\t<div class=\"elementor-widget-container\">\n\t\t\t\t\t\t\t\t<div class=\"elementor-text-editor elementor-clearfix\">\n\t\t\t\t<p>La aparici\u00f3n de la celulitis en el cuerpo tiene poco que ver con el estilo de vida de un individuo (tambi\u00e9n tenemos en mente el ejercicio y la dieta), aunque las mujeres suelen notar que la incidencia de la celulitis es mayor cuando aumentan de peso.<\/p><p>Las caracter\u00edsticas gen\u00e9ticas de un individuo tambi\u00e9n son responsables de la formaci\u00f3n de la celulitis. Junto con la aparici\u00f3n de la celulitis, las mujeres notan que tambi\u00e9n tienen problemas con la reducci\u00f3n de cent\u00edmetros adicionales justo en las \u00e1reas de los muslos, la parte baja del abdomen, por encima de las caderas y en el pecho.<\/p>\t\t\t\t\t<\/div>\n\t\t\t\t\t\t<\/div>\n\t\t\t\t<\/div>\n\t\t\t\t\t\t<\/div>\n\t\t\t\t\t<\/div>\n\t\t<\/div>\n\t\t\t\t\t\t\t\t<\/div>\n\t\t\t\t\t<\/div>\n\t\t<\/section>\n\t\t\t\t<section class=\"elementor-section elementor-inner-section elementor-element elementor-element-957650e elementor-section-boxed elementor-section-height-default elementor-section-height-default\" data-id=\"957650e\" data-element_type=\"section\">\n\t\t\t\t\t\t<div class=\"elementor-container elementor-column-gap-default\">\n\t\t\t\t\t\t\t<div class=\"elementor-row\">\n\t\t\t\t\t<div class=\"elementor-column elementor-col-50 elementor-inner-column elementor-element elementor-element-132557c\" data-id=\"132557c\" data-element_type=\"column\">\n\t\t\t<div class=\"elementor-column-wrap elementor-element-populated\">\n\t\t\t\t\t\t\t<div class=\"elementor-widget-wrap\">\n\t\t\t\t\t\t<div class=\"elementor-element elementor-element-5129d54 elementor-widget elementor-widget-image\" data-id=\"5129d54\" data-element_type=\"widget\" data-widget_type=\"image.default\">\n\t\t\t\t<div class=\"elementor-widget-container\">\n\t\t\t\t\t\t\t\t<div class=\"elementor-image\">\n\t\t\t\t\t\t\t\t\t\t\t\t<img decoding=\"async\" width=\"620\" height=\"759\" src=\"https:\/\/wellnessaspara.com\/wp-content\/uploads\/2020\/04\/prejpotem-carbo-aspara.jpg\" class=\"attachment-large size-large wp-image-2002\" alt=\"before after carbo aspara\" loading=\"lazy\" srcset=\"https:\/\/wellnessaspara.com\/wp-content\/uploads\/2020\/04\/prejpotem-carbo-aspara.jpg 620w, https:\/\/wellnessaspara.com\/wp-content\/uploads\/2020\/04\/prejpotem-carbo-aspara-245x300.jpg 245w\" sizes=\"(max-width: 620px) 100vw, 620px\" \/>\t\t\t\t\t\t\t\t\t\t\t\t\t\t<\/div>\n\t\t\t\t\t\t<\/div>\n\t\t\t\t<\/div>\n\t\t\t\t\t\t<\/div>\n\t\t\t\t\t<\/div>\n\t\t<\/div>\n\t\t\t\t<div class=\"elementor-column elementor-col-50 elementor-inner-column elementor-element elementor-element-1af7bf4\" data-id=\"1af7bf4\" data-element_type=\"column\">\n\t\t\t<div class=\"elementor-column-wrap elementor-element-populated\">\n\t\t\t\t\t\t\t<div class=\"elementor-widget-wrap\">\n\t\t\t\t\t\t<div class=\"elementor-element elementor-element-94bb9d9 elementor-widget elementor-widget-heading\" data-id=\"94bb9d9\" data-element_type=\"widget\" data-widget_type=\"heading.default\">\n\t\t\t\t<div class=\"elementor-widget-container\">\n\t\t\t<h2 class=\"elementor-heading-title elementor-size-default\">Ba\u00f1o de CO2 seco<\/h2>\t\t<\/div>\n\t\t\t\t<\/div>\n\t\t\t\t<div class=\"elementor-element elementor-element-7fe24fb elementor-widget elementor-widget-text-editor\" data-id=\"7fe24fb\" data-element_type=\"widget\" data-widget_type=\"text-editor.default\">\n\t\t\t\t<div class=\"elementor-widget-container\">\n\t\t\t\t\t\t\t\t<div class=\"elementor-text-editor elementor-clearfix\">\n\t\t\t\tes el \u00fanico procedimiento anticelul\u00edtico que tambi\u00e9n puede realizarse en zonas del cuerpo afectadas por varices y capilares. La importancia radica en que la coincidencia de celulitis y capilares dilatados o. predisposici\u00f3n a su aparici\u00f3n est\u00e1 presente en el 70% de las mujeres de todas las edades. Para un grupo tan amplio de mujeres, el tratamiento Carbo es el \u00fanico tratamiento anticelul\u00edtico adecuado.\t\t\t\t\t<\/div>\n\t\t\t\t\t\t<\/div>\n\t\t\t\t<\/div>\n\t\t\t\t<div class=\"elementor-element elementor-element-d9b97d9 elementor-widget elementor-widget-text-editor\" data-id=\"d9b97d9\" data-element_type=\"widget\" data-widget_type=\"text-editor.default\">\n\t\t\t\t<div class=\"elementor-widget-container\">\n\t\t\t\t\t\t\t\t<div class=\"elementor-text-editor elementor-clearfix\">\n\t\t\t\t<ul>\n <li>\n<div style = \"margin: 0cm 0cm 0pt;\"> <strong> <span style = \"font-size: 10pt; line-height: 115%; font-family: Verdana, sans-serif;\"> <span style = \"font-size: 10pt; font-family: Verdana, sans-serif;\"> <span style = \"font-size: 10pt; font-family: Verdana, sans-serif;\"> promueve la circulaci\u00f3n de la sangre en el tejido y le suministra ox\u00edgeno <\/span><\/span><\/span><\/\u25cf<\/div> <\/li>\n <li>\n<div style = \"margin: 0cm 0cm 0pt;\"> <strong> <span style = \"font-size: 10pt; line-height: 115%; font-family: Verdana, sans-serif;\"> <span style = \"font-size: 10pt; font-family: Verdana, sans-serif;\"> <span style = \"font-size: 10pt; font-family: Verdana, sans-serif;\"> liberar el l\u00edquido estancado en el tejido <\/span> <\/span> <\/span> <\/strong> <\/div> <\/li>\n <li>\n<div style = \"margin: 0cm 0cm 0pt;\"> <strong> <span style = \"font-size: 10pt; line-height: 115%; font-family: Verdana, sans-serif;\"> <span style = \"font-size: 10pt; font-family: Verdana, sans-serif;\"> <span style = \"font-size: 10pt; font-family: Verdana, sans-serif;\"> regula el Ph en la sangre y los tejidos <\/span> <\/span> <\/span> <\/strong> <\/div> <\/li>\n <li>\n<div style = \"margin: 0cm 0cm 0pt;\"> <strong> <span style = \"font-size: 10pt; line-height: 115%; font-family: Verdana, sans-serif;\"> <span style = \"font-size: 10pt; font-family: Verdana, sans-serif;\"> <span style = \"font-size: 10pt; font-family: Verdana, sans-serif;\"> desintoxica y tiene un efecto positivo en los vasos sangu\u00edneos. <\/span> <\/span> <\/span> <\/strong> <\/div> <\/li>\n<\/ul>\n\t\t\t\t\t<\/div>\n\t\t\t\t\t\t<\/div>\n\t\t\t\t<\/div>\n\t\t\t\t<div class=\"elementor-element elementor-element-e7ac0df elementor-widget elementor-widget-text-editor\" data-id=\"e7ac0df\" data-element_type=\"widget\" data-widget_type=\"text-editor.default\">\n\t\t\t\t<div class=\"elementor-widget-container\">\n\t\t\t\t\t\t\t\t<div class=\"elementor-text-editor elementor-clearfix\">\n\t\t\t\tEl m\u00e9todo del ba\u00f1o de carb\u00f3n seco reduce de forma eficaz y extensa los dep\u00f3sitos de grasa y la celulitis y refuerza los tejidos conectivos.\nEl procedimiento es seguro y relajante, y desencadena procesos que de otro modo se producir\u00edan durante la actividad f\u00edsica.\nUn ba\u00f1o de CO <sub> 2 <\/sub> El ba\u00f1o es el \u00fanico procedimiento anticelul\u00edtico adecuado que puede realizarse en zonas del cuerpo con capilares y venas dilatadas. Tambi\u00e9n lo recomendamos a aquellos que tienen problemas con los pies doloridos.\t\t\t\t\t<\/div>\n\t\t\t\t\t\t<\/div>\n\t\t\t\t<\/div>\n\t\t\t\t\t\t<\/div>\n\t\t\t\t\t<\/div>\n\t\t<\/div>\n\t\t\t\t\t\t\t\t<\/div>\n\t\t\t\t\t<\/div>\n\t\t<\/section>\n\t\t\t\t\t\t<\/div>\n\t\t\t\t\t<\/div>\n\t\t<\/div>\n\t\t\t\t\t\t\t\t<\/div>\n\t\t\t\t\t<\/div>\n\t\t<\/section>\n\t\t\t\t\t\t\t\t\t<\/div>\n\t\t\t<\/div>\n\t\t\t\t\t<\/div>","protected":false},"excerpt":{"rendered":"<p>\u00a0 \u00a0 \u00a0 Cellulite is a nuisance that almost every woman faces. It appears early in the life cycle, but over time in most cases it spreads even more and becomes even more visible. Did you know? The appearance of cellulite on the body has little to do with an[&#8230;]<\/p>","protected":false},"author":6,"featured_media":2060,"parent":0,"menu_order":0,"comment_status":"closed","ping_status":"closed","template":"elementor_header_footer","meta":[],"_links":{"self":[{"href":"https:\/\/wellnessaspara.com\/es\/wp-json\/wp\/v2\/pages\/2509"}],"collection":[{"href":"https:\/\/wellnessaspara.com\/es\/wp-json\/wp\/v2\/pages"}],"about":[{"href":"https:\/\/wellnessaspara.com\/es\/wp-json\/wp\/v2\/types\/page"}],"author":[{"embeddable":true,"href":"https:\/\/wellnessaspara.com\/es\/wp-json\/wp\/v2\/users\/6"}],"replies":[{"embeddable":true,"href":"https:\/\/wellnessaspara.com\/es\/wp-json\/wp\/v2\/comments?post=2509"}],"version-history":[{"count":7,"href":"https:\/\/wellnessaspara.com\/es\/wp-json\/wp\/v2\/pages\/2509\/revisions"}],"predecessor-version":[{"id":2756,"href":"https:\/\/wellnessaspara.com\/es\/wp-json\/wp\/v2\/pages\/2509\/revisions\/2756"}],"wp:featuredmedia":[{"embeddable":true,"href":"https:\/\/wellnessaspara.com\/es\/wp-json\/wp\/v2\/media\/2060"}],"wp:attachment":[{"href":"https:\/\/wellnessaspara.com\/es\/wp-json\/wp\/v2\/media?parent=2509"}],"curies":[{"name":"wp","href":"https:\/\/api.w.org\/{rel}","templated":true}]}}