{"id":227,"date":"2020-01-10T21:30:54","date_gmt":"2020-01-10T21:30:54","guid":{"rendered":"https:\/\/wellnessaspara.com\/?page_id=227"},"modified":"2020-10-05T08:22:39","modified_gmt":"2020-10-05T08:22:39","slug":"beauty-salon","status":"publish","type":"page","link":"https:\/\/wellnessaspara.com\/es\/beauty-salon\/","title":{"rendered":"Sal\u00f3n de belleza"},"content":{"rendered":"<div data-elementor-type=\"wp-page\" data-elementor-id=\"227\" class=\"elementor elementor-227\">\n\t\t\t\t\t\t<div class=\"elementor-inner\">\n\t\t\t\t<div class=\"elementor-section-wrap\">\n\t\t\t\t\t\t\t\t\t<section class=\"elementor-section elementor-top-section elementor-element elementor-element-ab0079b elementor-section-boxed elementor-section-height-default elementor-section-height-default\" data-id=\"ab0079b\" data-element_type=\"section\">\n\t\t\t\t\t\t<div class=\"elementor-container elementor-column-gap-default\">\n\t\t\t\t\t\t\t<div class=\"elementor-row\">\n\t\t\t\t\t<div class=\"elementor-column elementor-col-100 elementor-top-column elementor-element elementor-element-1ee4333\" data-id=\"1ee4333\" data-element_type=\"column\">\n\t\t\t<div class=\"elementor-column-wrap elementor-element-populated\">\n\t\t\t\t\t\t\t<div class=\"elementor-widget-wrap\">\n\t\t\t\t\t\t<div class=\"elementor-element elementor-element-fabfe6d elementor-widget elementor-widget-heading\" data-id=\"fabfe6d\" data-element_type=\"widget\" data-widget_type=\"heading.default\">\n\t\t\t\t<div class=\"elementor-widget-container\">\n\t\t\t<h1 class=\"elementor-heading-title elementor-size-default\">Sal\u00f3n de belleza<\/h1>\t\t<\/div>\n\t\t\t\t<\/div>\n\t\t\t\t<section class=\"elementor-section elementor-inner-section elementor-element elementor-element-67e1cca elementor-section-boxed elementor-section-height-default elementor-section-height-default\" data-id=\"67e1cca\" data-element_type=\"section\">\n\t\t\t\t\t\t<div class=\"elementor-container elementor-column-gap-default\">\n\t\t\t\t\t\t\t<div class=\"elementor-row\">\n\t\t\t\t\t<div class=\"elementor-column elementor-col-50 elementor-inner-column elementor-element elementor-element-d77d28e\" data-id=\"d77d28e\" data-element_type=\"column\">\n\t\t\t<div class=\"elementor-column-wrap elementor-element-populated\">\n\t\t\t\t\t\t\t<div class=\"elementor-widget-wrap\">\n\t\t\t\t\t\t<div class=\"elementor-element elementor-element-1d80ffa elementor-widget elementor-widget-text-editor\" data-id=\"1d80ffa\" data-element_type=\"widget\" data-widget_type=\"text-editor.default\">\n\t\t\t\t<div class=\"elementor-widget-container\">\n\t\t\t\t\t\t\t\t<div class=\"elementor-text-editor elementor-clearfix\">\n\t\t\t\t<h4>Aspara ofrece una colecci\u00f3n de tratamientos seleccionados y experiencias de relajaci\u00f3n para el bienestar. Un fant\u00e1stico equipo de expertos ofrece tratamientos y t\u00e9cnicas que rejuvenecen el cuerpo y la mente.\nCon nosotros disfrutar\u00e1 de un estado de paz y bienestar.<\/h4>\t\t\t\t\t<\/div>\n\t\t\t\t\t\t<\/div>\n\t\t\t\t<\/div>\n\t\t\t\t<div class=\"elementor-element elementor-element-9fdf5ce elementor-widget elementor-widget-image\" data-id=\"9fdf5ce\" data-element_type=\"widget\" data-widget_type=\"image.default\">\n\t\t\t\t<div class=\"elementor-widget-container\">\n\t\t\t\t\t\t\t\t<div class=\"elementor-image\">\n\t\t\t\t\t\t\t\t\t\t\t\t<img decoding=\"async\" width=\"638\" height=\"425\" src=\"https:\/\/wellnessaspara.com\/wp-content\/uploads\/2020\/04\/Nega-obraza-Aspara.jpg\" class=\"attachment-large size-large wp-image-1972\" alt=\"Aspara facial care\" loading=\"lazy\" srcset=\"https:\/\/wellnessaspara.com\/wp-content\/uploads\/2020\/04\/Nega-obraza-Aspara.jpg 638w, https:\/\/wellnessaspara.com\/wp-content\/uploads\/2020\/04\/Nega-obraza-Aspara-300x200.jpg 300w\" sizes=\"(max-width: 638px) 100vw, 638px\" \/>\t\t\t\t\t\t\t\t\t\t\t\t\t\t<\/div>\n\t\t\t\t\t\t<\/div>\n\t\t\t\t<\/div>\n\t\t\t\t\t\t<\/div>\n\t\t\t\t\t<\/div>\n\t\t<\/div>\n\t\t\t\t<div class=\"elementor-column elementor-col-50 elementor-inner-column elementor-element elementor-element-bb15838\" data-id=\"bb15838\" data-element_type=\"column\">\n\t\t\t<div class=\"elementor-column-wrap elementor-element-populated\">\n\t\t\t\t\t\t\t<div class=\"elementor-widget-wrap\">\n\t\t\t\t\t\t<div class=\"elementor-element elementor-element-f584b1a elementor-widget elementor-widget-text-editor\" data-id=\"f584b1a\" data-element_type=\"widget\" data-widget_type=\"text-editor.default\">\n\t\t\t\t<div class=\"elementor-widget-container\">\n\t\t\t\t\t\t\t\t<div class=\"elementor-text-editor elementor-clearfix\">\n\t\t\t\t<p>Una vez que decidas ir a un sal\u00f3n de belleza, aseg\u00farate de ver mejor. Normalmente cuando hablamos de un sal\u00f3n de belleza, pensamos en la relajaci\u00f3n, y los masajes en el sal\u00f3n cuidan de tu apariencia general adem\u00e1s de tu bienestar.<\/p><p>En nuestro sal\u00f3n de belleza puede recibir tratamientos corporales, tratamientos con aparatos eficaces, tratamientos de manos y pies, peelings en forma de limpieza, que le permitir\u00e1n tener un video corporal m\u00e1s rejuvenecido.<\/p><p>Aqu\u00ed hay algunas mejoras est\u00e9ticas que conseguir\u00e1:<\/p><ul><li>Detendremos el envejecimiento de la piel.<\/li><li>Tonificaremos tu piel y eliminaremos las c\u00e9lulas muertas de la dermis.<\/li><li>Su piel estar\u00e1 tan hidratada, nutrida y con un cutis impecable.<\/li><li>Si tienes celulitis o retenci\u00f3n de l\u00edquidos en el cuerpo, te ayudaremos a combatirla. Nosotros <a href=\"https:\/\/wellnessaspara.com\/es\/dry-co2-bath\/\">recomendar este tratamiento<\/a><\/li><li>Aunque no te guste hacer deporte, te ayudaremos a perder peso.<\/li><li>Le ayudaremos a mantener <a href=\"https:\/\/wellnessaspara.com\/es\/cosmetic-services\/\">un paso f\u00e1cil y pies ordenados<\/a><\/li><\/ul>\t\t\t\t\t<\/div>\n\t\t\t\t\t\t<\/div>\n\t\t\t\t<\/div>\n\t\t\t\t\t\t<\/div>\n\t\t\t\t\t<\/div>\n\t\t<\/div>\n\t\t\t\t\t\t\t\t<\/div>\n\t\t\t\t\t<\/div>\n\t\t<\/section>\n\t\t\t\t\t\t<\/div>\n\t\t\t\t\t<\/div>\n\t\t<\/div>\n\t\t\t\t\t\t\t\t<\/div>\n\t\t\t\t\t<\/div>\n\t\t<\/section>\n\t\t\t\t<section class=\"elementor-section elementor-top-section elementor-element elementor-element-fdd8fd6 elementor-section-boxed elementor-section-height-default elementor-section-height-default\" data-id=\"fdd8fd6\" data-element_type=\"section\">\n\t\t\t\t\t\t<div class=\"elementor-container elementor-column-gap-default\">\n\t\t\t\t\t\t\t<div class=\"elementor-row\">\n\t\t\t\t\t<div class=\"elementor-column elementor-col-100 elementor-top-column elementor-element elementor-element-242a97e\" data-id=\"242a97e\" data-element_type=\"column\">\n\t\t\t<div class=\"elementor-column-wrap elementor-element-populated\">\n\t\t\t\t\t\t\t<div class=\"elementor-widget-wrap\">\n\t\t\t\t\t\t<div class=\"elementor-element elementor-element-0ded61a elementor-align-justify elementor-widget elementor-widget-button\" data-id=\"0ded61a\" data-element_type=\"widget\" data-widget_type=\"button.default\">\n\t\t\t\t<div class=\"elementor-widget-container\">\n\t\t\t\t\t<div class=\"elementor-button-wrapper\">\n\t\t\t<a href=\"https:\/\/wellnessaspara.com\/es\/cosmetic-services\/\" class=\"elementor-button-link elementor-button elementor-size-lg\" role=\"button\">\n\t\t\t\t\t\t<span class=\"elementor-button-content-wrapper\">\n\t\t\t\t\t\t<span class=\"elementor-button-text\"> Lista de precios<\/span>\n\t\t<\/span>\n\t\t\t\t\t<\/a>\n\t\t<\/div>\n\t\t\t\t<\/div>\n\t\t\t\t<\/div>\n\t\t\t\t<div class=\"elementor-element elementor-element-430482a elementor-widget elementor-widget-shortcode\" data-id=\"430482a\" data-element_type=\"widget\" data-widget_type=\"shortcode.default\">\n\t\t\t\t<div class=\"elementor-widget-container\">\n\t\t\t\t\t<div class=\"elementor-shortcode\"><\/div>\n\t\t\t\t<\/div>\n\t\t\t\t<\/div>\n\t\t\t\t<div class=\"elementor-element elementor-element-32be56a elementor-align-justify elementor-widget elementor-widget-button\" data-id=\"32be56a\" data-element_type=\"widget\" data-widget_type=\"button.default\">\n\t\t\t\t<div class=\"elementor-widget-container\">\n\t\t\t\t\t<div class=\"elementor-button-wrapper\">\n\t\t\t<a href=\"https:\/\/www.facebook.com\/groups\/4165343886812697\/about\/\" class=\"elementor-button-link elementor-button elementor-size-lg\" role=\"button\">\n\t\t\t\t\t\t<span class=\"elementor-button-content-wrapper\">\n\t\t\t\t\t\t\t<span class=\"elementor-button-icon elementor-align-icon-left\">\n\t\t\t\t<i aria-hidden=\"true\" class=\"fab fa-facebook-square\"><\/i>\t\t\t<\/span>\n\t\t\t\t\t\t<span class=\"elementor-button-text\"> \u00danete al grupo<\/span>\n\t\t<\/span>\n\t\t\t\t\t<\/a>\n\t\t<\/div>\n\t\t\t\t<\/div>\n\t\t\t\t<\/div>\n\t\t\t\t\t\t<\/div>\n\t\t\t\t\t<\/div>\n\t\t<\/div>\n\t\t\t\t\t\t\t\t<\/div>\n\t\t\t\t\t<\/div>\n\t\t<\/section>\n\t\t\t\t\t\t\t\t\t<\/div>\n\t\t\t<\/div>\n\t\t\t\t\t<\/div>","protected":false},"excerpt":{"rendered":"<p>Kozmeti\u010dni Salon Aspara ponuja zbirko izbranih tretmajev in sprostitvenih do\u017eivetij za dobro po\u010dutje. Fantasti\u010dna ekipa strokovnjakov ponuja tretmaje in tehnike, ki pomlajujejo telo in um. Pri nas boste u\u017eivali v stanju miru in dobrega po\u010dutja. Ko se odlo\u010dte, da boste \u0161li v kozmeti\u010dni salon, storite to zagotvo, da boste videti[&#8230;]<\/p>","protected":false},"author":1,"featured_media":2524,"parent":0,"menu_order":0,"comment_status":"closed","ping_status":"closed","template":"template-builder.php","meta":[],"_links":{"self":[{"href":"https:\/\/wellnessaspara.com\/es\/wp-json\/wp\/v2\/pages\/227"}],"collection":[{"href":"https:\/\/wellnessaspara.com\/es\/wp-json\/wp\/v2\/pages"}],"about":[{"href":"https:\/\/wellnessaspara.com\/es\/wp-json\/wp\/v2\/types\/page"}],"author":[{"embeddable":true,"href":"https:\/\/wellnessaspara.com\/es\/wp-json\/wp\/v2\/users\/1"}],"replies":[{"embeddable":true,"href":"https:\/\/wellnessaspara.com\/es\/wp-json\/wp\/v2\/comments?post=227"}],"version-history":[{"count":29,"href":"https:\/\/wellnessaspara.com\/es\/wp-json\/wp\/v2\/pages\/227\/revisions"}],"predecessor-version":[{"id":2655,"href":"https:\/\/wellnessaspara.com\/es\/wp-json\/wp\/v2\/pages\/227\/revisions\/2655"}],"wp:featuredmedia":[{"embeddable":true,"href":"https:\/\/wellnessaspara.com\/es\/wp-json\/wp\/v2\/media\/2524"}],"wp:attachment":[{"href":"https:\/\/wellnessaspara.com\/es\/wp-json\/wp\/v2\/media?parent=227"}],"curies":[{"name":"wp","href":"https:\/\/api.w.org\/{rel}","templated":true}]}}