{"id":1575,"date":"2020-01-19T15:57:43","date_gmt":"2020-01-19T15:57:43","guid":{"rendered":"https:\/\/wellnessaspara.com\/?page_id=1575"},"modified":"2020-10-05T08:24:02","modified_gmt":"2020-10-05T08:24:02","slug":"about-us","status":"publish","type":"page","link":"https:\/\/wellnessaspara.com\/es\/about-us\/","title":{"rendered":"About us"},"content":{"rendered":"<div data-elementor-type=\"wp-page\" data-elementor-id=\"1575\" class=\"elementor elementor-1575\">\n\t\t\t\t\t\t<div class=\"elementor-inner\">\n\t\t\t\t<div class=\"elementor-section-wrap\">\n\t\t\t\t\t\t\t\t\t<section class=\"elementor-section elementor-top-section elementor-element elementor-element-341c4b4 elementor-section-boxed elementor-section-height-default elementor-section-height-default\" data-id=\"341c4b4\" data-element_type=\"section\">\n\t\t\t\t\t\t<div class=\"elementor-container elementor-column-gap-default\">\n\t\t\t\t\t\t\t<div class=\"elementor-row\">\n\t\t\t\t\t<div class=\"elementor-column elementor-col-100 elementor-top-column elementor-element elementor-element-c245147\" data-id=\"c245147\" data-element_type=\"column\">\n\t\t\t<div class=\"elementor-column-wrap elementor-element-populated\">\n\t\t\t\t\t\t\t<div class=\"elementor-widget-wrap\">\n\t\t\t\t\t\t<div class=\"elementor-element elementor-element-a5795cc elementor-widget elementor-widget-heading\" data-id=\"a5795cc\" data-element_type=\"widget\" data-widget_type=\"heading.default\">\n\t\t\t\t<div class=\"elementor-widget-container\">\n\t\t\t<h1 class=\"elementor-heading-title elementor-size-default\">Acerca de nosotros - Empresa de identificaci\u00f3n<\/h1>\t\t<\/div>\n\t\t\t\t<\/div>\n\t\t\t\t\t\t<\/div>\n\t\t\t\t\t<\/div>\n\t\t<\/div>\n\t\t\t\t\t\t\t\t<\/div>\n\t\t\t\t\t<\/div>\n\t\t<\/section>\n\t\t\t\t<section class=\"elementor-section elementor-top-section elementor-element elementor-element-40b0f3c elementor-section-boxed elementor-section-height-default elementor-section-height-default\" data-id=\"40b0f3c\" data-element_type=\"section\">\n\t\t\t\t\t\t<div class=\"elementor-container elementor-column-gap-default\">\n\t\t\t\t\t\t\t<div class=\"elementor-row\">\n\t\t\t\t\t<div class=\"elementor-column elementor-col-100 elementor-top-column elementor-element elementor-element-04fd6bc\" data-id=\"04fd6bc\" data-element_type=\"column\">\n\t\t\t<div class=\"elementor-column-wrap elementor-element-populated\">\n\t\t\t\t\t\t\t<div class=\"elementor-widget-wrap\">\n\t\t\t\t\t\t<div class=\"elementor-element elementor-element-eb57c1b elementor-widget elementor-widget-text-editor\" data-id=\"eb57c1b\" data-element_type=\"widget\" data-widget_type=\"text-editor.default\">\n\t\t\t\t<div class=\"elementor-widget-container\">\n\t\t\t\t\t\t\t\t<div class=\"elementor-text-editor elementor-clearfix\">\n\t\t\t\t<p>La compa\u00f1\u00eda se hizo cargo del centro en 2015 y est\u00e1 bajo los auspicios del nuevo CEO Dino Ivanus. Somos un centro moderno y elegante con una audici\u00f3n completamente dedicada a dar sentido a la vida. La calidad y el profesionalismo son nuestros principios rectores, por lo que ofrecemos una amplia gama de servicios que abordan problemas comunes como el estr\u00e9s, la insatisfacci\u00f3n personal, las dificultades de superar los esfuerzos diarios ...<br \/><br \/>Visite nuestro gimnasio, un sal\u00f3n de belleza con grandes masajes, consi\u00e9ntase con la cara, el cuerpo, las manos o las u\u00f1as, y una pedicura extremadamente importante. Tenemos una bonita tez marr\u00f3n en el soleado estudio.<\/p><p>Lleve a la persona cercana a usted para un SALTO ROM\u00c1NTICO a un espacio privado y rel\u00e1jese con un vaso de vino espumoso.<\/p><p>Si la promoci\u00f3n de la salud tambi\u00e9n significa mucho para ti, tenemos un mundo de sauna elegantemente equipado, que se extiende por m\u00e1s de 200m2.<\/p><p>Tambi\u00e9n se ocupa de sus peque\u00f1os, con toda la organizaci\u00f3n de una inolvidable celebraci\u00f3n de cumplea\u00f1os.<br \/>Sus seres queridos tambi\u00e9n vendr\u00e1n a su cuenta cuando se sorprendan gratamente por el gran regalo en forma de certificados de regalo que proporcionamos.<\/p>\t\t\t\t\t<\/div>\n\t\t\t\t\t\t<\/div>\n\t\t\t\t<\/div>\n\t\t\t\t<div class=\"elementor-element elementor-element-98938aa elementor-widget elementor-widget-heading\" data-id=\"98938aa\" data-element_type=\"widget\" data-widget_type=\"heading.default\">\n\t\t\t\t<div class=\"elementor-widget-container\">\n\t\t\t<h2 class=\"elementor-heading-title elementor-size-default\">Informaci\u00f3n de la compa\u00f1\u00eda<\/h2>\t\t<\/div>\n\t\t\t\t<\/div>\n\t\t\t\t<div class=\"elementor-element elementor-element-2ba3090 elementor-align-left elementor-icon-list--layout-traditional elementor-list-item-link-full_width elementor-widget elementor-widget-icon-list\" data-id=\"2ba3090\" data-element_type=\"widget\" data-widget_type=\"icon-list.default\">\n\t\t\t\t<div class=\"elementor-widget-container\">\n\t\t\t\t\t<ul class=\"elementor-icon-list-items\">\n\t\t\t\t\t\t\t<li class=\"elementor-icon-list-item\">\n\t\t\t\t\t\t\t\t\t\t\t<span class=\"elementor-icon-list-icon\">\n\t\t\t\t\t\t\t<i aria-hidden=\"true\" class=\"fas fa-circle\"><\/i>\t\t\t\t\t\t<\/span>\n\t\t\t\t\t\t\t\t\t\t<span class=\"elementor-icon-list-text\">Nombre: CENTRO LEPOTNI DINO&amp;DINO, DINO IVANU\u0160A S.P.<\/span>\n\t\t\t\t\t\t\t\t\t<\/li>\n\t\t\t\t\t\t\t\t<li class=\"elementor-icon-list-item\">\n\t\t\t\t\t\t\t\t\t\t\t<span class=\"elementor-icon-list-icon\">\n\t\t\t\t\t\t\t<i aria-hidden=\"true\" class=\"fas fa-circle\"><\/i>\t\t\t\t\t\t<\/span>\n\t\t\t\t\t\t\t\t\t\t<span class=\"elementor-icon-list-text\">Direcci\u00f3n: LJUBLJANSKA CESTA 91 A , 3000 CELJE<\/span>\n\t\t\t\t\t\t\t\t\t<\/li>\n\t\t\t\t\t\t\t\t<li class=\"elementor-icon-list-item\">\n\t\t\t\t\t\t\t\t\t\t\t<span class=\"elementor-icon-list-icon\">\n\t\t\t\t\t\t\t<i aria-hidden=\"true\" class=\"fas fa-circle\"><\/i>\t\t\t\t\t\t<\/span>\n\t\t\t\t\t\t\t\t\t\t<span class=\"elementor-icon-list-text\">Estado: Fizi\u010dna oseba<\/span>\n\t\t\t\t\t\t\t\t\t<\/li>\n\t\t\t\t\t\t\t\t<li class=\"elementor-icon-list-item\">\n\t\t\t\t\t\t\t\t\t\t\t<span class=\"elementor-icon-list-icon\">\n\t\t\t\t\t\t\t<i aria-hidden=\"true\" class=\"fas fa-circle\"><\/i>\t\t\t\t\t\t<\/span>\n\t\t\t\t\t\t\t\t\t\t<span class=\"elementor-icon-list-text\">N\u00famero de impuestos: SI63087740<\/span>\n\t\t\t\t\t\t\t\t\t<\/li>\n\t\t\t\t\t\t\t\t<li class=\"elementor-icon-list-item\">\n\t\t\t\t\t\t\t\t\t\t\t<span class=\"elementor-icon-list-icon\">\n\t\t\t\t\t\t\t<i aria-hidden=\"true\" class=\"fas fa-circle\"><\/i>\t\t\t\t\t\t<\/span>\n\t\t\t\t\t\t\t\t\t\t<span class=\"elementor-icon-list-text\">N\u00famero de registro: 6873006000<\/span>\n\t\t\t\t\t\t\t\t\t<\/li>\n\t\t\t\t\t\t\t\t<li class=\"elementor-icon-list-item\">\n\t\t\t\t\t\t\t\t\t\t\t<span class=\"elementor-icon-list-icon\">\n\t\t\t\t\t\t\t<i aria-hidden=\"true\" class=\"fas fa-circle\"><\/i>\t\t\t\t\t\t<\/span>\n\t\t\t\t\t\t\t\t\t\t<span class=\"elementor-icon-list-text\">Fecha de registro: <\/span>\n\t\t\t\t\t\t\t\t\t<\/li>\n\t\t\t\t\t\t\t\t<li class=\"elementor-icon-list-item\">\n\t\t\t\t\t\t\t\t\t\t\t<span class=\"elementor-icon-list-icon\">\n\t\t\t\t\t\t\t<i aria-hidden=\"true\" class=\"fas fa-circle\"><\/i>\t\t\t\t\t\t<\/span>\n\t\t\t\t\t\t\t\t\t\t<span class=\"elementor-icon-list-text\"> C\u00f3digo de actividad: 96.022 (Kozmeti\u010dna en pedikerska dejavnost)<\/span>\n\t\t\t\t\t\t\t\t\t<\/li>\n\t\t\t\t\t\t\t\t<li class=\"elementor-icon-list-item\">\n\t\t\t\t\t\t\t\t\t\t\t<span class=\"elementor-icon-list-icon\">\n\t\t\t\t\t\t\t<i aria-hidden=\"true\" class=\"fas fa-circle\"><\/i>\t\t\t\t\t\t<\/span>\n\t\t\t\t\t\t\t\t\t\t<span class=\"elementor-icon-list-text\">DURS: DU Celje<\/span>\n\t\t\t\t\t\t\t\t\t<\/li>\n\t\t\t\t\t\t<\/ul>\n\t\t\t\t<\/div>\n\t\t\t\t<\/div>\n\t\t\t\t<div class=\"elementor-element elementor-element-742e656 elementor-widget elementor-widget-text-editor\" data-id=\"742e656\" data-element_type=\"widget\" data-widget_type=\"text-editor.default\">\n\t\t\t\t<div class=\"elementor-widget-container\">\n\t\t\t\t\t\t\t\t<div class=\"elementor-text-editor elementor-clearfix\">\n\t\t\t\t<p style=\"padding-left: 40px;\"><strong>CUENTA BANCARIA ACTIVA:<\/strong><br \/>Cuenta bancaria\u00a0 \u00a0 <b>|\u00a0 \u00a0 <\/b>Escriba<b>\u00a0 \u00a0|\u00a0 <\/b>\u00a0Banco\u00a0<b> \u00a0|\u00a0<\/b> \u00a0 Abrir<br \/>SI5603116-1000725715<b>\u00a0|<\/b>\u00a0T\u00a0<b>|<\/b>\u00a0SKB Banka<b>\u00a0|\u00a0<\/b>\u00a001.08.2017<\/p>\t\t\t\t\t<\/div>\n\t\t\t\t\t\t<\/div>\n\t\t\t\t<\/div>\n\t\t\t\t\t\t<\/div>\n\t\t\t\t\t<\/div>\n\t\t<\/div>\n\t\t\t\t\t\t\t\t<\/div>\n\t\t\t\t\t<\/div>\n\t\t<\/section>\n\t\t\t\t\t\t\t\t\t<\/div>\n\t\t\t<\/div>\n\t\t\t\t\t<\/div>","protected":false},"excerpt":{"rendered":"<p>About us &#8211; ID company The company took over the center in 2015 and is under the auspices of new CEO Dino Ivanus. We are a modern and elegant center with a hearing that is completely dedicated to bringing meaning to life. Quality and professionalism are our guiding principles, so[&#8230;]<\/p>","protected":false},"author":1,"featured_media":0,"parent":0,"menu_order":0,"comment_status":"closed","ping_status":"closed","template":"template-builder.php","meta":[],"_links":{"self":[{"href":"https:\/\/wellnessaspara.com\/es\/wp-json\/wp\/v2\/pages\/1575"}],"collection":[{"href":"https:\/\/wellnessaspara.com\/es\/wp-json\/wp\/v2\/pages"}],"about":[{"href":"https:\/\/wellnessaspara.com\/es\/wp-json\/wp\/v2\/types\/page"}],"author":[{"embeddable":true,"href":"https:\/\/wellnessaspara.com\/es\/wp-json\/wp\/v2\/users\/1"}],"replies":[{"embeddable":true,"href":"https:\/\/wellnessaspara.com\/es\/wp-json\/wp\/v2\/comments?post=1575"}],"version-history":[{"count":3,"href":"https:\/\/wellnessaspara.com\/es\/wp-json\/wp\/v2\/pages\/1575\/revisions"}],"predecessor-version":[{"id":2656,"href":"https:\/\/wellnessaspara.com\/es\/wp-json\/wp\/v2\/pages\/1575\/revisions\/2656"}],"wp:attachment":[{"href":"https:\/\/wellnessaspara.com\/es\/wp-json\/wp\/v2\/media?parent=1575"}],"curies":[{"name":"wp","href":"https:\/\/api.w.org\/{rel}","templated":true}]}}