{"id":1002,"date":"2020-01-15T01:18:17","date_gmt":"2020-01-15T01:18:17","guid":{"rendered":"https:\/\/wellnessaspara.com\/?page_id=1002"},"modified":"2020-10-06T06:47:02","modified_gmt":"2020-10-06T06:47:02","slug":"purchase-and-use-of-gift-vouchers","status":"publish","type":"page","link":"https:\/\/wellnessaspara.com\/es\/purchase-and-use-of-gift-vouchers\/","title":{"rendered":"Compra y uso de cheques regalo"},"content":{"rendered":"<div data-elementor-type=\"wp-page\" data-elementor-id=\"1002\" class=\"elementor elementor-1002\">\n\t\t\t\t\t\t<div class=\"elementor-inner\">\n\t\t\t\t<div class=\"elementor-section-wrap\">\n\t\t\t\t\t\t\t\t\t<section class=\"elementor-section elementor-top-section elementor-element elementor-element-deb0585 elementor-section-boxed elementor-section-height-default elementor-section-height-default\" data-id=\"deb0585\" data-element_type=\"section\">\n\t\t\t\t\t\t<div class=\"elementor-container elementor-column-gap-default\">\n\t\t\t\t\t\t\t<div class=\"elementor-row\">\n\t\t\t\t\t<div class=\"elementor-column elementor-col-100 elementor-top-column elementor-element elementor-element-dce8285\" data-id=\"dce8285\" data-element_type=\"column\">\n\t\t\t<div class=\"elementor-column-wrap elementor-element-populated\">\n\t\t\t\t\t\t\t<div class=\"elementor-widget-wrap\">\n\t\t\t\t\t\t<div class=\"elementor-element elementor-element-3c241bb elementor-widget elementor-widget-heading\" data-id=\"3c241bb\" data-element_type=\"widget\" data-widget_type=\"heading.default\">\n\t\t\t\t<div class=\"elementor-widget-container\">\n\t\t\t<h1 class=\"elementor-heading-title elementor-size-default\">Compra y uso de cheques regalo<\/h1>\t\t<\/div>\n\t\t\t\t<\/div>\n\t\t\t\t\t\t<\/div>\n\t\t\t\t\t<\/div>\n\t\t<\/div>\n\t\t\t\t\t\t\t\t<\/div>\n\t\t\t\t\t<\/div>\n\t\t<\/section>\n\t\t\t\t<section class=\"elementor-section elementor-top-section elementor-element elementor-element-15166b7 elementor-section-boxed elementor-section-height-default elementor-section-height-default\" data-id=\"15166b7\" data-element_type=\"section\">\n\t\t\t\t\t\t<div class=\"elementor-container elementor-column-gap-default\">\n\t\t\t\t\t\t\t<div class=\"elementor-row\">\n\t\t\t\t\t<div class=\"elementor-column elementor-col-100 elementor-top-column elementor-element elementor-element-d14d96f\" data-id=\"d14d96f\" data-element_type=\"column\">\n\t\t\t<div class=\"elementor-column-wrap elementor-element-populated\">\n\t\t\t\t\t\t\t<div class=\"elementor-widget-wrap\">\n\t\t\t\t\t\t<div class=\"elementor-element elementor-element-0ca6dbc elementor-widget elementor-widget-text-editor\" data-id=\"0ca6dbc\" data-element_type=\"widget\" data-widget_type=\"text-editor.default\">\n\t\t\t\t<div class=\"elementor-widget-container\">\n\t\t\t\t\t\t\t\t<div class=\"elementor-text-editor elementor-clearfix\">\n\t\t\t\t<p>\u00bfEst\u00e1 decidiendo comprar o ha recibido nuestro certificado de regalo y quiere saber m\u00e1s?<br \/>Las condiciones de compra y uso se indican a continuaci\u00f3n.<\/p><p>EL CHEQUE REGALO PUEDE SER ADQUIRIDO POR UNA PERSONA F\u00cdSICA O JUR\u00cdDICA EN LA RECEPCI\u00d3N DE BIENESTAR.<\/p><p>EL CHEQUE REGALO TAMBI\u00c9N PUEDE PEDIRSE EN EL SITIO WEB www.shop.wellnessaspara.com<br \/>BIENESTAR ASPARE O POR CORREO ELECTR\u00d3NICO Y TEL\u00c9FONO.<\/p><p>EL CHEQUE REGALO PUEDE PAGARSE EN EFECTIVO, CON TARJETA O POR TRANSFERENCIA AL TRR DE LA EMPRESA.<\/p><p>EL CHEQUE REGALO TIENE UNA VALIDEZ DE 3 MESES A PARTIR DEL D\u00cdA DE LA COMPRA (LA FECHA EST\u00c1 REGISTRADA EN EL CHEQUE REGALO).<\/p><p>EL CHEQUE REGALO PUEDE PRORROGARSE HASTA 3 MESES DENTRO DE LA VALIDEZ DEL CHEQUE REGALO.<\/p><p>PUEDE AMPLIAR SU BONO LLAMANDO AL N\u00daMERO DE TEL\u00c9FONO 040 494 444 O EN PERSONA EN LA RECEPCI\u00d3N DE BIENESTAR.<\/p><p>EN CASOS EXTRAORDINARIOS (LESIONES, EMBARAZO....) EL CHEQUE REGALO PUEDE SER PRORROGADO EXCEPCIONALMENTE DENTRO DE LA VALIDEZ HASTA 1 A\u00d1O.<\/p><p>ES OBLIGATORIA LA PRE-RESERVA DEL SERVICIO CON UN CHEQUE REGALO.<br \/>AL RESERVAR, ES OBLIGATORIO DECIR EL N\u00daMERO DEL CHEQUE REGALO, DE LO CONTRARIO NO ES POSIBLE PEDIR EL SERVICIO.<\/p><p>EN EL CASO DE QUE LA RESERVA NO LLEGUE AL SERVICIO DEL CLIENTE PERO NO SE CANCELE, SE REPITE EL CHEQUE REGALO.<\/p><p>LA RESERVA DEBE CANCELARSE AL MENOS 24 HORAS ANTES DE LA FECHA L\u00cdMITE ACORDADA, DE LO CONTRARIO EL BONO REGALO SE CONSIDERA REDUCIDO.<\/p><p>EL CHEQUE REGALO SE PUEDE CANJEAR POR OTRO SERVICIO DE LA MISMA CATEGOR\u00cdA (COSM\u00c9TICA-COSM\u00c9TICA; FITNESS-FITNESS...)<\/p><p>EL CHEQUE REGALO PARA EL SERVICIO MENCIONADO PUEDE UTILIZARSE 1 VEZ.<\/p><p>EL VALE DE REGALO UTILIZADO SE GUARDA EN LA RECEPCI\u00d3N DE BIENESTAR.<\/p><p><em>Limitar la validez de los cheques regalo tiene sentido y debe ser controlado. El cheque regalo tiene una validez de 3 meses, ya que es \u00fatil para comprobar los servicios prestados y, al mismo tiempo, llevar estad\u00edsticas de los cheques regalo devueltos. Es un deseo hacer un mayor uso de los vales. A menudo ocurre que la gente se olvida de los vales o los pierde o. stock porque los plazos de uso son demasiado largos.<\/em><\/p><p><em>Haremos todo lo posible para que nuestro certificado de regalo cumpla su prop\u00f3sito.<\/em><\/p><p><em>Gracias por elegirnos.<\/em><\/p><p><em>Aspara TEAM.<\/em><\/p>\t\t\t\t\t<\/div>\n\t\t\t\t\t\t<\/div>\n\t\t\t\t<\/div>\n\t\t\t\t\t\t<\/div>\n\t\t\t\t\t<\/div>\n\t\t<\/div>\n\t\t\t\t\t\t\t\t<\/div>\n\t\t\t\t\t<\/div>\n\t\t<\/section>\n\t\t\t\t\t\t\t\t\t<\/div>\n\t\t\t<\/div>\n\t\t\t\t\t<\/div>","protected":false},"excerpt":{"rendered":"<p>Nakup in kori\u0161\u010danje Darilnih Bonov Se odlo\u010date za nakup ali pa ste v dar prejeli na\u0161 darilni bon in \u017eelite izvedeti ve\u010d?Spodaj so navedeni pogoji nakupa in kori\u0161\u010denja. DARILNI BON LAHKO KUPI FIZI\u010cNA ALI PRAVNA OSEBA NA RECEPCIJI WELLNESSA. DARILNI BON JE MO\u017dNO NARO\u010cITI TUDI NA SPLETNI STRANI www.shop.wellnessaspara.comWELLNESSA ASPARE[&#8230;]<\/p>","protected":false},"author":1,"featured_media":1512,"parent":0,"menu_order":0,"comment_status":"closed","ping_status":"closed","template":"template-builder.php","meta":[],"_links":{"self":[{"href":"https:\/\/wellnessaspara.com\/es\/wp-json\/wp\/v2\/pages\/1002"}],"collection":[{"href":"https:\/\/wellnessaspara.com\/es\/wp-json\/wp\/v2\/pages"}],"about":[{"href":"https:\/\/wellnessaspara.com\/es\/wp-json\/wp\/v2\/types\/page"}],"author":[{"embeddable":true,"href":"https:\/\/wellnessaspara.com\/es\/wp-json\/wp\/v2\/users\/1"}],"replies":[{"embeddable":true,"href":"https:\/\/wellnessaspara.com\/es\/wp-json\/wp\/v2\/comments?post=1002"}],"version-history":[{"count":10,"href":"https:\/\/wellnessaspara.com\/es\/wp-json\/wp\/v2\/pages\/1002\/revisions"}],"predecessor-version":[{"id":2688,"href":"https:\/\/wellnessaspara.com\/es\/wp-json\/wp\/v2\/pages\/1002\/revisions\/2688"}],"wp:featuredmedia":[{"embeddable":true,"href":"https:\/\/wellnessaspara.com\/es\/wp-json\/wp\/v2\/media\/1512"}],"wp:attachment":[{"href":"https:\/\/wellnessaspara.com\/es\/wp-json\/wp\/v2\/media?parent=1002"}],"curies":[{"name":"wp","href":"https:\/\/api.w.org\/{rel}","templated":true}]}}