{"id":2509,"date":"2020-07-17T05:36:06","date_gmt":"2020-07-17T05:36:06","guid":{"rendered":"https:\/\/wellnessaspara.com\/?page_id=2509"},"modified":"2020-10-06T12:56:56","modified_gmt":"2020-10-06T12:56:56","slug":"dry-co2-bath","status":"publish","type":"page","link":"https:\/\/wellnessaspara.com\/de\/dry-co2-bath\/","title":{"rendered":"Trockenes CO2-Bad"},"content":{"rendered":"<div data-elementor-type=\"wp-page\" data-elementor-id=\"2509\" class=\"elementor elementor-2509\">\n\t\t\t\t\t\t<div class=\"elementor-inner\">\n\t\t\t\t<div class=\"elementor-section-wrap\">\n\t\t\t\t\t\t\t\t\t<section class=\"elementor-section elementor-top-section elementor-element elementor-element-95bbb71 elementor-section-boxed elementor-section-height-default elementor-section-height-default\" data-id=\"95bbb71\" data-element_type=\"section\">\n\t\t\t\t\t\t<div class=\"elementor-container elementor-column-gap-default\">\n\t\t\t\t\t\t\t<div class=\"elementor-row\">\n\t\t\t\t\t<div class=\"elementor-column elementor-col-100 elementor-top-column elementor-element elementor-element-83ac1f0\" data-id=\"83ac1f0\" data-element_type=\"column\">\n\t\t\t<div class=\"elementor-column-wrap elementor-element-populated\">\n\t\t\t\t\t\t\t<div class=\"elementor-widget-wrap\">\n\t\t\t\t\t\t<section class=\"elementor-section elementor-inner-section elementor-element elementor-element-5bd641f elementor-section-boxed elementor-section-height-default elementor-section-height-default\" data-id=\"5bd641f\" data-element_type=\"section\">\n\t\t\t\t\t\t<div class=\"elementor-container elementor-column-gap-default\">\n\t\t\t\t\t\t\t<div class=\"elementor-row\">\n\t\t\t\t\t<div class=\"elementor-column elementor-col-50 elementor-inner-column elementor-element elementor-element-1ffb562\" data-id=\"1ffb562\" data-element_type=\"column\">\n\t\t\t<div class=\"elementor-column-wrap elementor-element-populated\">\n\t\t\t\t\t\t\t<div class=\"elementor-widget-wrap\">\n\t\t\t\t\t\t<div class=\"elementor-element elementor-element-ce2b80c elementor-widget elementor-widget-text-editor\" data-id=\"ce2b80c\" data-element_type=\"widget\" data-widget_type=\"text-editor.default\">\n\t\t\t\t<div class=\"elementor-widget-container\">\n\t\t\t\t\t\t\t\t<div class=\"elementor-text-editor elementor-clearfix\">\n\t\t\t\t<h4>\u00a0<\/h4><h4>\u00a0<\/h4><h4>\u00a0<\/h4><h4>Cellulite ist eine Bel\u00e4stigung, der fast jede Frau ausgesetzt ist. Sie tritt fr\u00fch im Lebenszyklus auf, aber mit der Zeit breitet sie sich in den meisten F\u00e4llen noch weiter aus und wird noch sichtbarer.<\/h4>\t\t\t\t\t<\/div>\n\t\t\t\t\t\t<\/div>\n\t\t\t\t<\/div>\n\t\t\t\t\t\t<\/div>\n\t\t\t\t\t<\/div>\n\t\t<\/div>\n\t\t\t\t<div class=\"elementor-column elementor-col-50 elementor-inner-column elementor-element elementor-element-bf30535\" data-id=\"bf30535\" data-element_type=\"column\">\n\t\t\t<div class=\"elementor-column-wrap elementor-element-populated\">\n\t\t\t\t\t\t\t<div class=\"elementor-widget-wrap\">\n\t\t\t\t\t\t<div class=\"elementor-element elementor-element-0ff609a elementor-widget elementor-widget-heading\" data-id=\"0ff609a\" data-element_type=\"widget\" data-widget_type=\"heading.default\">\n\t\t\t\t<div class=\"elementor-widget-container\">\n\t\t\t<h2 class=\"elementor-heading-title elementor-size-default\">Wussten Sie davon?<\/h2>\t\t<\/div>\n\t\t\t\t<\/div>\n\t\t\t\t<div class=\"elementor-element elementor-element-7f25440 elementor-widget elementor-widget-text-editor\" data-id=\"7f25440\" data-element_type=\"widget\" data-widget_type=\"text-editor.default\">\n\t\t\t\t<div class=\"elementor-widget-container\">\n\t\t\t\t\t\t\t\t<div class=\"elementor-text-editor elementor-clearfix\">\n\t\t\t\t<p>Das Auftreten von Cellulite am K\u00f6rper hat wenig mit dem Lebensstil des Einzelnen zu tun (wir denken auch an Bewegung und Ern\u00e4hrung), obwohl Frauen oft feststellen, dass die H\u00e4ufigkeit von Cellulite bei Gewichtszunahme h\u00f6her ist.<\/p><p>Auch die genetischen Eigenschaften eines Individuums sind an der Entstehung von Cellulite schuld. Zusammen mit dem Auftreten von Cellulite stellen Frauen fest, dass sie auch Probleme mit der Reduktion von zus\u00e4tzlichen Zentimetern direkt im Bereich der Oberschenkel, des Unterbauchs, oberhalb der H\u00fcften und auf der Brust haben.<\/p>\t\t\t\t\t<\/div>\n\t\t\t\t\t\t<\/div>\n\t\t\t\t<\/div>\n\t\t\t\t\t\t<\/div>\n\t\t\t\t\t<\/div>\n\t\t<\/div>\n\t\t\t\t\t\t\t\t<\/div>\n\t\t\t\t\t<\/div>\n\t\t<\/section>\n\t\t\t\t<section class=\"elementor-section elementor-inner-section elementor-element elementor-element-957650e elementor-section-boxed elementor-section-height-default elementor-section-height-default\" data-id=\"957650e\" data-element_type=\"section\">\n\t\t\t\t\t\t<div class=\"elementor-container elementor-column-gap-default\">\n\t\t\t\t\t\t\t<div class=\"elementor-row\">\n\t\t\t\t\t<div class=\"elementor-column elementor-col-50 elementor-inner-column elementor-element elementor-element-132557c\" data-id=\"132557c\" data-element_type=\"column\">\n\t\t\t<div class=\"elementor-column-wrap elementor-element-populated\">\n\t\t\t\t\t\t\t<div class=\"elementor-widget-wrap\">\n\t\t\t\t\t\t<div class=\"elementor-element elementor-element-5129d54 elementor-widget elementor-widget-image\" data-id=\"5129d54\" data-element_type=\"widget\" data-widget_type=\"image.default\">\n\t\t\t\t<div class=\"elementor-widget-container\">\n\t\t\t\t\t\t\t\t<div class=\"elementor-image\">\n\t\t\t\t\t\t\t\t\t\t\t\t<img decoding=\"async\" width=\"620\" height=\"759\" src=\"https:\/\/wellnessaspara.com\/wp-content\/uploads\/2020\/04\/prejpotem-carbo-aspara.jpg\" class=\"attachment-large size-large wp-image-2002\" alt=\"before after carbo aspara\" loading=\"lazy\" srcset=\"https:\/\/wellnessaspara.com\/wp-content\/uploads\/2020\/04\/prejpotem-carbo-aspara.jpg 620w, https:\/\/wellnessaspara.com\/wp-content\/uploads\/2020\/04\/prejpotem-carbo-aspara-245x300.jpg 245w\" sizes=\"(max-width: 620px) 100vw, 620px\" \/>\t\t\t\t\t\t\t\t\t\t\t\t\t\t<\/div>\n\t\t\t\t\t\t<\/div>\n\t\t\t\t<\/div>\n\t\t\t\t\t\t<\/div>\n\t\t\t\t\t<\/div>\n\t\t<\/div>\n\t\t\t\t<div class=\"elementor-column elementor-col-50 elementor-inner-column elementor-element elementor-element-1af7bf4\" data-id=\"1af7bf4\" data-element_type=\"column\">\n\t\t\t<div class=\"elementor-column-wrap elementor-element-populated\">\n\t\t\t\t\t\t\t<div class=\"elementor-widget-wrap\">\n\t\t\t\t\t\t<div class=\"elementor-element elementor-element-94bb9d9 elementor-widget elementor-widget-heading\" data-id=\"94bb9d9\" data-element_type=\"widget\" data-widget_type=\"heading.default\">\n\t\t\t\t<div class=\"elementor-widget-container\">\n\t\t\t<h2 class=\"elementor-heading-title elementor-size-default\">Trockenes CO2-Bad<\/h2>\t\t<\/div>\n\t\t\t\t<\/div>\n\t\t\t\t<div class=\"elementor-element elementor-element-7fe24fb elementor-widget elementor-widget-text-editor\" data-id=\"7fe24fb\" data-element_type=\"widget\" data-widget_type=\"text-editor.default\">\n\t\t\t\t<div class=\"elementor-widget-container\">\n\t\t\t\t\t\t\t\t<div class=\"elementor-text-editor elementor-clearfix\">\n\t\t\t\tist das einzige Anti-Cellulite-Verfahren, das auch an K\u00f6rperstellen durchgef\u00fchrt werden kann, die von Krampfadern und Kapillaren betroffen sind. Die Bedeutung liegt in der Tatsache, dass das Zusammentreffen von Cellulite und erweiterten Kapillaren bzw. die Veranlagung zu deren Auftreten bei 70% der Frauen jeden Alters vorhanden ist. F\u00fcr eine so gro\u00dfe Gruppe von Frauen ist die Carbo-Behandlung die einzige geeignete Anti-Cellulite-Behandlung.\t\t\t\t\t<\/div>\n\t\t\t\t\t\t<\/div>\n\t\t\t\t<\/div>\n\t\t\t\t<div class=\"elementor-element elementor-element-d9b97d9 elementor-widget elementor-widget-text-editor\" data-id=\"d9b97d9\" data-element_type=\"widget\" data-widget_type=\"text-editor.default\">\n\t\t\t\t<div class=\"elementor-widget-container\">\n\t\t\t\t\t\t\t\t<div class=\"elementor-text-editor elementor-clearfix\">\n\t\t\t\t<ul>\n <li>\n<div style = \"margin: 0cm 0cm 0pt;\"> <strong> <span style = \"font-size: 10pt; line-height: 115%; font-family: Verdana, sans-serif;\"> <span style = \"font-size: 10pt; font-family: Verdana, sans-serif;\"> <span style = \"font-size: 10pt; font-family: Verdana, sans-serif;\"> f\u00f6rdert die Durchblutung des Gewebes und versorgt es mit Sauerstoff <\/span><\/span><\/span><\/\u25cf<\/div> <\/li>\n <li>\n<div style = \"margin: 0cm 0cm 0pt;\"> <strong> <span style = \"font-size: 10pt; line-height: 115%; font-family: Verdana, sans-serif;\"> <span style = \"font-size: 10pt; font-family: Verdana, sans-serif;\"> <span style = \"font-size: 10pt; font-family: Verdana, sans-serif;\"> Stagnierende Fl\u00fcssigkeit im Gewebe freisetzen <\/span> <\/span> <\/span> <\/strong> <\/div> <\/li>\n <li>\n<div style = \"margin: 0cm 0cm 0pt;\"> <strong> <span style = \"font-size: 10pt; line-height: 115%; font-family: Verdana, sans-serif;\"> <span style = \"font-size: 10pt; font-family: Verdana, sans-serif;\"> <span style = \"font-size: 10pt; font-family: Verdana, sans-serif;\"> reguliert Ph im Blut und Gewebe <\/span> <\/span> <\/span> <\/strong> <\/div> <\/li>\n <li>\n<div style = \"margin: 0cm 0cm 0pt;\"> <strong> <span style = \"font-size: 10pt; line-height: 115%; font-family: Verdana, sans-serif;\"> <span style = \"font-size: 10pt; font-family: Verdana, sans-serif;\"> <span style = \"font-size: 10pt; font-family: Verdana, sans-serif;\"> entgiftet und hat eine positive Wirkung auf die Blutgef\u00e4\u00dfe.  <\/span> <\/span> <\/strong> <\/div> <\/li>\n<\/ul>\n\t\t\t\t\t<\/div>\n\t\t\t\t\t\t<\/div>\n\t\t\t\t<\/div>\n\t\t\t\t<div class=\"elementor-element elementor-element-e7ac0df elementor-widget elementor-widget-text-editor\" data-id=\"e7ac0df\" data-element_type=\"widget\" data-widget_type=\"text-editor.default\">\n\t\t\t\t<div class=\"elementor-widget-container\">\n\t\t\t\t\t\t\t\t<div class=\"elementor-text-editor elementor-clearfix\">\n\t\t\t\tDie Methode des trockenen Kohlenstoffbades reduziert effektiv und umfassend Fettpolster und Cellulite und st\u00e4rkt das Bindegewebe.\nDas Verfahren ist sicher und entspannend, es setzt Prozesse in Gang, die sonst bei k\u00f6rperlicher Aktivit\u00e4t ablaufen.\nEin trockenes CO <sub> 2 <\/sub> Das Bad ist das einzige geeignete Anti-Cellulite-Verfahren, das an K\u00f6rperstellen mit erweiterten Kapillaren und Venen durchgef\u00fchrt werden kann. Wir empfehlen es auch denjenigen, die Probleme mit wunden F\u00fc\u00dfen haben.\t\t\t\t\t<\/div>\n\t\t\t\t\t\t<\/div>\n\t\t\t\t<\/div>\n\t\t\t\t\t\t<\/div>\n\t\t\t\t\t<\/div>\n\t\t<\/div>\n\t\t\t\t\t\t\t\t<\/div>\n\t\t\t\t\t<\/div>\n\t\t<\/section>\n\t\t\t\t\t\t<\/div>\n\t\t\t\t\t<\/div>\n\t\t<\/div>\n\t\t\t\t\t\t\t\t<\/div>\n\t\t\t\t\t<\/div>\n\t\t<\/section>\n\t\t\t\t\t\t\t\t\t<\/div>\n\t\t\t<\/div>\n\t\t\t\t\t<\/div>","protected":false},"excerpt":{"rendered":"<p>\u00a0 \u00a0 \u00a0 Cellulite is a nuisance that almost every woman faces. It appears early in the life cycle, but over time in most cases it spreads even more and becomes even more visible. Did you know? The appearance of cellulite on the body has little to do with an[&#8230;]<\/p>","protected":false},"author":6,"featured_media":2060,"parent":0,"menu_order":0,"comment_status":"closed","ping_status":"closed","template":"elementor_header_footer","meta":[],"_links":{"self":[{"href":"https:\/\/wellnessaspara.com\/de\/wp-json\/wp\/v2\/pages\/2509"}],"collection":[{"href":"https:\/\/wellnessaspara.com\/de\/wp-json\/wp\/v2\/pages"}],"about":[{"href":"https:\/\/wellnessaspara.com\/de\/wp-json\/wp\/v2\/types\/page"}],"author":[{"embeddable":true,"href":"https:\/\/wellnessaspara.com\/de\/wp-json\/wp\/v2\/users\/6"}],"replies":[{"embeddable":true,"href":"https:\/\/wellnessaspara.com\/de\/wp-json\/wp\/v2\/comments?post=2509"}],"version-history":[{"count":7,"href":"https:\/\/wellnessaspara.com\/de\/wp-json\/wp\/v2\/pages\/2509\/revisions"}],"predecessor-version":[{"id":2756,"href":"https:\/\/wellnessaspara.com\/de\/wp-json\/wp\/v2\/pages\/2509\/revisions\/2756"}],"wp:featuredmedia":[{"embeddable":true,"href":"https:\/\/wellnessaspara.com\/de\/wp-json\/wp\/v2\/media\/2060"}],"wp:attachment":[{"href":"https:\/\/wellnessaspara.com\/de\/wp-json\/wp\/v2\/media?parent=2509"}],"curies":[{"name":"wp","href":"https:\/\/api.w.org\/{rel}","templated":true}]}}