{"id":227,"date":"2020-01-10T21:30:54","date_gmt":"2020-01-10T21:30:54","guid":{"rendered":"https:\/\/wellnessaspara.com\/?page_id=227"},"modified":"2020-10-05T08:22:39","modified_gmt":"2020-10-05T08:22:39","slug":"beauty-salon","status":"publish","type":"page","link":"https:\/\/wellnessaspara.com\/de\/beauty-salon\/","title":{"rendered":"Sch\u00f6nheitssalon"},"content":{"rendered":"<div data-elementor-type=\"wp-page\" data-elementor-id=\"227\" class=\"elementor elementor-227\">\n\t\t\t\t\t\t<div class=\"elementor-inner\">\n\t\t\t\t<div class=\"elementor-section-wrap\">\n\t\t\t\t\t\t\t\t\t<section class=\"elementor-section elementor-top-section elementor-element elementor-element-ab0079b elementor-section-boxed elementor-section-height-default elementor-section-height-default\" data-id=\"ab0079b\" data-element_type=\"section\">\n\t\t\t\t\t\t<div class=\"elementor-container elementor-column-gap-default\">\n\t\t\t\t\t\t\t<div class=\"elementor-row\">\n\t\t\t\t\t<div class=\"elementor-column elementor-col-100 elementor-top-column elementor-element elementor-element-1ee4333\" data-id=\"1ee4333\" data-element_type=\"column\">\n\t\t\t<div class=\"elementor-column-wrap elementor-element-populated\">\n\t\t\t\t\t\t\t<div class=\"elementor-widget-wrap\">\n\t\t\t\t\t\t<div class=\"elementor-element elementor-element-fabfe6d elementor-widget elementor-widget-heading\" data-id=\"fabfe6d\" data-element_type=\"widget\" data-widget_type=\"heading.default\">\n\t\t\t\t<div class=\"elementor-widget-container\">\n\t\t\t<h1 class=\"elementor-heading-title elementor-size-default\">Sch\u00f6nheitssalon<\/h1>\t\t<\/div>\n\t\t\t\t<\/div>\n\t\t\t\t<section class=\"elementor-section elementor-inner-section elementor-element elementor-element-67e1cca elementor-section-boxed elementor-section-height-default elementor-section-height-default\" data-id=\"67e1cca\" data-element_type=\"section\">\n\t\t\t\t\t\t<div class=\"elementor-container elementor-column-gap-default\">\n\t\t\t\t\t\t\t<div class=\"elementor-row\">\n\t\t\t\t\t<div class=\"elementor-column elementor-col-50 elementor-inner-column elementor-element elementor-element-d77d28e\" data-id=\"d77d28e\" data-element_type=\"column\">\n\t\t\t<div class=\"elementor-column-wrap elementor-element-populated\">\n\t\t\t\t\t\t\t<div class=\"elementor-widget-wrap\">\n\t\t\t\t\t\t<div class=\"elementor-element elementor-element-1d80ffa elementor-widget elementor-widget-text-editor\" data-id=\"1d80ffa\" data-element_type=\"widget\" data-widget_type=\"text-editor.default\">\n\t\t\t\t<div class=\"elementor-widget-container\">\n\t\t\t\t\t\t\t\t<div class=\"elementor-text-editor elementor-clearfix\">\n\t\t\t\t<h4>Aspara bietet eine Sammlung ausgew\u00e4hlter Behandlungen und Entspannungserlebnisse zum Wohlbefinden. Ein fantastisches Team von Experten bietet Behandlungen und Techniken an, die K\u00f6rper und Geist verj\u00fcngen.\nBei uns genie\u00dfen Sie einen Zustand der Ruhe und des Wohlbefindens.<\/h4>\t\t\t\t\t<\/div>\n\t\t\t\t\t\t<\/div>\n\t\t\t\t<\/div>\n\t\t\t\t<div class=\"elementor-element elementor-element-9fdf5ce elementor-widget elementor-widget-image\" data-id=\"9fdf5ce\" data-element_type=\"widget\" data-widget_type=\"image.default\">\n\t\t\t\t<div class=\"elementor-widget-container\">\n\t\t\t\t\t\t\t\t<div class=\"elementor-image\">\n\t\t\t\t\t\t\t\t\t\t\t\t<img decoding=\"async\" width=\"638\" height=\"425\" src=\"https:\/\/wellnessaspara.com\/wp-content\/uploads\/2020\/04\/Nega-obraza-Aspara.jpg\" class=\"attachment-large size-large wp-image-1972\" alt=\"Aspara facial care\" loading=\"lazy\" srcset=\"https:\/\/wellnessaspara.com\/wp-content\/uploads\/2020\/04\/Nega-obraza-Aspara.jpg 638w, https:\/\/wellnessaspara.com\/wp-content\/uploads\/2020\/04\/Nega-obraza-Aspara-300x200.jpg 300w\" sizes=\"(max-width: 638px) 100vw, 638px\" \/>\t\t\t\t\t\t\t\t\t\t\t\t\t\t<\/div>\n\t\t\t\t\t\t<\/div>\n\t\t\t\t<\/div>\n\t\t\t\t\t\t<\/div>\n\t\t\t\t\t<\/div>\n\t\t<\/div>\n\t\t\t\t<div class=\"elementor-column elementor-col-50 elementor-inner-column elementor-element elementor-element-bb15838\" data-id=\"bb15838\" data-element_type=\"column\">\n\t\t\t<div class=\"elementor-column-wrap elementor-element-populated\">\n\t\t\t\t\t\t\t<div class=\"elementor-widget-wrap\">\n\t\t\t\t\t\t<div class=\"elementor-element elementor-element-f584b1a elementor-widget elementor-widget-text-editor\" data-id=\"f584b1a\" data-element_type=\"widget\" data-widget_type=\"text-editor.default\">\n\t\t\t\t<div class=\"elementor-widget-container\">\n\t\t\t\t\t\t\t\t<div class=\"elementor-text-editor elementor-clearfix\">\n\t\t\t\t<p>Wenn Sie sich entscheiden, in einen Sch\u00f6nheitssalon zu gehen, machen Sie diese Zusicherung, um besser zu sehen. Wenn wir \u00fcber einen Sch\u00f6nheitssalon sprechen, denken wir in der Regel an Entspannung, und Massagen im Salon k\u00fcmmern sich neben Ihrem Wohlbefinden auch um Ihr gesamtes Erscheinungsbild.<\/p><p>In unserem Sch\u00f6nheitssalon k\u00f6nnen Sie K\u00f6rperbehandlungen, effektive Apparatebehandlungen, Hand- und Fu\u00dfbehandlungen, Peelings in der Reinigungsform erhalten, die Ihnen ein verj\u00fcngtes K\u00f6rpervideo erm\u00f6glichen.<\/p><p>Hier sind einige \u00e4sthetische Verbesserungen, die Sie erreichen werden:<\/p><ul><li>Wir werden die Hautalterung stoppen.<\/li><li>Wir straffen Ihre Haut und eliminieren abgestorbene Dermiszellen.<\/li><li>Ihre Haut wird so mit Feuchtigkeit versorgt, gen\u00e4hrt und hat einen makellosen Teint.<\/li><li>Wenn Sie an Zellulitis oder Fl\u00fcssigkeitsansammlungen im K\u00f6rper leiden, helfen wir Ihnen, diese zu bek\u00e4mpfen. Wir <a href=\"https:\/\/wellnessaspara.com\/de\/dry-co2-bath\/\">diese Behandlung empfehlen<\/a><\/li><li>Auch wenn Sie nicht gerne Sport treiben, helfen wir Ihnen beim Abnehmen.<\/li><li>Wir helfen Ihnen bei der Aufrechterhaltung <a href=\"https:\/\/wellnessaspara.com\/de\/cosmetic-services\/\">ein leichter Schritt und ordentliche F\u00fc\u00dfe<\/a><\/li><\/ul>\t\t\t\t\t<\/div>\n\t\t\t\t\t\t<\/div>\n\t\t\t\t<\/div>\n\t\t\t\t\t\t<\/div>\n\t\t\t\t\t<\/div>\n\t\t<\/div>\n\t\t\t\t\t\t\t\t<\/div>\n\t\t\t\t\t<\/div>\n\t\t<\/section>\n\t\t\t\t\t\t<\/div>\n\t\t\t\t\t<\/div>\n\t\t<\/div>\n\t\t\t\t\t\t\t\t<\/div>\n\t\t\t\t\t<\/div>\n\t\t<\/section>\n\t\t\t\t<section class=\"elementor-section elementor-top-section elementor-element elementor-element-fdd8fd6 elementor-section-boxed elementor-section-height-default elementor-section-height-default\" data-id=\"fdd8fd6\" data-element_type=\"section\">\n\t\t\t\t\t\t<div class=\"elementor-container elementor-column-gap-default\">\n\t\t\t\t\t\t\t<div class=\"elementor-row\">\n\t\t\t\t\t<div class=\"elementor-column elementor-col-100 elementor-top-column elementor-element elementor-element-242a97e\" data-id=\"242a97e\" data-element_type=\"column\">\n\t\t\t<div class=\"elementor-column-wrap elementor-element-populated\">\n\t\t\t\t\t\t\t<div class=\"elementor-widget-wrap\">\n\t\t\t\t\t\t<div class=\"elementor-element elementor-element-0ded61a elementor-align-justify elementor-widget elementor-widget-button\" data-id=\"0ded61a\" data-element_type=\"widget\" data-widget_type=\"button.default\">\n\t\t\t\t<div class=\"elementor-widget-container\">\n\t\t\t\t\t<div class=\"elementor-button-wrapper\">\n\t\t\t<a href=\"https:\/\/wellnessaspara.com\/de\/cosmetic-services\/\" class=\"elementor-button-link elementor-button elementor-size-lg\" role=\"button\">\n\t\t\t\t\t\t<span class=\"elementor-button-content-wrapper\">\n\t\t\t\t\t\t<span class=\"elementor-button-text\"> Preisliste<\/span>\n\t\t<\/span>\n\t\t\t\t\t<\/a>\n\t\t<\/div>\n\t\t\t\t<\/div>\n\t\t\t\t<\/div>\n\t\t\t\t<div class=\"elementor-element elementor-element-430482a elementor-widget elementor-widget-shortcode\" data-id=\"430482a\" data-element_type=\"widget\" data-widget_type=\"shortcode.default\">\n\t\t\t\t<div class=\"elementor-widget-container\">\n\t\t\t\t\t<div class=\"elementor-shortcode\"><\/div>\n\t\t\t\t<\/div>\n\t\t\t\t<\/div>\n\t\t\t\t<div class=\"elementor-element elementor-element-32be56a elementor-align-justify elementor-widget elementor-widget-button\" data-id=\"32be56a\" data-element_type=\"widget\" data-widget_type=\"button.default\">\n\t\t\t\t<div class=\"elementor-widget-container\">\n\t\t\t\t\t<div class=\"elementor-button-wrapper\">\n\t\t\t<a href=\"https:\/\/www.facebook.com\/groups\/4165343886812697\/about\/\" class=\"elementor-button-link elementor-button elementor-size-lg\" role=\"button\">\n\t\t\t\t\t\t<span class=\"elementor-button-content-wrapper\">\n\t\t\t\t\t\t\t<span class=\"elementor-button-icon elementor-align-icon-left\">\n\t\t\t\t<i aria-hidden=\"true\" class=\"fab fa-facebook-square\"><\/i>\t\t\t<\/span>\n\t\t\t\t\t\t<span class=\"elementor-button-text\"> Der Gruppe beitreten<\/span>\n\t\t<\/span>\n\t\t\t\t\t<\/a>\n\t\t<\/div>\n\t\t\t\t<\/div>\n\t\t\t\t<\/div>\n\t\t\t\t\t\t<\/div>\n\t\t\t\t\t<\/div>\n\t\t<\/div>\n\t\t\t\t\t\t\t\t<\/div>\n\t\t\t\t\t<\/div>\n\t\t<\/section>\n\t\t\t\t\t\t\t\t\t<\/div>\n\t\t\t<\/div>\n\t\t\t\t\t<\/div>","protected":false},"excerpt":{"rendered":"<p>Kozmeti\u010dni Salon Aspara ponuja zbirko izbranih tretmajev in sprostitvenih do\u017eivetij za dobro po\u010dutje. Fantasti\u010dna ekipa strokovnjakov ponuja tretmaje in tehnike, ki pomlajujejo telo in um. Pri nas boste u\u017eivali v stanju miru in dobrega po\u010dutja. Ko se odlo\u010dte, da boste \u0161li v kozmeti\u010dni salon, storite to zagotvo, da boste videti[&#8230;]<\/p>","protected":false},"author":1,"featured_media":2524,"parent":0,"menu_order":0,"comment_status":"closed","ping_status":"closed","template":"template-builder.php","meta":[],"_links":{"self":[{"href":"https:\/\/wellnessaspara.com\/de\/wp-json\/wp\/v2\/pages\/227"}],"collection":[{"href":"https:\/\/wellnessaspara.com\/de\/wp-json\/wp\/v2\/pages"}],"about":[{"href":"https:\/\/wellnessaspara.com\/de\/wp-json\/wp\/v2\/types\/page"}],"author":[{"embeddable":true,"href":"https:\/\/wellnessaspara.com\/de\/wp-json\/wp\/v2\/users\/1"}],"replies":[{"embeddable":true,"href":"https:\/\/wellnessaspara.com\/de\/wp-json\/wp\/v2\/comments?post=227"}],"version-history":[{"count":29,"href":"https:\/\/wellnessaspara.com\/de\/wp-json\/wp\/v2\/pages\/227\/revisions"}],"predecessor-version":[{"id":2655,"href":"https:\/\/wellnessaspara.com\/de\/wp-json\/wp\/v2\/pages\/227\/revisions\/2655"}],"wp:featuredmedia":[{"embeddable":true,"href":"https:\/\/wellnessaspara.com\/de\/wp-json\/wp\/v2\/media\/2524"}],"wp:attachment":[{"href":"https:\/\/wellnessaspara.com\/de\/wp-json\/wp\/v2\/media?parent=227"}],"curies":[{"name":"wp","href":"https:\/\/api.w.org\/{rel}","templated":true}]}}