{"id":1578,"date":"2020-01-19T16:00:16","date_gmt":"2020-01-19T16:00:16","guid":{"rendered":"https:\/\/wellnessaspara.com\/?page_id=1578"},"modified":"2020-10-07T07:42:12","modified_gmt":"2020-10-07T07:42:12","slug":"terms-of-conditions","status":"publish","type":"page","link":"https:\/\/wellnessaspara.com\/de\/terms-of-conditions\/","title":{"rendered":"Bedingungen und Konditionen"},"content":{"rendered":"<div data-elementor-type=\"wp-page\" data-elementor-id=\"1578\" class=\"elementor elementor-1578\">\n\t\t\t\t\t\t<div class=\"elementor-inner\">\n\t\t\t\t<div class=\"elementor-section-wrap\">\n\t\t\t\t\t\t\t\t\t<section class=\"elementor-section elementor-top-section elementor-element elementor-element-9c64a11 elementor-section-boxed elementor-section-height-default elementor-section-height-default\" data-id=\"9c64a11\" data-element_type=\"section\">\n\t\t\t\t\t\t<div class=\"elementor-container elementor-column-gap-default\">\n\t\t\t\t\t\t\t<div class=\"elementor-row\">\n\t\t\t\t\t<div class=\"elementor-column elementor-col-100 elementor-top-column elementor-element elementor-element-5f0a0c0\" data-id=\"5f0a0c0\" data-element_type=\"column\">\n\t\t\t<div class=\"elementor-column-wrap elementor-element-populated\">\n\t\t\t\t\t\t\t<div class=\"elementor-widget-wrap\">\n\t\t\t\t\t\t<div class=\"elementor-element elementor-element-dc2ddc3 elementor-widget elementor-widget-heading\" data-id=\"dc2ddc3\" data-element_type=\"widget\" data-widget_type=\"heading.default\">\n\t\t\t\t<div class=\"elementor-widget-container\">\n\t\t\t<h1 class=\"elementor-heading-title elementor-size-default\">Bedingungen und Konditionen<\/h1>\t\t<\/div>\n\t\t\t\t<\/div>\n\t\t\t\t<div class=\"elementor-element elementor-element-7279a5a elementor-widget elementor-widget-heading\" data-id=\"7279a5a\" data-element_type=\"widget\" data-widget_type=\"heading.default\">\n\t\t\t\t<div class=\"elementor-widget-container\">\n\t\t\t<h2 class=\"elementor-heading-title elementor-size-default\">ALLGEMEINE NUTZUNGSBEDINGUNGEN<\/h2>\t\t<\/div>\n\t\t\t\t<\/div>\n\t\t\t\t<div class=\"elementor-element elementor-element-3879abf elementor-widget elementor-widget-text-editor\" data-id=\"3879abf\" data-element_type=\"widget\" data-widget_type=\"text-editor.default\">\n\t\t\t\t<div class=\"elementor-widget-container\">\n\t\t\t\t\t\t\t\t<div class=\"elementor-text-editor elementor-clearfix\">\n\t\t\t\t<p>Willkommen bei wellnessaspara.com!<\/p><p>Diese Nutzungsbedingungen beschreiben die Regeln und Vorschriften f\u00fcr die Nutzung der Website <b> SCH\u00d6NHEITSZENTRUM DINO &amp; amp; DINO, DINO IVANU\u0160A SP <\/b>, gelegen bei <span style=\"font-weight: bold;\"> https: \/\/ wellnessaspara .com <\/span><\/p><p>Mit dem Zugriff auf diese Website gehen wir davon aus, dass Sie diese Bedingungen akzeptieren. Verwenden Sie nicht weiterhin <b> https:\/\/wellnessaspara.com <\/b> es sei denn, Sie stimmen allen auf dieser Seite aufgef\u00fchrten Bedingungen zu.<\/p><p>Die folgende Terminologie bezieht sich auf diese Nutzungsbedingungen, die Datenschutzerkl\u00e4rung und den Haftungsausschluss sowie alle Vereinbarungen: \"Kunde\", \"Sie\" und \"Ihr\" bezieht sich auf Sie, die Personen, die sich auf dieser Website einloggen und sich an die Bedingungen des Unternehmens halten. \"Unternehmen\", \"Sebi\", \"Wir\", \"Unser\" und \"Uns\" bezieht sich auf unser Unternehmen. \"Kunde\", \"Parteien\" oder \"uns\" beziehen sich sowohl auf den Kunden als auch auf uns selbst. Alle Bedingungen beziehen sich auf das Angebot, die Annahme und die Ber\u00fccksichtigung der Zahlung, die erforderlich ist, um unser Kundenbetreuungsverfahren in der am besten geeigneten Weise durchzuf\u00fchren, mit dem ausdr\u00fccklichen Ziel, die Bed\u00fcrfnisse des Kunden zu erf\u00fcllen, um diese Dienstleistungen in \u00dcbereinstimmung mit und vorbehaltlich des geltenden slowenischen Rechts zu erbringen. Jegliche Verwendung der oben genannten Terminologie oder anderer W\u00f6rter in der Einzahl, Mehrzahl, Gro\u00dfbuchstaben und \/ oder er \/ sie gilt als austauschbar und bezieht sich daher auf dasselbe.<\/p>\t\t\t\t\t<\/div>\n\t\t\t\t\t\t<\/div>\n\t\t\t\t<\/div>\n\t\t\t\t<div class=\"elementor-element elementor-element-86ec871 elementor-widget elementor-widget-heading\" data-id=\"86ec871\" data-element_type=\"widget\" data-widget_type=\"heading.default\">\n\t\t\t\t<div class=\"elementor-widget-container\">\n\t\t\t<h2 class=\"elementor-heading-title elementor-size-default\">\nCookies<\/h2>\t\t<\/div>\n\t\t\t\t<\/div>\n\t\t\t\t<div class=\"elementor-element elementor-element-15d9501 elementor-widget elementor-widget-text-editor\" data-id=\"15d9501\" data-element_type=\"widget\" data-widget_type=\"text-editor.default\">\n\t\t\t\t<div class=\"elementor-widget-container\">\n\t\t\t\t\t\t\t\t<div class=\"elementor-text-editor elementor-clearfix\">\n\t\t\t\tDie Website verwendet Cookies. Beim Zugriff auf <b> https:\/\/wellnessaspara.com <\/b>Sie haben der Verwendung von Cookies im Einvernehmen mit dem Unternehmen zugestimmt. <b> SCH\u00d6NHEITSZENTRUM DINO &amp; amp; DINO, DINO IVANU\u0160A S.P. <\/b> und die Datenschutzrichtlinie der Website. Die meisten interaktiven Websites verwenden Cookies, die es uns erm\u00f6glichen, bei jedem Besuch Benutzerdaten zu erhalten. Wir verwenden Cookies auf unserer Website, um die Funktionalit\u00e4t bestimmter Bereiche zu erm\u00f6glichen und die Nutzung von Besuchern, die unsere Website besuchen, zu erleichtern. Einige unserer Partner\/Werbepartner k\u00f6nnen auch Cookies von Dritten verwenden.\t\t\t\t\t<\/div>\n\t\t\t\t\t\t<\/div>\n\t\t\t\t<\/div>\n\t\t\t\t<div class=\"elementor-element elementor-element-7622619 elementor-widget elementor-widget-heading\" data-id=\"7622619\" data-element_type=\"widget\" data-widget_type=\"heading.default\">\n\t\t\t\t<div class=\"elementor-widget-container\">\n\t\t\t<h2 class=\"elementor-heading-title elementor-size-default\">\nLizenz<\/h2>\t\t<\/div>\n\t\t\t\t<\/div>\n\t\t\t\t<div class=\"elementor-element elementor-element-6c30f85 elementor-widget elementor-widget-text-editor\" data-id=\"6c30f85\" data-element_type=\"widget\" data-widget_type=\"text-editor.default\">\n\t\t\t\t<div class=\"elementor-widget-container\">\n\t\t\t\t\t\t\t\t<div class=\"elementor-text-editor elementor-clearfix\">\n\t\t\t\t<p>Sofern nicht anders angegeben, <b> SCH\u00d6NHEITSZENTRUM DINO &amp; amp; DINO, DINO IVANU\u0160A S.P. <\/b> Website-Lizenzgeber sind die Inhaber der geistigen Eigentumsrechte f\u00fcr das gesamte Material bei <b> https:\/\/wellnessaspara.com <\/b>. Alle Rechte an geistigem Eigentum sind vorbehalten. Sie k\u00f6nnen darauf zugreifen von <span style=\"font-weight: bold;\"> https:\/\/wellnessaspara.com <\/span> f\u00fcr Ihren pers\u00f6nlichen Gebrauch vorbehaltlich<br \/>Einschr\u00e4nkungen, die in diesen Bedingungen festgelegt sind.<\/p><p style=\"padding-left: 40px;\"><b> Das d\u00fcrfen Sie nicht:<br \/><\/b> - Material einstellen <span style=\"font-weight: bold;\"> https:\/\/wellnessaspara.com <\/span> ohne Erlaubnis;<br \/>- Verkaufen, vermieten oder unterlizenzieren Sie Material mit <span style=\"font-weight: bold;\"> https:\/\/wellnessaspara.com <\/span> ohne Erlaubnis;<br \/>- Reproduzieren, duplizieren oder kopieren Sie Material mit <span style=\"font-weight: bold;\"> https:\/\/wellnessaspara.com <\/span> ohne Erlaubnis;<br \/>- Inhalte weiterverbreiten mit <span style=\"font-weight: bold;\"> https:\/\/wellnessaspara.com <\/span> <b> <\/b> ohne Erlaubnis.<\/p><p>Dieses Abkommen tritt am Datum dieses Abkommens oder. bei direkter Ankunft an unserem Standort in Kraft.<\/p><p>Teile dieser Website bieten den Nutzern die M\u00f6glichkeit, Meinungen und Informationen in bestimmten Bereichen der Website einzustellen und auszutauschen. <span style=\"font-weight: bold;\"> SCH\u00d6NHEITSZENTRUM DINO &amp; amp; DINO, DINO IVANU\u0160A S.P. <\/span> filtert, bearbeitet, ver\u00f6ffentlicht oder \u00fcberpr\u00fcft keine Kommentare vor ihrer Pr\u00e4senz auf der Website. Die Kommentare spiegeln nicht die Ansichten und Meinungen des Unternehmens wider. <span style=\"font-weight: bold;\"> SCH\u00d6NHEITSZENTRUM DINO &amp; amp; DINO, DINO IVANU\u0160A S.P. <\/span>, seine Agenten und \/ oder Filialen. Die Kommentare spiegeln die Ansichten und Meinungen der Person wider, die ihre Meinungen und Ansichten ver\u00f6ffentlicht. Soweit nach geltendem Recht zul\u00e4ssig, <span style=\"font-weight: bold;\"> SCH\u00d6NHEITSZENTRUM DINO &amp; amp; DINO, DINO IVANU\u0160A S.P. <\/span> ist nicht verantwortlich f\u00fcr Kommentare oder jegliche Haftung, Sch\u00e4den oder Kosten, die durch die Nutzung und\/oder Ver\u00f6ffentlichung und\/oder das Erscheinen von Kommentaren auf dieser Website entstehen und\/oder entstehen.<\/p><p><span style=\"font-weight: bold;\"> SCH\u00d6NHEITSZENTRUM DINO &amp; amp; DINO, DINO IVANU\u0160A S.P. <\/span> beh\u00e4lt sich das Recht vor, alle Kommentare zu \u00fcberwachen und alle Kommentare zu entfernen, die als unangemessen, beleidigend oder gegen diese Bedingungen versto\u00dfend angesehen werden k\u00f6nnten.<\/p><p><b> Sie garantieren und vertreten das: <\/b><\/p><p style=\"padding-left: 40px;\">- Sie sind berechtigt, Kommentare auf unserer Website zu ver\u00f6ffentlichen und verf\u00fcgen \u00fcber die erforderlichen Genehmigungen und Zustimmungen;<br \/>- die Kommentare keine geistigen Eigentumsrechte verletzen, einschlie\u00dflich Einschr\u00e4nkungen der Urheberrechte, Patente oder Warenzeichen Dritter;<br \/>- die Kommentare kein verleumderisches, diffamierendes, beleidigendes, obsz\u00f6nes oder anderweitig illegales Material enthalten, das eine Verletzung der Privatsph\u00e4re darstellt;<br \/>- Die Kommentare werden nicht dazu verwendet, Verk\u00e4ufe zu sammeln oder zu f\u00f6rdern oder kommerzielle oder illegale Aktivit\u00e4ten darzustellen.<\/p><p>Sie verleihen hiermit <span style=\"font-weight: bold;\"> DINO IVANU\u0160A S.P. <\/span> eine nicht-exklusive Lizenz zur Nutzung, Reproduktion, Bearbeitung und Autorisierung anderer zur Nutzung, Reproduktion und Bearbeitung Ihrer Kommentare in jeder Form, jedem Format oder Medium.<\/p>\t\t\t\t\t<\/div>\n\t\t\t\t\t\t<\/div>\n\t\t\t\t<\/div>\n\t\t\t\t<div class=\"elementor-element elementor-element-873db0d elementor-widget elementor-widget-heading\" data-id=\"873db0d\" data-element_type=\"widget\" data-widget_type=\"heading.default\">\n\t\t\t\t<div class=\"elementor-widget-container\">\n\t\t\t<h2 class=\"elementor-heading-title elementor-size-default\">Hyperlink zu unserem Inhalt\n\n<\/h2>\t\t<\/div>\n\t\t\t\t<\/div>\n\t\t\t\t<div class=\"elementor-element elementor-element-b30179e elementor-widget elementor-widget-text-editor\" data-id=\"b30179e\" data-element_type=\"widget\" data-widget_type=\"text-editor.default\">\n\t\t\t\t<div class=\"elementor-widget-container\">\n\t\t\t\t\t\t\t\t<div class=\"elementor-text-editor elementor-clearfix\">\n\t\t\t\t<p>Die folgenden Organisationen k\u00f6nnen ohne vorherige schriftliche Genehmigung auf unsere Website verlinken:<\/p><p style=\"padding-left: 40px;\">- Regierungsstellen;<br \/>- Suchmaschinen;<br \/>- Nachrichten;<br \/>- Webverzeichnis-Verteiler. die auf unsere Website genauso verlinken k\u00f6nnen wie ein Hyperlink zu den Websites anderer gelisteter Unternehmen; in<br \/>- Akkreditierte Unternehmen im gesamten System, mit Ausnahme der Sammlung von gemeinn\u00fctzigen Organisationen, karitativen Einkaufszentren und karitativen Spendensammlungen, die keinen Hyperlink zu unserer Website darstellen d\u00fcrfen.<\/p><p>Diese Organisationen k\u00f6nnen einen Link zu unserer Homepage, unseren Publikationen oder anderen Informationen auf unserer Website setzen, wenn der Link: (a) in keiner Weise irref\u00fchrend ist; (b) keine falsche Darstellung, Zustimmung oder Billigung einer verlinkten Partei und ihrer Produkte und \/ oder Dienstleistungen darstellt; und (c) in den Kontext der Website des Kunden passt, die darauf verlinkt ist.<\/p><p>Wir k\u00f6nnen weitere Verbindungsgesuche der folgenden Arten von Organisationen pr\u00fcfen und genehmigen:<\/p><p style=\"padding-left: 40px;\">- bekannte Quellen f\u00fcr Verbraucher- und \/ oder Gesch\u00e4ftsinformationen;<br \/>- die dot.com-Gemeinschaft<br \/>- Verb\u00e4nde oder andere Gruppen, die gemeinn\u00fctzige Organisationen vertreten;<br \/>- Online-Verteiler von Verzeichnissen;<br \/>- Internet-Portale;<br \/>- Buchhaltungs-, Rechts- und Beratungsunternehmen; in<br \/>- Bildungseinrichtungen und Berufsverb\u00e4nde.<\/p><p>Wir werden Antr\u00e4ge dieser Organisationen auf Mitgliedschaft genehmigen, wenn wir dies beschlie\u00dfen: (a) die Zugeh\u00f6rigkeit uns oder unseren akkreditierten Unternehmen nicht unangemessen erscheint; (b) die Organisation keine negativen Aufzeichnungen bei uns hat; (c) der Vorteil der Sichtbarkeit des Hyperlinks durch das Fehlen von Suzana Bukvi\u010d s.p. kompensiert wird; und (d) der Link im Zusammenhang mit allgemeinen Ressourceninformationen steht.<\/p><p>Diese Organisationen k\u00f6nnen auf unsere Homepage verlinken, solange der Link besteht: (a) in keiner Weise irref\u00fchrend ist; (b) keine falsche Darstellung, Billigung oder Bef\u00fcrwortung der verlinkenden Website und ihrer Produkte oder Dienstleistungen darstellt; und (c) in den Kontext der Website des Kunden passt, die mit ihr verlinkt ist. Wenn Sie eine der in Absatz 2 oben aufgef\u00fchrten Organisationen sind und an einem Link zu unserer Website interessiert sind, m\u00fcssen Sie uns dies per E-Mail an <b> info@wellnessaspara.com <\/b><\/p><p>Bitte geben Sie Ihren Namen, den Namen Ihrer Organisation, Ihre Kontaktinformationen und auch die URL Ihrer Website, eine Liste aller URLs, von denen Sie auf unsere Website verlinken m\u00f6chten, sowie eine Liste der URLs auf unserer Website, auf die Sie verlinken m\u00f6chten, an. Warten Sie 2-3 Wochen auf eine Antwort.<\/p><p>Zertifizierte Organisationen k\u00f6nnen einen Hyperlink zu unserer Website einrichten:<\/p><p style=\"padding-left: 40px;\">- Verwendung unseres Firmennamens; aber<br \/>- Verwendung eines einzelnen Ressourcen-Locators, der mit<br \/>- Durch die Verwendung jeder anderen Beschreibung unserer Website, die relevant ist f\u00fcr das, was im Kontext und in der Form des Inhalts auf der Website des Kunden, der auf sie verweist, Sinn macht.<\/p><p>F\u00fcr die Verbindung, wenn es keine Lizenzvereinbarung \u00fcber die Marke gibt, ist die Verwendung des Logos von Suzana Bukvi\u010d s.p. oder anderer Inhalte nicht erlaubt.<\/p>\t\t\t\t\t<\/div>\n\t\t\t\t\t\t<\/div>\n\t\t\t\t<\/div>\n\t\t\t\t<div class=\"elementor-element elementor-element-290f686 elementor-widget elementor-widget-heading\" data-id=\"290f686\" data-element_type=\"widget\" data-widget_type=\"heading.default\">\n\t\t\t\t<div class=\"elementor-widget-container\">\n\t\t\t<h2 class=\"elementor-heading-title elementor-size-default\">iFrame<\/h2>\t\t<\/div>\n\t\t\t\t<\/div>\n\t\t\t\t<div class=\"elementor-element elementor-element-2afce80 elementor-widget elementor-widget-text-editor\" data-id=\"2afce80\" data-element_type=\"widget\" data-widget_type=\"text-editor.default\">\n\t\t\t\t<div class=\"elementor-widget-container\">\n\t\t\t\t\t\t\t\t<div class=\"elementor-text-editor elementor-clearfix\">\n\t\t\t\tSie d\u00fcrfen ohne vorherige Genehmigung und schriftliche Erlaubnis keine Frames auf unseren Websites erstellen, die die visuelle Pr\u00e4sentation oder das Erscheinungsbild unserer Website in irgendeiner Weise ver\u00e4ndern.\t\t\t\t\t<\/div>\n\t\t\t\t\t\t<\/div>\n\t\t\t\t<\/div>\n\t\t\t\t<div class=\"elementor-element elementor-element-b033c61 elementor-widget elementor-widget-heading\" data-id=\"b033c61\" data-element_type=\"widget\" data-widget_type=\"heading.default\">\n\t\t\t\t<div class=\"elementor-widget-container\">\n\t\t\t<h2 class=\"elementor-heading-title elementor-size-default\">INHALTLICHE VERANTWORTUNG<\/h2>\t\t<\/div>\n\t\t\t\t<\/div>\n\t\t\t\t<div class=\"elementor-element elementor-element-487f948 elementor-widget elementor-widget-text-editor\" data-id=\"487f948\" data-element_type=\"widget\" data-widget_type=\"text-editor.default\">\n\t\t\t\t<div class=\"elementor-widget-container\">\n\t\t\t\t\t\t\t\t<div class=\"elementor-text-editor elementor-clearfix\">\n\t\t\t\tWir sind nicht verantwortlich f\u00fcr Inhalte, die auf Ihrer Website erscheinen. Sie stimmen zu, uns gegen alle Anspr\u00fcche, die auf Ihrer Website erscheinen, zu sch\u00fctzen und zu verteidigen. Kein Link darf auf einer Website erscheinen, der als falsch, obsz\u00f6n oder kriminell ausgelegt werden k\u00f6nnte oder der die Rechte Dritter verletzt, anderweitig verletzt oder eine Verletzung oder sonstige Verletzung der Rechte Dritter bef\u00fcrwortet.\t\t\t\t\t<\/div>\n\t\t\t\t\t\t<\/div>\n\t\t\t\t<\/div>\n\t\t\t\t<div class=\"elementor-element elementor-element-9c63e50 elementor-widget elementor-widget-heading\" data-id=\"9c63e50\" data-element_type=\"widget\" data-widget_type=\"heading.default\">\n\t\t\t\t<div class=\"elementor-widget-container\">\n\t\t\t<h2 class=\"elementor-heading-title elementor-size-default\">Vorbehalt der Rechte<\/h2>\t\t<\/div>\n\t\t\t\t<\/div>\n\t\t\t\t<div class=\"elementor-element elementor-element-ccbda31 elementor-widget elementor-widget-text-editor\" data-id=\"ccbda31\" data-element_type=\"widget\" data-widget_type=\"text-editor.default\">\n\t\t\t\t<div class=\"elementor-widget-container\">\n\t\t\t\t\t\t\t\t<div class=\"elementor-text-editor elementor-clearfix\">\n\t\t\t\tWir behalten uns das Recht vor, Sie aufzufordern, alle Links oder einen bestimmten Link zu unserer Website zu entfernen. Sie erkl\u00e4ren sich damit einverstanden, alle Links zu unserer Website auf Anfrage sofort zu entfernen. Wir behalten uns auch das Recht vor, diese Gesch\u00e4ftsbedingungen, die die Richtlinie verlinken, jederzeit zu \u00e4ndern. Durch die st\u00e4ndige Verlinkung zu unserer Website erkl\u00e4ren Sie sich damit einverstanden, an diese Bedingungen gebunden zu sein und sie einzuhalten.\t\t\t\t\t<\/div>\n\t\t\t\t\t\t<\/div>\n\t\t\t\t<\/div>\n\t\t\t\t<div class=\"elementor-element elementor-element-6a4417a elementor-widget elementor-widget-heading\" data-id=\"6a4417a\" data-element_type=\"widget\" data-widget_type=\"heading.default\">\n\t\t\t\t<div class=\"elementor-widget-container\">\n\t\t\t<h2 class=\"elementor-heading-title elementor-size-default\">Entfernen von Links von unserer Website<\/h2>\t\t<\/div>\n\t\t\t\t<\/div>\n\t\t\t\t<div class=\"elementor-element elementor-element-79f1f4e elementor-widget elementor-widget-text-editor\" data-id=\"79f1f4e\" data-element_type=\"widget\" data-widget_type=\"text-editor.default\">\n\t\t\t\t<div class=\"elementor-widget-container\">\n\t\t\t\t\t\t\t\t<div class=\"elementor-text-editor elementor-clearfix\">\n\t\t\t\t\nWenn Sie auf unserer Website einen Link finden, der aus irgendeinem Grund anst\u00f6\u00dfig ist, k\u00f6nnen Sie uns jederzeit kontaktieren und uns dies mitteilen. Wir werden Anfragen zur Entfernung von Links pr\u00fcfen, sind aber nicht verpflichtet, direkt darauf zu antworten. Wir garantieren nicht, dass die Informationen auf dieser Website korrekt sind, wir garantieren nicht ihre Vollst\u00e4ndigkeit oder Genauigkeit; noch versprechen wir sicherzustellen, dass die Website verf\u00fcgbar bleibt oder dass das Material auf der Website auf dem neuesten Stand gehalten wird.\t\t\t\t\t<\/div>\n\t\t\t\t\t\t<\/div>\n\t\t\t\t<\/div>\n\t\t\t\t<div class=\"elementor-element elementor-element-62d2c32 elementor-widget elementor-widget-heading\" data-id=\"62d2c32\" data-element_type=\"widget\" data-widget_type=\"heading.default\">\n\t\t\t\t<div class=\"elementor-widget-container\">\n\t\t\t<h2 class=\"elementor-heading-title elementor-size-default\">Haftungsausschluss<\/h2>\t\t<\/div>\n\t\t\t\t<\/div>\n\t\t\t\t<div class=\"elementor-element elementor-element-3241ac5 elementor-widget elementor-widget-text-editor\" data-id=\"3241ac5\" data-element_type=\"widget\" data-widget_type=\"text-editor.default\">\n\t\t\t\t<div class=\"elementor-widget-container\">\n\t\t\t\t\t\t\t\t<div class=\"elementor-text-editor elementor-clearfix\">\n\t\t\t\t<p>Soweit nach geltendem Recht zul\u00e4ssig, schlie\u00dfen wir alle Zusicherungen, Gew\u00e4hrleistungen und Bedingungen in Bezug auf unsere Website und die Nutzung dieser Website in vollem Umfang aus. Nichts in diesem Haftungsausschluss wird dies tun:<\/p><p style=\"padding-left: 40px;\">- unsere oder Ihre Haftung f\u00fcr Tod oder K\u00f6rperverletzung einschr\u00e4nken oder ausschlie\u00dfen;<br \/>- unsere oder Ihre Haftung f\u00fcr Betrug oder falsche T\u00e4uschung einzuschr\u00e4nken oder auszuschlie\u00dfen;<br \/>- unsere oder Ihre Verpflichtungen in irgendeiner Weise einschr\u00e4nken, die nach geltendem Recht nicht zul\u00e4ssig ist; aber<br \/>- Schlie\u00dfen Sie alle unsere oder Ihre Verpflichtungen aus, die nach geltendem Recht nicht ausgeschlossen werden d\u00fcrfen.<\/p><p>Die Haftungsbeschr\u00e4nkungen und -verbote, die in diesem Abschnitt und an anderer Stelle in diesem Verbot festgelegt sind, gelten: (a) gelten im vorhergehenden Absatz; und (b) regeln alle Verpflichtungen, die sich aus dem Haftungsausschluss ergeben, einschlie\u00dflich vertraglicher Verpflichtungen aus dem Vertrag, Schadenersatz und Verletzung der Rechtspflicht.<\/p><p>Bis die Website und die Informationen und Dienste auf der Website kostenlos zur Verf\u00fcgung gestellt werden, haften wir nicht f\u00fcr Verluste oder Sch\u00e4den.<\/p>\t\t\t\t\t<\/div>\n\t\t\t\t\t\t<\/div>\n\t\t\t\t<\/div>\n\t\t\t\t<div class=\"elementor-element elementor-element-3004e4c elementor-widget elementor-widget-heading\" data-id=\"3004e4c\" data-element_type=\"widget\" data-widget_type=\"heading.default\">\n\t\t\t\t<div class=\"elementor-widget-container\">\n\t\t\t<h2 class=\"elementor-heading-title elementor-size-default\">Au\u00dfergerichtliche Beilegung von Verbraucherstreitigkeiten<\/h2>\t\t<\/div>\n\t\t\t\t<\/div>\n\t\t\t\t<div class=\"elementor-element elementor-element-d1c3565 elementor-widget elementor-widget-text-editor\" data-id=\"d1c3565\" data-element_type=\"widget\" data-widget_type=\"text-editor.default\">\n\t\t\t\t<div class=\"elementor-widget-container\">\n\t\t\t\t\t\t\t\t<div class=\"elementor-text-editor elementor-clearfix\">\n\t\t\t\t<p>In \u00dcbereinstimmung mit den Rechtsnormen hat das Unternehmen <b> SCH\u00d6NHEITSZENTRUM DINO &amp; DINO, DINO IVANU\u0160A SP <\/b> erkennt keinen Anbieter einer au\u00dfergerichtlichen Beilegung von Verbraucherstreitigkeiten als zust\u00e4ndig f\u00fcr die Beilegung von Verbraucherstreitigkeiten an, die vom Verbraucher gem\u00e4\u00df dem Gesetz \u00fcber die au\u00dfergerichtliche Beilegung von Verbraucherstreitigkeiten eingeleitet werden k\u00f6nnten. Als Anbieter von Waren und Dienstleistungen ver\u00f6ffentlicht das Unternehmen auf seiner Website einen elektronischen Link zur Online-Plattform zur Beilegung von Verbraucherrechtsstreitigkeiten (SRPS). Die Plattform steht den Konsumenten unter einem elektronischen Link http:\/\/ec.europa.eu\/odr zur Verf\u00fcgung. Diese Regelungen ergeben sich aus dem Gesetz \u00fcber die aussergerichtliche Beilegung von Verbraucherstreitigkeiten, Verordnung (EU) Nr. Verordnung (EG) Nr. 524\/2013 des Europ\u00e4ischen Parlaments und des Rates \u00fcber die Online-Beilegung von Verbraucherrechtsstreitigkeiten und zur \u00c4nderung der Verordnung (EG) Nr. 2016\/2004 und der Richtlinie 2009\/22 \/ EG<\/p>\t\t\t\t\t<\/div>\n\t\t\t\t\t\t<\/div>\n\t\t\t\t<\/div>\n\t\t\t\t\t\t<\/div>\n\t\t\t\t\t<\/div>\n\t\t<\/div>\n\t\t\t\t\t\t\t\t<\/div>\n\t\t\t\t\t<\/div>\n\t\t<\/section>\n\t\t\t\t\t\t\t\t\t<\/div>\n\t\t\t<\/div>\n\t\t\t\t\t<\/div>","protected":false},"excerpt":{"rendered":"<p>Terms of conditions GENERAL TERMS OF USE Welcome to wellnessaspara.com! These terms and conditions describe the rules and regulations for use for the website BEAUTY CENTER DINO &amp; amp; DINO, DINO IVANU\u0160A SP , located at https: \/\/ wellnessaspara .com By accessing this site, we assume that you accept these[&#8230;]<\/p>","protected":false},"author":1,"featured_media":0,"parent":0,"menu_order":0,"comment_status":"closed","ping_status":"closed","template":"template-builder.php","meta":[],"_links":{"self":[{"href":"https:\/\/wellnessaspara.com\/de\/wp-json\/wp\/v2\/pages\/1578"}],"collection":[{"href":"https:\/\/wellnessaspara.com\/de\/wp-json\/wp\/v2\/pages"}],"about":[{"href":"https:\/\/wellnessaspara.com\/de\/wp-json\/wp\/v2\/types\/page"}],"author":[{"embeddable":true,"href":"https:\/\/wellnessaspara.com\/de\/wp-json\/wp\/v2\/users\/1"}],"replies":[{"embeddable":true,"href":"https:\/\/wellnessaspara.com\/de\/wp-json\/wp\/v2\/comments?post=1578"}],"version-history":[{"count":11,"href":"https:\/\/wellnessaspara.com\/de\/wp-json\/wp\/v2\/pages\/1578\/revisions"}],"predecessor-version":[{"id":2799,"href":"https:\/\/wellnessaspara.com\/de\/wp-json\/wp\/v2\/pages\/1578\/revisions\/2799"}],"wp:attachment":[{"href":"https:\/\/wellnessaspara.com\/de\/wp-json\/wp\/v2\/media?parent=1578"}],"curies":[{"name":"wp","href":"https:\/\/api.w.org\/{rel}","templated":true}]}}