{"id":1002,"date":"2020-01-15T01:18:17","date_gmt":"2020-01-15T01:18:17","guid":{"rendered":"https:\/\/wellnessaspara.com\/?page_id=1002"},"modified":"2020-10-06T06:47:02","modified_gmt":"2020-10-06T06:47:02","slug":"purchase-and-use-of-gift-vouchers","status":"publish","type":"page","link":"https:\/\/wellnessaspara.com\/de\/purchase-and-use-of-gift-vouchers\/","title":{"rendered":"Kauf und Verwendung von Geschenkgutscheinen"},"content":{"rendered":"<div data-elementor-type=\"wp-page\" data-elementor-id=\"1002\" class=\"elementor elementor-1002\">\n\t\t\t\t\t\t<div class=\"elementor-inner\">\n\t\t\t\t<div class=\"elementor-section-wrap\">\n\t\t\t\t\t\t\t\t\t<section class=\"elementor-section elementor-top-section elementor-element elementor-element-deb0585 elementor-section-boxed elementor-section-height-default elementor-section-height-default\" data-id=\"deb0585\" data-element_type=\"section\">\n\t\t\t\t\t\t<div class=\"elementor-container elementor-column-gap-default\">\n\t\t\t\t\t\t\t<div class=\"elementor-row\">\n\t\t\t\t\t<div class=\"elementor-column elementor-col-100 elementor-top-column elementor-element elementor-element-dce8285\" data-id=\"dce8285\" data-element_type=\"column\">\n\t\t\t<div class=\"elementor-column-wrap elementor-element-populated\">\n\t\t\t\t\t\t\t<div class=\"elementor-widget-wrap\">\n\t\t\t\t\t\t<div class=\"elementor-element elementor-element-3c241bb elementor-widget elementor-widget-heading\" data-id=\"3c241bb\" data-element_type=\"widget\" data-widget_type=\"heading.default\">\n\t\t\t\t<div class=\"elementor-widget-container\">\n\t\t\t<h1 class=\"elementor-heading-title elementor-size-default\">Kauf und Verwendung von Geschenkgutscheinen<\/h1>\t\t<\/div>\n\t\t\t\t<\/div>\n\t\t\t\t\t\t<\/div>\n\t\t\t\t\t<\/div>\n\t\t<\/div>\n\t\t\t\t\t\t\t\t<\/div>\n\t\t\t\t\t<\/div>\n\t\t<\/section>\n\t\t\t\t<section class=\"elementor-section elementor-top-section elementor-element elementor-element-15166b7 elementor-section-boxed elementor-section-height-default elementor-section-height-default\" data-id=\"15166b7\" data-element_type=\"section\">\n\t\t\t\t\t\t<div class=\"elementor-container elementor-column-gap-default\">\n\t\t\t\t\t\t\t<div class=\"elementor-row\">\n\t\t\t\t\t<div class=\"elementor-column elementor-col-100 elementor-top-column elementor-element elementor-element-d14d96f\" data-id=\"d14d96f\" data-element_type=\"column\">\n\t\t\t<div class=\"elementor-column-wrap elementor-element-populated\">\n\t\t\t\t\t\t\t<div class=\"elementor-widget-wrap\">\n\t\t\t\t\t\t<div class=\"elementor-element elementor-element-0ca6dbc elementor-widget elementor-widget-text-editor\" data-id=\"0ca6dbc\" data-element_type=\"widget\" data-widget_type=\"text-editor.default\">\n\t\t\t\t<div class=\"elementor-widget-container\">\n\t\t\t\t\t\t\t\t<div class=\"elementor-text-editor elementor-clearfix\">\n\t\t\t\t<p>Entscheiden Sie sich f\u00fcr einen Kauf oder haben Sie unseren Gutschein als Geschenk erhalten und m\u00f6chten mehr wissen?<br \/>Die Einkaufs- und Nutzungsbedingungen sind unten aufgef\u00fchrt.<\/p><p>DER GESCHENKGUTSCHEIN KANN VON EINER NAT\u00dcRLICHEN ODER JURISTISCHEN PERSON AN DER WELLNESS-REZEPTION ERWORBEN WERDEN.<\/p><p>DER GESCHENKGUTSCHEIN KANN AUCH \u00dcBER DIE WEBSITE www.shop.wellnessaspara.com BESTELLT WERDEN.<br \/>WELLNESS ASPARE ODER PER E-MAIL UND TELEFON.<\/p><p>DER GUTSCHEIN KANN BAR, PER KARTE ODER PER \u00dcBERWEISUNG AUF DAS TRR DES UNTERNEHMENS BEZAHLT WERDEN.<\/p><p>DER GESCHENKGUTSCHEIN IST AB DEM TAG DES KAUFS 3 MONATE LANG G\u00dcLTIG (DAS DATUM IST AUF DEM GESCHENKGUTSCHEIN VERMERKT).<\/p><p>DER GESCHENKGUTSCHEIN KANN INNERHALB DER G\u00dcLTIGKEIT DES GESCHENKGUTSCHEINS UM BIS ZU 3 MONATE VERL\u00c4NGERT WERDEN.<\/p><p>K\u00d6NNEN SIE IHREN GUTSCHEIN UNTER DER TELEFONNUMMER 040 494 444 ODER PERS\u00d6NLICH AN DER WELLNESS-REZEPTION VERL\u00c4NGERN.<\/p><p>IN AUSSERGEW\u00d6HNLICHEN F\u00c4LLEN (VERLETZUNGEN, SCHWANGERSCHAFT....) KANN DER GESCHENKGUTSCHEIN AUSNAHMSWEISE INNERHALB DER G\u00dcLTIGKEIT BIS ZU 1 JAHR VERL\u00c4NGERT WERDEN.<\/p><p>DIE VORRESERVIERUNG DER DIENSTLEISTUNG MIT EINEM GUTSCHEIN IST OBLIGATORISCH.<br \/>BEI DER RESERVIERUNG IST ES OBLIGATORISCH, DIE NUMMER DES GESCHENKGUTSCHEINS ANZUGEBEN, SONST IST ES NICHT M\u00d6GLICH, DIE DIENSTLEISTUNG ZU BESTELLEN.<\/p><p>F\u00dcR DEN FALL, DASS DIE RESERVIERUNG NICHT ZUSTANDE KOMMT, DER KUNDE ABER NICHT STORNIERT, WIRD DER GUTSCHEIN WIEDERHOLT.<\/p><p>DIE RESERVIERUNG MUSS MINDESTENS 24 STUNDEN VOR DEM VEREINBARTEN TERMIN STORNIERT WERDEN, ANDERNFALLS GILT DER GESCHENKGUTSCHEIN ALS REDUZIERT.<\/p><p>DER GESCHENKGUTSCHEIN KANN GEGEN EINE ANDERE DIENSTLEISTUNG DER GLEICHEN KATEGORIE EINGETAUSCHT WERDEN (KOSMETIK - KOSMETIK; FITNESS - FITNESS...)<\/p><p>DER GESCHENKGUTSCHEIN F\u00dcR DIE GENANNTE LEISTUNG KANN 1X EINGEL\u00d6ST WERDEN.<\/p><p>DER EINGEL\u00d6STE GESCHENKGUTSCHEIN WIRD IN DER WELLNESS-REZEPTION AUFBEWAHRT.<\/p><p><em>Die Begrenzung der G\u00fcltigkeit von Geschenkgutscheinen ist sinnvoll und muss kontrolliert werden. Der Geschenkgutschein ist 3 Monate g\u00fcltig, da es sinnvoll ist, die erbrachten Leistungen zu \u00fcberpr\u00fcfen und gleichzeitig eine Statistik \u00fcber zur\u00fcckgegebene Geschenkgutscheine zu f\u00fchren. Es ist ein Wunsch, die Gutscheine st\u00e4rker zu nutzen. Es kommt oft vor, dass Menschen Gutscheine vergessen oder verlieren oder. auf Lager, weil die Fristen f\u00fcr die Verwendung zu lang sind.<\/em><\/p><p><em>Wir werden unser Bestes tun, damit der Gutschein seinen Zweck erf\u00fcllt.<\/em><\/p><p><em>Danke, dass Sie sich f\u00fcr uns entschieden haben.<\/em><\/p><p><em>Aspara TEAM.<\/em><\/p>\t\t\t\t\t<\/div>\n\t\t\t\t\t\t<\/div>\n\t\t\t\t<\/div>\n\t\t\t\t\t\t<\/div>\n\t\t\t\t\t<\/div>\n\t\t<\/div>\n\t\t\t\t\t\t\t\t<\/div>\n\t\t\t\t\t<\/div>\n\t\t<\/section>\n\t\t\t\t\t\t\t\t\t<\/div>\n\t\t\t<\/div>\n\t\t\t\t\t<\/div>","protected":false},"excerpt":{"rendered":"<p>Nakup in kori\u0161\u010danje Darilnih Bonov Se odlo\u010date za nakup ali pa ste v dar prejeli na\u0161 darilni bon in \u017eelite izvedeti ve\u010d?Spodaj so navedeni pogoji nakupa in kori\u0161\u010denja. DARILNI BON LAHKO KUPI FIZI\u010cNA ALI PRAVNA OSEBA NA RECEPCIJI WELLNESSA. DARILNI BON JE MO\u017dNO NARO\u010cITI TUDI NA SPLETNI STRANI www.shop.wellnessaspara.comWELLNESSA ASPARE[&#8230;]<\/p>","protected":false},"author":1,"featured_media":1512,"parent":0,"menu_order":0,"comment_status":"closed","ping_status":"closed","template":"template-builder.php","meta":[],"_links":{"self":[{"href":"https:\/\/wellnessaspara.com\/de\/wp-json\/wp\/v2\/pages\/1002"}],"collection":[{"href":"https:\/\/wellnessaspara.com\/de\/wp-json\/wp\/v2\/pages"}],"about":[{"href":"https:\/\/wellnessaspara.com\/de\/wp-json\/wp\/v2\/types\/page"}],"author":[{"embeddable":true,"href":"https:\/\/wellnessaspara.com\/de\/wp-json\/wp\/v2\/users\/1"}],"replies":[{"embeddable":true,"href":"https:\/\/wellnessaspara.com\/de\/wp-json\/wp\/v2\/comments?post=1002"}],"version-history":[{"count":10,"href":"https:\/\/wellnessaspara.com\/de\/wp-json\/wp\/v2\/pages\/1002\/revisions"}],"predecessor-version":[{"id":2688,"href":"https:\/\/wellnessaspara.com\/de\/wp-json\/wp\/v2\/pages\/1002\/revisions\/2688"}],"wp:featuredmedia":[{"embeddable":true,"href":"https:\/\/wellnessaspara.com\/de\/wp-json\/wp\/v2\/media\/1512"}],"wp:attachment":[{"href":"https:\/\/wellnessaspara.com\/de\/wp-json\/wp\/v2\/media?parent=1002"}],"curies":[{"name":"wp","href":"https:\/\/api.w.org\/{rel}","templated":true}]}}